{"id":141879,"date":"2021-05-27T16:41:43","date_gmt":"2021-05-27T14:41:43","guid":{"rendered":"https:\/\/www.boardlife.se\/?post_type=product&#038;p=141879"},"modified":"2024-08-02T09:52:35","modified_gmt":"2024-08-02T07:52:35","slug":"poulie-de-moyeu-dentrainement-exway-flex-wave-riot-a-10-trous","status":"publish","type":"product","link":"https:\/\/www.boardlife.se\/fr\/boutique\/skateboard-electrique\/pieces-detachees-electriques\/poulies-dengrenages-dentrainement\/poulie-de-moyeu-dentrainement-exway-flex-wave-riot-a-10-trous\/","title":{"rendered":"Poulie de moyeu d&#039;entra\u00eenement Exway Flex\/Wave\/Max Riot 10 trous"},"content":{"rendered":"<p>F&ouml;r dig som anv&auml;nder en Exway <a class=\"glossaryLink cmtt_Snowboard\"  aria-describedby=\"tt\"  data-cmtooltip=\"&lt;div class=glossaryItemTitle&gt;Flex&lt;\/div&gt;&lt;div class=glossaryItemBody&gt;I huvudsak menar man b&ouml;jbarheten p&aring; br&auml;dan.&lt;\/div&gt;&lt;div class=glossaryTooltipMoreLinkWrapper&gt;&lt;a class=glossaryTooltipMoreLink href=https:\/\/www.boardlife.se\/fr\/glossaire\/flechir\/ &gt;L&auml;s mer&lt;\/a&gt;&lt;\/div&gt;\"  href=\"https:\/\/www.boardlife.se\/fr\/glossaire\/flechir\/\"  data-mobile-support=\"0\"  data-gt-translate-attributes='[{\"attribute\":\"data-cmtooltip\", \"format\":\"html\"}]'>Fl\u00e9chir<\/a> eller Wave Riot men som vill kunna byta hjul s&aring; kan du beh&ouml;va en annan drivhub eller s&aring; kallad pulley till dina hjul. Exways egna hjul har en ventilerad k&auml;rna med 12 h&aring;l d&auml;r din medf&ouml;ljande hub som standard passar. Vill du kunna byta till hjul fr&aring;n ett annat m&auml;rke beh&ouml;ver du en ny drivhub som passar hjul fr&aring;n dessa m&auml;rken. Men en 10-hole pulley kan du v&auml;lja hjul fr&aring;n Orangatang (Kegel &amp; Caguama), Boosted och Inboard.<\/p>\n<p>Ce qui distingue V1 de V2 est que V2 est plus large car Flex et Wave utilisent des courroies de moteur plus larges de 15 mm.<\/p>","protected":false},"excerpt":{"rendered":"<p>F\u00f6r dig som vill kunna \u00e5ka p\u00e5 hjul fr\u00e5n Orangatang (Kegel &amp; Caguama), Boosted och Inboard p\u00e5 din Exway Flex eller Wave Riot s\u00e5 kr\u00e4vs att du har en annan typ av drive gear pulley (10-hole). En enkel justering f\u00f6r att kunna v\u00e4lja det favorithjul som du f\u00f6redrar. S\u00e4ljs i en n\u00e4tt liten l\u00e5da d\u00e4r tv\u00e5 hubbar kommer med. Allts\u00e5 beh\u00f6ver du bara ett paket f\u00f6r att ha till b\u00e5da hjulen.<\/p>\n<p>Exways V2 Pulley \u00e4r avsedd f\u00f6r modellerna Flex och Wave som b\u00e5da anv\u00e4nder 15mm tjocka drivremmar.<\/p>","protected":false},"featured_media":141877,"comment_status":"open","ping_status":"closed","template":"","meta":[],"product_brand":[],"product_cat":[2267],"product_tag":[],"class_list":{"0":"post-141879","1":"product","2":"type-product","3":"status-publish","4":"has-post-thumbnail","6":"product_cat-drive-gears-pulleys","7":"pa_manufacturer-exway","9":"first","10":"instock","11":"taxable","12":"shipping-taxable","13":"purchasable","14":"product-type-simple"},"composite_virtual":false,"composite_layout":"","composite_add_to_cart_form_location":"","composite_editable_in_cart":false,"composite_sold_individually_context":"","composite_shop_price_calc":"","composite_components":[],"composite_scenarios":[],"jetpack_sharing_enabled":true,"_links":{"self":[{"href":"https:\/\/www.boardlife.se\/fr\/wp-json\/wp\/v2\/product\/141879","targetHints":{"allow":["GET"]}}],"collection":[{"href":"https:\/\/www.boardlife.se\/fr\/wp-json\/wp\/v2\/product"}],"about":[{"href":"https:\/\/www.boardlife.se\/fr\/wp-json\/wp\/v2\/types\/product"}],"replies":[{"embeddable":true,"href":"https:\/\/www.boardlife.se\/fr\/wp-json\/wp\/v2\/comments?post=141879"}],"wp:featuredmedia":[{"embeddable":true,"href":"https:\/\/www.boardlife.se\/fr\/wp-json\/wp\/v2\/media\/141877"}],"wp:attachment":[{"href":"https:\/\/www.boardlife.se\/fr\/wp-json\/wp\/v2\/media?parent=141879"}],"wp:term":[{"taxonomy":"product_brand","embeddable":true,"href":"https:\/\/www.boardlife.se\/fr\/wp-json\/wp\/v2\/product_brand?post=141879"},{"taxonomy":"product_cat","embeddable":true,"href":"https:\/\/www.boardlife.se\/fr\/wp-json\/wp\/v2\/product_cat?post=141879"},{"taxonomy":"product_tag","embeddable":true,"href":"https:\/\/www.boardlife.se\/fr\/wp-json\/wp\/v2\/product_tag?post=141879"}],"curies":[{"name":"wp","href":"https:\/\/api.w.org\/{rel}","templated":true}]}}