{"id":141637,"date":"2021-06-01T15:49:00","date_gmt":"2021-06-01T13:49:00","guid":{"rendered":"https:\/\/www.boardlife.se\/?post_type=product&#038;p=141637"},"modified":"2025-10-21T11:12:37","modified_gmt":"2025-10-21T09:12:37","slug":"santa-cruz-slime-balls-vomit-mini-ii-97a-54mm-yellow","status":"publish","type":"product","link":"https:\/\/www.boardlife.se\/fr\/boutique\/skateboard\/composants-de-skateboard\/roues-de-skateboard\/santa-cruz-slime-balls-vomit-mini-ii-97a-54mm-yellow\/","title":{"rendered":"Boules de slime Santa Cruz Vomit Mini II 97a 54 mm Jaune"},"content":{"rendered":"<p>Les Slime Balls vous ram\u00e8nent aux roues originales des ann\u00e9es 80, mais dans une version revisit\u00e9e et une formule bien pens\u00e9e. Les Santa Cruz Slime Balls Vomit Mini II offrent une bonne adh\u00e9rence et un durom\u00e8tre confortable de 97a. Quoi qu&#039;il en soit, ces roues ne sont pas seulement un accessoire pour rouler, elles sont une v\u00e9ritable d\u00e9claration.<\/p>\n<p>DESCRIPTION:<br>\nRevenez au bon vieux temps. Les Slime Balls sont un classique !<\/p>\n<p>CARACT\u00c9RISTIQUES DU PRODUIT<br>\nWheel Size: 54mm<br>\nSurface de conduite : lisse<br>\nType de glisse : Street\/Skatepark<\/p>","protected":false},"excerpt":{"rendered":"<p>Roues Santa Cruz de la l\u00e9gendaire s\u00e9rie Slime Balls Vomit. Un concept gagnant depuis les ann\u00e9es 80, mais avec une formule d\u00e9jant\u00e9e. 54 mm et 97a\u00a0: des roues non seulement superbes, mais aussi une touche street.<\/p>\n<p>Vous avez bien s\u00fbr quatre roues m\u00eame si les photos n&#039;en montrent qu&#039;une \ud83d\ude42<\/p>","protected":false},"featured_media":141638,"comment_status":"open","ping_status":"closed","template":"","meta":[],"product_brand":[2606],"product_cat":[967],"product_tag":[2414],"class_list":{"0":"post-141637","1":"product","2":"type-product","3":"status-publish","4":"has-post-thumbnail","6":"product_brand-santa-cruz","7":"product_cat-wheels-skateboard","8":"product_tag-jeremy-knibbs","9":"pa_diameter-54mm","10":"pa_durometer-97a","11":"pa_manufacturer-santa-cruz","13":"first","14":"outofstock","15":"taxable","16":"shipping-taxable","17":"purchasable","18":"product-type-simple"},"composite_virtual":false,"composite_layout":"","composite_add_to_cart_form_location":"","composite_editable_in_cart":false,"composite_sold_individually_context":"","composite_shop_price_calc":"","composite_components":[],"composite_scenarios":[],"jetpack_sharing_enabled":true,"_links":{"self":[{"href":"https:\/\/www.boardlife.se\/fr\/wp-json\/wp\/v2\/product\/141637","targetHints":{"allow":["GET"]}}],"collection":[{"href":"https:\/\/www.boardlife.se\/fr\/wp-json\/wp\/v2\/product"}],"about":[{"href":"https:\/\/www.boardlife.se\/fr\/wp-json\/wp\/v2\/types\/product"}],"replies":[{"embeddable":true,"href":"https:\/\/www.boardlife.se\/fr\/wp-json\/wp\/v2\/comments?post=141637"}],"wp:featuredmedia":[{"embeddable":true,"href":"https:\/\/www.boardlife.se\/fr\/wp-json\/wp\/v2\/media\/141638"}],"wp:attachment":[{"href":"https:\/\/www.boardlife.se\/fr\/wp-json\/wp\/v2\/media?parent=141637"}],"wp:term":[{"taxonomy":"product_brand","embeddable":true,"href":"https:\/\/www.boardlife.se\/fr\/wp-json\/wp\/v2\/product_brand?post=141637"},{"taxonomy":"product_cat","embeddable":true,"href":"https:\/\/www.boardlife.se\/fr\/wp-json\/wp\/v2\/product_cat?post=141637"},{"taxonomy":"product_tag","embeddable":true,"href":"https:\/\/www.boardlife.se\/fr\/wp-json\/wp\/v2\/product_tag?post=141637"}],"curies":[{"name":"wp","href":"https:\/\/api.w.org\/{rel}","templated":true}]}}