{"id":140337,"date":"2021-04-30T10:01:46","date_gmt":"2021-04-30T08:01:46","guid":{"rendered":"https:\/\/www.boardlife.se\/?post_type=product&#038;p=140337"},"modified":"2021-08-12T15:40:37","modified_gmt":"2021-08-12T13:40:37","slug":"santa-cruz-excess-work-shirt-ink-blue-check","status":"publish","type":"product","link":"https:\/\/www.boardlife.se\/fr\/boutique\/vetements-de-rue\/chemises\/santa-cruz-excess-work-shirt-ink-blue-check\/","title":{"rendered":"Chemise de travail Santa Cruz Excess - Carreaux bleu encre"},"content":{"rendered":"<p>En klassisk modell p&aring; skjorta fr&aring;n Santa Cruz i 100% bomull. Regular fit, long sleeve och i flanell. Du f&aring;r n&aring;gra diskreta m&auml;rkningar med Santa Cruz p&aring; skjortan som g&ouml;r den &auml;n mer full av pondus.<\/p>","protected":false},"excerpt":{"rendered":"<p>Chemise \u00e9l\u00e9gante Santa Cruz en coton 100%. Avec son motif et sa couleur intemporels, vous resterez \u00e9l\u00e9gante pendant de nombreuses saisons.<\/p>","protected":false},"featured_media":140426,"comment_status":"open","ping_status":"closed","template":"","meta":[],"product_brand":[2606],"product_cat":[2022],"product_tag":[],"class_list":{"0":"post-140337","1":"product","2":"type-product","3":"status-publish","4":"has-post-thumbnail","6":"product_brand-santa-cruz","7":"product_cat-skjortor","8":"pa_manufacturer-santa-cruz","9":"pa_storlekar-l","10":"pa_storlekar-m","11":"pa_storlekar-s","12":"pa_storlekar-xl","14":"first","15":"instock","16":"sale","17":"taxable","18":"shipping-taxable","19":"purchasable","20":"product-type-variable","21":"has-default-attributes"},"composite_virtual":false,"composite_layout":"","composite_add_to_cart_form_location":"","composite_editable_in_cart":false,"composite_sold_individually_context":"","composite_shop_price_calc":"","composite_components":[],"composite_scenarios":[],"jetpack_sharing_enabled":true,"_links":{"self":[{"href":"https:\/\/www.boardlife.se\/fr\/wp-json\/wp\/v2\/product\/140337","targetHints":{"allow":["GET"]}}],"collection":[{"href":"https:\/\/www.boardlife.se\/fr\/wp-json\/wp\/v2\/product"}],"about":[{"href":"https:\/\/www.boardlife.se\/fr\/wp-json\/wp\/v2\/types\/product"}],"replies":[{"embeddable":true,"href":"https:\/\/www.boardlife.se\/fr\/wp-json\/wp\/v2\/comments?post=140337"}],"wp:featuredmedia":[{"embeddable":true,"href":"https:\/\/www.boardlife.se\/fr\/wp-json\/wp\/v2\/media\/140426"}],"wp:attachment":[{"href":"https:\/\/www.boardlife.se\/fr\/wp-json\/wp\/v2\/media?parent=140337"}],"wp:term":[{"taxonomy":"product_brand","embeddable":true,"href":"https:\/\/www.boardlife.se\/fr\/wp-json\/wp\/v2\/product_brand?post=140337"},{"taxonomy":"product_cat","embeddable":true,"href":"https:\/\/www.boardlife.se\/fr\/wp-json\/wp\/v2\/product_cat?post=140337"},{"taxonomy":"product_tag","embeddable":true,"href":"https:\/\/www.boardlife.se\/fr\/wp-json\/wp\/v2\/product_tag?post=140337"}],"curies":[{"name":"wp","href":"https:\/\/api.w.org\/{rel}","templated":true}]}}