{"id":14029,"date":"2014-03-01T19:41:37","date_gmt":"2014-03-01T18:41:37","guid":{"rendered":"http:\/\/boardlife.se\/?post_type=product&#038;p=14029"},"modified":"2023-06-07T12:23:28","modified_gmt":"2023-06-07T10:23:28","slug":"creme-bones-speed-2","status":"publish","type":"product","link":"https:\/\/www.boardlife.se\/fr\/boutique\/skateboard\/composants-de-skateboard\/roulements-de-skateboard\/creme-bones-speed-2\/","title":{"rendered":"Cr\u00e8me Bones Speed"},"content":{"rendered":"<p>Huile sp\u00e9ciale Bones pour roulements \u00e0 billes. Une goutte suffit.<\/p>\n<p>C&#039;est \u00e0 l&#039;int\u00e9rieur ouvert o\u00f9 vous voyez les billes ou sur la plaque de protection avec des petits trous que vous devez faire couler l&#039;huile, pas \u00e0 l&#039;ext\u00e9rieur si elle est scell\u00e9e avec un joint en caoutchouc.<\/p>\n<p>Sur les mod\u00e8les SKF Explorer et Energy, il n&#039;y a pas de probl\u00e8me de fuites \u00e0 l&#039;ext\u00e9rieur car le bouclier est dot\u00e9 de fentes pour l&#039;huile.<\/p>","protected":false},"excerpt":{"rendered":"<p>Huile sp\u00e9ciale Bones pour roulements \u00e0 billes. Une seule goutte suffit. Versez l&#039;huile goutte \u00e0 goutte \u00e0 l&#039;int\u00e9rieur, l\u00e0 o\u00f9 vous voyez les billes, ou sur la plaque de protection perc\u00e9e de petits trous, et non \u00e0 l&#039;ext\u00e9rieur si elle est scell\u00e9e par un joint en caoutchouc. Sur les mod\u00e8les SKF Explorer et Energy, il est possible de verser l&#039;huile \u00e0 l&#039;ext\u00e9rieur, car cette plaque est munie de fentes pour l&#039;huile.<\/p>","protected":false},"featured_media":14031,"comment_status":"open","ping_status":"closed","template":"","meta":[],"product_brand":[2540],"product_cat":[1307,1310],"product_tag":[889],"class_list":{"0":"post-14029","1":"product","2":"type-product","3":"status-publish","4":"has-post-thumbnail","6":"product_brand-bones-bearings","7":"product_cat-bearings-skateboard","8":"product_cat-service","9":"product_tag-bones","10":"pa_manufacturer-bones","12":"first","13":"outofstock","14":"taxable","15":"shipping-taxable","16":"purchasable","17":"product-type-simple"},"composite_virtual":false,"composite_layout":"","composite_add_to_cart_form_location":"","composite_editable_in_cart":false,"composite_sold_individually_context":"","composite_shop_price_calc":"","composite_components":[],"composite_scenarios":[],"jetpack_sharing_enabled":true,"_links":{"self":[{"href":"https:\/\/www.boardlife.se\/fr\/wp-json\/wp\/v2\/product\/14029","targetHints":{"allow":["GET"]}}],"collection":[{"href":"https:\/\/www.boardlife.se\/fr\/wp-json\/wp\/v2\/product"}],"about":[{"href":"https:\/\/www.boardlife.se\/fr\/wp-json\/wp\/v2\/types\/product"}],"replies":[{"embeddable":true,"href":"https:\/\/www.boardlife.se\/fr\/wp-json\/wp\/v2\/comments?post=14029"}],"wp:featuredmedia":[{"embeddable":true,"href":"https:\/\/www.boardlife.se\/fr\/wp-json\/wp\/v2\/media\/14031"}],"wp:attachment":[{"href":"https:\/\/www.boardlife.se\/fr\/wp-json\/wp\/v2\/media?parent=14029"}],"wp:term":[{"taxonomy":"product_brand","embeddable":true,"href":"https:\/\/www.boardlife.se\/fr\/wp-json\/wp\/v2\/product_brand?post=14029"},{"taxonomy":"product_cat","embeddable":true,"href":"https:\/\/www.boardlife.se\/fr\/wp-json\/wp\/v2\/product_cat?post=14029"},{"taxonomy":"product_tag","embeddable":true,"href":"https:\/\/www.boardlife.se\/fr\/wp-json\/wp\/v2\/product_tag?post=14029"}],"curies":[{"name":"wp","href":"https:\/\/api.w.org\/{rel}","templated":true}]}}