{"id":137240,"date":"2021-05-06T12:24:56","date_gmt":"2021-05-06T10:24:56","guid":{"rendered":"https:\/\/www.boardlife.se\/?post_type=product&#038;p=137240"},"modified":"2025-09-19T18:01:49","modified_gmt":"2025-09-19T16:01:49","slug":"ruban-adhesif-absorbant-les-chocs-exway-x1","status":"publish","type":"product","link":"https:\/\/www.boardlife.se\/fr\/boutique\/skateboard-electrique\/pieces-detachees-electriques\/pieces-detachees-pour-griptape-electrique\/ruban-adhesif-absorbant-les-chocs-exway-x1\/","title":{"rendered":"Ruban adh\u00e9sif absorbant les chocs Exway X1 Pro"},"content":{"rendered":"<p>Griptape imperm\u00e9able pour votre planche \u00e9lectrique, compatible avec le mod\u00e8le Exway X1 Pro. Elle est \u00e9galement dot\u00e9e d&#039;une mousse amortissante pour plus de confort et une meilleure stabilit\u00e9 lorsque la vitesse augmente.<\/p>\n<p>Si vous devez retirer le ruban adh\u00e9sif et le refixer, nous vous recommandons d&#039;utiliser un adh\u00e9sif en spray pour am\u00e9liorer l&#039;adh\u00e9rence si vous le retirez et le refixez plusieurs fois.<\/p>","protected":false},"excerpt":{"rendered":"<p>Grip absorbant les chocs pour le mod\u00e8le Exway X1 Pro. Grip pr\u00e9d\u00e9coup\u00e9 avec mousse amortissante en dessous pour un confort et une adh\u00e9rence optimaux.<\/p>","protected":false},"featured_media":137286,"comment_status":"open","ping_status":"closed","template":"","meta":[],"product_brand":[2558],"product_cat":[2412,202],"product_tag":[],"class_list":{"0":"post-137240","1":"product","2":"type-product","3":"status-publish","4":"has-post-thumbnail","6":"product_brand-exway","7":"product_cat-griptape-electric-spareparts","8":"product_cat-griptape","9":"pa_manufacturer-exway","11":"first","12":"instock","13":"taxable","14":"shipping-taxable","15":"purchasable","16":"product-type-simple"},"composite_virtual":false,"composite_layout":"","composite_add_to_cart_form_location":"","composite_editable_in_cart":false,"composite_sold_individually_context":"","composite_shop_price_calc":"","composite_components":[],"composite_scenarios":[],"jetpack_sharing_enabled":true,"_links":{"self":[{"href":"https:\/\/www.boardlife.se\/fr\/wp-json\/wp\/v2\/product\/137240","targetHints":{"allow":["GET"]}}],"collection":[{"href":"https:\/\/www.boardlife.se\/fr\/wp-json\/wp\/v2\/product"}],"about":[{"href":"https:\/\/www.boardlife.se\/fr\/wp-json\/wp\/v2\/types\/product"}],"replies":[{"embeddable":true,"href":"https:\/\/www.boardlife.se\/fr\/wp-json\/wp\/v2\/comments?post=137240"}],"wp:featuredmedia":[{"embeddable":true,"href":"https:\/\/www.boardlife.se\/fr\/wp-json\/wp\/v2\/media\/137286"}],"wp:attachment":[{"href":"https:\/\/www.boardlife.se\/fr\/wp-json\/wp\/v2\/media?parent=137240"}],"wp:term":[{"taxonomy":"product_brand","embeddable":true,"href":"https:\/\/www.boardlife.se\/fr\/wp-json\/wp\/v2\/product_brand?post=137240"},{"taxonomy":"product_cat","embeddable":true,"href":"https:\/\/www.boardlife.se\/fr\/wp-json\/wp\/v2\/product_cat?post=137240"},{"taxonomy":"product_tag","embeddable":true,"href":"https:\/\/www.boardlife.se\/fr\/wp-json\/wp\/v2\/product_tag?post=137240"}],"curies":[{"name":"wp","href":"https:\/\/api.w.org\/{rel}","templated":true}]}}