{"id":136808,"date":"2021-04-05T12:44:21","date_gmt":"2021-04-05T10:44:21","guid":{"rendered":"https:\/\/www.boardlife.se\/?post_type=product&#038;p=136808"},"modified":"2026-04-28T09:41:36","modified_gmt":"2026-04-28T07:41:36","slug":"grizzly-eli-reed-pro-grip-cheetah","status":"publish","type":"product","link":"https:\/\/www.boardlife.se\/fr\/boutique\/materiel\/ruban-adhesif\/grizzly-eli-reed-pro-grip-cheetah\/","title":{"rendered":"Grizzly Eli Reed Pro Grip Cheeta"},"content":{"rendered":"<p>Comme vous le savez, Grizzly est une marque classique de grip, et pour ceux qui souhaitent sortir des sentiers battus et rendre leur planche encore plus \u00e9l\u00e9gante, il existe un grip super cool avec son motif l\u00e9opard.<\/p>","protected":false},"excerpt":{"rendered":"<p>Personnalisez encore plus votre planche en l&#039;habillant d&#039;un grip l\u00e9opard super cool de Grizzly.<\/p>","protected":false},"featured_media":136810,"comment_status":"open","ping_status":"closed","template":"","meta":[],"product_brand":[2567],"product_cat":[202],"product_tag":[],"class_list":{"0":"post-136808","1":"product","2":"type-product","3":"status-publish","4":"has-post-thumbnail","6":"product_brand-grizzly","7":"product_cat-griptape","8":"pa_manufacturer-grizzly","10":"first","11":"instock","12":"taxable","13":"shipping-taxable","14":"purchasable","15":"product-type-simple"},"composite_virtual":false,"composite_layout":"","composite_add_to_cart_form_location":"","composite_editable_in_cart":false,"composite_sold_individually_context":"","composite_shop_price_calc":"","composite_components":[],"composite_scenarios":[],"jetpack_sharing_enabled":true,"_links":{"self":[{"href":"https:\/\/www.boardlife.se\/fr\/wp-json\/wp\/v2\/product\/136808","targetHints":{"allow":["GET"]}}],"collection":[{"href":"https:\/\/www.boardlife.se\/fr\/wp-json\/wp\/v2\/product"}],"about":[{"href":"https:\/\/www.boardlife.se\/fr\/wp-json\/wp\/v2\/types\/product"}],"replies":[{"embeddable":true,"href":"https:\/\/www.boardlife.se\/fr\/wp-json\/wp\/v2\/comments?post=136808"}],"wp:featuredmedia":[{"embeddable":true,"href":"https:\/\/www.boardlife.se\/fr\/wp-json\/wp\/v2\/media\/136810"}],"wp:attachment":[{"href":"https:\/\/www.boardlife.se\/fr\/wp-json\/wp\/v2\/media?parent=136808"}],"wp:term":[{"taxonomy":"product_brand","embeddable":true,"href":"https:\/\/www.boardlife.se\/fr\/wp-json\/wp\/v2\/product_brand?post=136808"},{"taxonomy":"product_cat","embeddable":true,"href":"https:\/\/www.boardlife.se\/fr\/wp-json\/wp\/v2\/product_cat?post=136808"},{"taxonomy":"product_tag","embeddable":true,"href":"https:\/\/www.boardlife.se\/fr\/wp-json\/wp\/v2\/product_tag?post=136808"}],"curies":[{"name":"wp","href":"https:\/\/api.w.org\/{rel}","templated":true}]}}