{"id":136264,"date":"2021-04-06T15:39:03","date_gmt":"2021-04-06T13:39:03","guid":{"rendered":"https:\/\/www.boardlife.se\/?post_type=product&#038;p=136264"},"modified":"2025-06-25T23:27:14","modified_gmt":"2025-06-25T21:27:14","slug":"rekd-status-gloves","status":"publish","type":"product","link":"https:\/\/www.boardlife.se\/fr\/boutique\/protection\/gants\/rekd-status-gloves\/","title":{"rendered":"Gants REKD Status Noir"},"content":{"rendered":"<div class=\"_1yEvn\">\n<div class=\"_2wZrM _1Vpgn _3BIio\" tabindex=\"-1\" data-hook=\"post-title\">\n<p data-hook=\"post-title\">REKD bjuder p&aring; en snygg och smidig skyddshandske som inte bara ger bra skydd utan ocks&aring; bra grepp. S&aring; vare sig du beh&ouml;ver greppa ett styre, eller kanske en fj&auml;rrkontroll till din elbr&auml;da s&aring; har du en bra l&ouml;sning p&aring; handen. Passformen &auml;r sk&ouml;n och slimmad s&aring; du slipper ha massa konstiga s&ouml;mmar och tyg fladdrandes.<\/p>\n<p data-hook=\"post-title\">Handskarna &auml;r ventilerade sk&ouml;nt s&aring; du slipper f&aring; svamp mellan fingrarna. Dessutom s&aring; har du m&ouml;jligheten att sk&ouml;ta telefonen medan handskarna &auml;r p&aring; eftersom de &auml;r gjorda f&ouml;r att klara touch screen. En sk&ouml;n grej som f&ouml;renklar vardagen.<\/p>\n<h1 class=\"_1gHzn _2M4wi blog-post-title-font blog-post-title-color blog-text-color post-title blog-hover-container-element-color _1EQZr blog-post-page-title-font\" data-hook=\"post-title\"><span class=\"post-title__text blog-post-title-font blog-post-title-color\"><span class=\"blog-post-title-font blog-post-title-color\">Status Gloves | Product Breakdown<\/span><\/span><\/h1>\n<\/div>\n<\/div>\n<div class=\"yF0IC\" data-hook=\"post-description\">\n<article class=\"blog-post-page-font\">\n<div class=\"post-content__body\">\n<div class=\"f-0hV _1LHlu _1ltva\" data-rce-version=\"8.27.7\">\n<div class=\"kcuBq _1PkHV blog-post-page-font _3f8WX uatYj\" dir=\"ltr\">\n<div class=\"kaqlz _1FQ9t blog-post-page-font zJfAe\">\n<p id=\"viewer-6ukck\" class=\"XzvDs _208Ie ljrnk blog-post-text-font blog-post-text-color _2QAo- _25MYV _1Fao9 ljrnk public-DraftStyleDefault-block-depth0 public-DraftStyleDefault-text-ltr\"><span class=\"vkIF2 public-DraftStyleDefault-ltr\">Take an in-depth look at our Status gloves with this comprehensive product breakdown, illustrating the top specification points that feature on these super comfortable, multi-sport gloves.<\/span><\/p>\n<p id=\"viewer-2ru8e\" class=\"XzvDs _208Ie ljrnk blog-post-text-font blog-post-text-color _2QAo- _25MYV _1Fao9 ljrnk public-DraftStyleDefault-block-depth0 public-DraftStyleDefault-text-ltr\"><span class=\"vkIF2 public-DraftStyleDefault-ltr\">Gloves are an essential part of a lot of extreme sports, whether you&rsquo;re shredding your local park on a BMX or scooter, or tearing down some trails on your MTB, wearing gloves gives you that added grip and protection to push your limits even further.<\/span><\/p>\n<p id=\"viewer-4akl4\" class=\"XzvDs _208Ie ljrnk blog-post-text-font blog-post-text-color _2QAo- _25MYV _1Fao9 ljrnk public-DraftStyleDefault-block-depth0 public-DraftStyleDefault-text-ltr\"><span class=\"vkIF2 public-DraftStyleDefault-ltr\">So what key features&nbsp;do our Status gloves&nbsp;have that put them and you in front of the competition?<\/span><\/p>\n<div id=\"viewer-dp5hf\" class=\"XzvDs _208Ie ljrnk blog-post-text-font blog-post-text-color _2QAo- _25MYV _1Fao9 ljrnk public-DraftStyleDefault-block-depth0 public-DraftStyleDefault-text-ltr\"><span class=\"vkIF2 public-DraftStyleDefault-ltr\">&nbsp;<\/span><\/div>\n<div id=\"viewer-c1gms\" class=\"q2uC4 _3kAGd\">\n<div class=\"c-Mgr _2Mq66 _2Mq66 _7gPc2\">\n<div class=\"_2o-_D image-container LPH2h\" tabindex=\"0\" role=\"button\" data-hook=\"imageViewer\">\n<div class=\"_3lvoN\" role=\"img\"><img decoding=\"async\" class=\"_5JW6l _36UM9\" src=\"https:\/\/static.wixstatic.com\/media\/2ac503_ef97ee0ec2894a9fbf7731d15ecab083~mv2_d_5184_3456_s_4_2.jpg\/v1\/fill\/w_1480,h_987,al_c,q_90,usm_0.66_1.00_0.01\/2ac503_ef97ee0ec2894a9fbf7731d15ecab083~mv2_d_5184_3456_s_4_2.webp\" data-pin-url=\"https:\/\/www.rekdprotection.com\/post\/status-gloves-product-breakdown\" data-pin-media=\"https:\/\/static.wixstatic.com\/media\/2ac503_ef97ee0ec2894a9fbf7731d15ecab083~mv2_d_5184_3456_s_4_2.jpg\/v1\/fit\/w_1000%2Ch_1000%2Cal_c%2Cq_80\/file.jpg\"\/><\/div>\n<div class=\"\"><\/div>\n<\/div>\n<\/div>\n<\/div>\n<h2 id=\"viewer-116mq\" class=\"_3f-vr _208Ie blog-post-title-font z6qNR BOfyy _2QAo- _25MYV _1Fao9 ljrnk public-DraftStyleDefault-block-depth0 public-DraftStyleDefault-text-ltr\"><span class=\"vkIF2 public-DraftStyleDefault-ltr\">Fitment<\/span><\/h2>\n<p id=\"viewer-6bibl\" class=\"XzvDs _208Ie ljrnk blog-post-text-font blog-post-text-color _2QAo- _25MYV _1Fao9 ljrnk public-DraftStyleDefault-block-depth0 public-DraftStyleDefault-text-ltr\"><span class=\"vkIF2 public-DraftStyleDefault-ltr\">Wearing the correct fitting gloves plays a huge part in giving you that added confidence. Too tight and your hands feel restricted, too loose and you&rsquo;ll feel the movement on your grips. We&rsquo;ve taken the time to ensure our gloves fit the best they can. They feature flexible Lycra Finger Skirting, allowing the material to gently conform to the individual shape of your fingers. This material also creases extremely well, meaning it doesn&rsquo;t fold up on the knuckles when you&rsquo;re holding your grip.<\/span><\/p>\n<p id=\"viewer-fmgdi\" class=\"XzvDs _208Ie ljrnk blog-post-text-font blog-post-text-color _2QAo- _25MYV _1Fao9 ljrnk public-DraftStyleDefault-block-depth0 public-DraftStyleDefault-text-ltr\"><span class=\"vkIF2 public-DraftStyleDefault-ltr\">Don&rsquo;t just take our word for it, team rider Travis Spencer doesn&rsquo;t leave the house without them:&nbsp;<em>&ldquo;Seriously the best gloves I&rsquo;ve ever worn, they&rsquo;re incredible!&rdquo;<\/em><\/span><\/p>\n<div id=\"viewer-2dmoh\" class=\"XzvDs _208Ie ljrnk blog-post-text-font blog-post-text-color _2QAo- _25MYV _1Fao9 ljrnk public-DraftStyleDefault-block-depth0 public-DraftStyleDefault-text-ltr\"><span class=\"vkIF2 public-DraftStyleDefault-ltr\">&nbsp;<\/span><\/div>\n<div id=\"viewer-8h4d2\" class=\"q2uC4 _3kAGd\">\n<div class=\"c-Mgr _2Mq66 _2Mq66 _7gPc2\">\n<div class=\"_2o-_D image-container LPH2h\" tabindex=\"0\" role=\"button\" data-hook=\"imageViewer\">\n<div class=\"_3lvoN\" role=\"img\"><img decoding=\"async\" class=\"_5JW6l _36UM9\" src=\"https:\/\/static.wixstatic.com\/media\/2ac503_16bdc5a5f6bf44de9af79eecb031bdb6~mv2_d_5184_3456_s_4_2.jpg\/v1\/fill\/w_1480,h_987,al_c,q_90,usm_0.66_1.00_0.01\/2ac503_16bdc5a5f6bf44de9af79eecb031bdb6~mv2_d_5184_3456_s_4_2.webp\" data-pin-url=\"https:\/\/www.rekdprotection.com\/post\/status-gloves-product-breakdown\" data-pin-media=\"https:\/\/static.wixstatic.com\/media\/2ac503_16bdc5a5f6bf44de9af79eecb031bdb6~mv2_d_5184_3456_s_4_2.jpg\/v1\/fit\/w_1000%2Ch_1000%2Cal_c%2Cq_80\/file.jpg\"\/><\/div>\n<div class=\"\"><\/div>\n<\/div>\n<\/div>\n<\/div>\n<h2 id=\"viewer-dfoch\" class=\"_3f-vr _208Ie blog-post-title-font z6qNR BOfyy _2QAo- _25MYV _1Fao9 ljrnk public-DraftStyleDefault-block-depth0 public-DraftStyleDefault-text-ltr\"><span class=\"vkIF2 public-DraftStyleDefault-ltr\">Confort<\/span><\/h2>\n<p id=\"viewer-6na21\" class=\"XzvDs _208Ie ljrnk blog-post-text-font blog-post-text-color _2QAo- _25MYV _1Fao9 ljrnk public-DraftStyleDefault-block-depth0 public-DraftStyleDefault-text-ltr\"><span class=\"vkIF2 public-DraftStyleDefault-ltr\">Wearing gloves shouldn&rsquo;t feel like a burden, they&nbsp;should&nbsp;be comfortable, safe and secure. Our Status gloves feature elasticated Terelyne material that covers the full back area. Terelyne is a super flexible material, alloying the gloves to conform to the unique shape of your hand and knuckles. This added flexibility keeps the gloves stay snug to your hands like a second skin, offering an extremely comfortable feel.<\/span><\/p>\n<p id=\"viewer-5vph7\" class=\"XzvDs _208Ie ljrnk blog-post-text-font blog-post-text-color _2QAo- _25MYV _1Fao9 ljrnk public-DraftStyleDefault-block-depth0 public-DraftStyleDefault-text-ltr\"><span class=\"vkIF2 public-DraftStyleDefault-ltr\">In fact, all of the materials we use for our Status gloves are lightweight and flexible, creating what we and the team believe to be one of the most comfortable gloves on the market. Weighing just 65g for XL, you&rsquo;ll barely even notice you&rsquo;re wearing them.<\/span><\/p>\n<div id=\"viewer-2uch3\" class=\"XzvDs _208Ie ljrnk blog-post-text-font blog-post-text-color _2QAo- _25MYV _1Fao9 ljrnk public-DraftStyleDefault-block-depth0 public-DraftStyleDefault-text-ltr\"><img decoding=\"async\" class=\"_5JW6l _36UM9\" src=\"https:\/\/static.wixstatic.com\/media\/2ac503_d3615f64437847dd807159ed43b4985e~mv2_d_5184_3456_s_4_2.jpg\/v1\/fill\/w_1480,h_987,al_c,q_90,usm_0.66_1.00_0.01\/2ac503_d3615f64437847dd807159ed43b4985e~mv2_d_5184_3456_s_4_2.webp\" data-pin-url=\"https:\/\/www.rekdprotection.com\/post\/status-gloves-product-breakdown\" data-pin-media=\"https:\/\/static.wixstatic.com\/media\/2ac503_d3615f64437847dd807159ed43b4985e~mv2_d_5184_3456_s_4_2.jpg\/v1\/fit\/w_1000%2Ch_1000%2Cal_c%2Cq_80\/file.jpg\"\/><\/div>\n<div id=\"viewer-fpbk9\" class=\"q2uC4 _3kAGd\">\n<div class=\"c-Mgr _2Mq66 _2Mq66 _7gPc2\">\n<div class=\"_2o-_D image-container LPH2h\" tabindex=\"0\" role=\"button\" data-hook=\"imageViewer\">\n<div class=\"\"><\/div>\n<\/div>\n<\/div>\n<\/div>\n<h2 id=\"viewer-cf6p6\" class=\"_3f-vr _208Ie blog-post-title-font z6qNR BOfyy _2QAo- _25MYV _1Fao9 ljrnk public-DraftStyleDefault-block-depth0 public-DraftStyleDefault-text-ltr\"><span class=\"vkIF2 public-DraftStyleDefault-ltr\">Sweat Absortion<\/span><\/h2>\n<p id=\"viewer-81jql\" class=\"XzvDs _208Ie ljrnk blog-post-text-font blog-post-text-color _2QAo- _25MYV _1Fao9 ljrnk public-DraftStyleDefault-block-depth0 public-DraftStyleDefault-text-ltr\"><span class=\"vkIF2 public-DraftStyleDefault-ltr\">We know first-hand what it&rsquo;s like to be mid-run when a dreaded sweat drip falls down your brow and into your eyes. It&rsquo;s awful, completely off putting and potentially very dangerous. We&rsquo;ve added sweat absorbing micro-fibre material on the side and back of the thumb area, to help tackle this very issue. Most other gloves don&rsquo;t have this, meaning that sweat gets pushed around and could make things worse. With our Status gloves, you can absorb most of that liquid with a quick simple wipe, meaning you can keep on <a class=\"glossaryLink cmtt_&Aring;kning\" aria-describedby=\"tt\" data-cmtooltip=\"&lt;div class=glossaryItemTitle&gt;Push&lt;\/div&gt;&lt;div class=glossaryItemBody&gt;N&auml;r du tar fart med hj&auml;lp av ta av ena foten fr&aring;n br&auml;dan och s&auml;tter ner den i marken sen trycker ifr&aring;n.&lt;\/div&gt;&lt;div class=cmtt_synonyms_wrapper&gt;&lt;div class=cmtt_synonyms_title&gt;Synonymer: &lt;\/div&gt;&lt;div class=cmtt_synonyms&gt;pushing&lt;\/div&gt;&lt;\/div&gt;&lt;div class=glossaryTooltipMoreLinkWrapper&gt;&lt;a class=glossaryTooltipMoreLink href=https:\/\/www.boardlife.se\/fr\/glossaire\/pousser\/ &gt;L&auml;s mer&lt;\/a&gt;&lt;\/div&gt;\" href=\"https:\/\/www.boardlife.se\/fr\/glossaire\/pousser\/\" data-mobile-support=\"0\" data-gt-translate-attributes='[{\"attribute\":\"data-cmtooltip\", \"format\":\"html\"}]'>pousser<\/a> through that run without any unwanted distractions.<\/span><\/p>\n<div id=\"viewer-7crvf\" class=\"XzvDs _208Ie ljrnk blog-post-text-font blog-post-text-color _2QAo- _25MYV _1Fao9 ljrnk public-DraftStyleDefault-block-depth0 public-DraftStyleDefault-text-ltr\"><span class=\"vkIF2 public-DraftStyleDefault-ltr\">&nbsp;<\/span><\/div>\n<div id=\"viewer-4glmk\" class=\"q2uC4 _3kAGd\">\n<div class=\"c-Mgr _2Mq66 _2Mq66 _7gPc2\">\n<div class=\"_2o-_D image-container LPH2h\" tabindex=\"0\" role=\"button\" data-hook=\"imageViewer\">\n<div class=\"_3lvoN\" role=\"img\"><img decoding=\"async\" class=\"_5JW6l _36UM9\" src=\"https:\/\/static.wixstatic.com\/media\/2ac503_0e280c714b0a4ce49e96c37b24613e15~mv2_d_5184_3456_s_4_2.jpg\/v1\/fill\/w_1480,h_987,al_c,q_90,usm_0.66_1.00_0.01\/2ac503_0e280c714b0a4ce49e96c37b24613e15~mv2_d_5184_3456_s_4_2.webp\" data-pin-url=\"https:\/\/www.rekdprotection.com\/post\/status-gloves-product-breakdown\" data-pin-media=\"https:\/\/static.wixstatic.com\/media\/2ac503_0e280c714b0a4ce49e96c37b24613e15~mv2_d_5184_3456_s_4_2.jpg\/v1\/fit\/w_1000%2Ch_1000%2Cal_c%2Cq_80\/file.jpg\"\/><\/div>\n<div class=\"\"><\/div>\n<\/div>\n<\/div>\n<\/div>\n<h2 id=\"viewer-804hv\" class=\"_3f-vr _208Ie blog-post-title-font z6qNR BOfyy _2QAo- _25MYV _1Fao9 ljrnk public-DraftStyleDefault-block-depth0 public-DraftStyleDefault-text-ltr\"><span class=\"vkIF2 public-DraftStyleDefault-ltr\">Touch Screen Capability<\/span><\/h2>\n<p id=\"viewer-dv93\" class=\"XzvDs _208Ie ljrnk blog-post-text-font blog-post-text-color _2QAo- _25MYV _1Fao9 ljrnk public-DraftStyleDefault-block-depth0 public-DraftStyleDefault-text-ltr\"><span class=\"vkIF2 public-DraftStyleDefault-ltr\">This isn&rsquo;t 2010 anymore, touch screen capability is essential, no one wants to take off their gloves mid-session to get on social media. With our Status gloves, we don&rsquo;t need to add thumb and finger tips to make them&nbsp;work on your phone, the whole palm area is covered in touch screen friendly micro fibre&nbsp;material.<\/span><\/p>\n<p id=\"viewer-dd6ji\" class=\"XzvDs _208Ie ljrnk blog-post-text-font blog-post-text-color _2QAo- _25MYV _1Fao9 ljrnk public-DraftStyleDefault-block-depth0 public-DraftStyleDefault-text-ltr\"><span class=\"vkIF2 public-DraftStyleDefault-ltr\">You can scroll with your thumb, swipe with any finger and even answer calls with your palm (if that&rsquo;s what you&rsquo;re into!), meaning you&rsquo;re never left behind in the social world. Don&rsquo;t forget to follow us! @rekdprotection <a class=\"_2qJYG blog-link-hashtag-color _2xVcV _2E8wo\" href=\"https:\/\/www.rekdprotection.com\/blog\/search\/.hash.rekdprotection\" target=\"_top\" rel=\"noopener\">#rekdprotection<\/a><\/span><\/p>\n<div id=\"viewer-59bfl\" class=\"XzvDs _208Ie ljrnk blog-post-text-font blog-post-text-color _2QAo- _25MYV _1Fao9 ljrnk public-DraftStyleDefault-block-depth0 public-DraftStyleDefault-text-ltr\"><img decoding=\"async\" class=\"_5JW6l _36UM9\" src=\"https:\/\/static.wixstatic.com\/media\/2ac503_9fd87fa0291542f2a9948c94d0eff80e~mv2_d_5184_3456_s_4_2.jpg\/v1\/fill\/w_1480,h_987,al_c,q_90,usm_0.66_1.00_0.01\/2ac503_9fd87fa0291542f2a9948c94d0eff80e~mv2_d_5184_3456_s_4_2.webp\" data-pin-url=\"https:\/\/www.rekdprotection.com\/post\/status-gloves-product-breakdown\" data-pin-media=\"https:\/\/static.wixstatic.com\/media\/2ac503_9fd87fa0291542f2a9948c94d0eff80e~mv2_d_5184_3456_s_4_2.jpg\/v1\/fit\/w_1000%2Ch_1000%2Cal_c%2Cq_80\/file.jpg\"\/><\/div>\n<div id=\"viewer-bp2l4\" class=\"q2uC4 _3kAGd\">\n<div class=\"c-Mgr _2Mq66 _2Mq66 _7gPc2\">\n<div class=\"_2o-_D image-container LPH2h\" tabindex=\"0\" role=\"button\" data-hook=\"imageViewer\">\n<div class=\"\"><\/div>\n<\/div>\n<\/div>\n<\/div>\n<div id=\"viewer-6ol4\" class=\"XzvDs _208Ie ljrnk blog-post-text-font blog-post-text-color _2QAo- _25MYV _1Fao9 ljrnk public-DraftStyleDefault-block-depth0 public-DraftStyleDefault-text-ltr\"><span class=\"vkIF2 public-DraftStyleDefault-ltr\">&nbsp;<\/span><\/div>\n<h2 id=\"viewer-cu4dm\" class=\"_3f-vr _208Ie blog-post-title-font z6qNR BOfyy _2QAo- _25MYV _1Fao9 ljrnk public-DraftStyleDefault-block-depth0 public-DraftStyleDefault-text-ltr\"><span class=\"vkIF2 public-DraftStyleDefault-ltr\">Details<\/span><\/h2>\n<p id=\"viewer-8ul3g\" class=\"XzvDs _208Ie ljrnk blog-post-text-font blog-post-text-color _2QAo- _25MYV _1Fao9 ljrnk public-DraftStyleDefault-block-depth0 public-DraftStyleDefault-text-ltr\"><span class=\"vkIF2 public-DraftStyleDefault-ltr\">On top of all the premium specs, our Status gloves feature some awesome details to complete the look and offer that high quality finish. We&rsquo;ve added subtle detailing on the back and finger, sticking to our renowned branding and style. There&rsquo;s also a micro-injected logo securing tab which not only gives a premium look and feel, it offers a longer lasting solution to material tabs that can fray and distress easily. We&rsquo;ve also&nbsp;included elasticated neoprene wrist bands to keep the gloves securely in place and vent holes on each finger to keep your hands cool and ready to ride.<\/span><\/p>\n<div id=\"viewer-3jncv\" class=\"q2uC4 _3kAGd\">\n<div class=\"c-Mgr _2Mq66 _2Mq66 _7gPc2\">\n<div class=\"_2o-_D image-container LPH2h\" tabindex=\"0\" role=\"button\" data-hook=\"imageViewer\">\n<div class=\"_3lvoN\" role=\"img\"><\/div>\n<\/div>\n<\/div>\n<\/div>\n<\/div>\n<\/div>\n<\/div>\n<\/div>\n<\/article>\n<\/div>","protected":false},"excerpt":{"rendered":"<p>REKD propose des gants de protection \u00e9l\u00e9gants et flexibles qui offrent non seulement une bonne protection, mais aussi une excellente adh\u00e9rence. Saisissez le guidon, la t\u00e9l\u00e9commande ou tout autre objet tout en vous prot\u00e9geant des rayures. Gr\u00e2ce \u00e0 leur bonne ventilation, vous \u00e9viterez les champignons entre les doigts. De plus, ils sont compatibles avec les \u00e9crans tactiles, vous n&#039;aurez donc pas besoin de les retirer pour utiliser votre t\u00e9l\u00e9phone. Alors, offrez-vous une paire d\u00e8s maintenant\u00a0!<\/p>","protected":false},"featured_media":136268,"comment_status":"open","ping_status":"closed","template":"","meta":[],"product_brand":[2599],"product_cat":[2393],"product_tag":[],"class_list":{"0":"post-136264","1":"product","2":"type-product","3":"status-publish","4":"has-post-thumbnail","6":"product_brand-rekd","7":"product_cat-gloves","8":"pa_manufacturer-rekd","9":"pa_storlekar-s","10":"pa_storlekar-m","11":"pa_storlekar-l","12":"pa_storlekar-xl","13":"pa_storlekar-xs","15":"first","16":"instock","17":"taxable","18":"shipping-taxable","19":"purchasable","20":"product-type-variable","21":"has-default-attributes"},"composite_virtual":false,"composite_layout":"","composite_add_to_cart_form_location":"","composite_editable_in_cart":false,"composite_sold_individually_context":"","composite_shop_price_calc":"","composite_components":[],"composite_scenarios":[],"jetpack_sharing_enabled":true,"_links":{"self":[{"href":"https:\/\/www.boardlife.se\/fr\/wp-json\/wp\/v2\/product\/136264","targetHints":{"allow":["GET"]}}],"collection":[{"href":"https:\/\/www.boardlife.se\/fr\/wp-json\/wp\/v2\/product"}],"about":[{"href":"https:\/\/www.boardlife.se\/fr\/wp-json\/wp\/v2\/types\/product"}],"replies":[{"embeddable":true,"href":"https:\/\/www.boardlife.se\/fr\/wp-json\/wp\/v2\/comments?post=136264"}],"wp:featuredmedia":[{"embeddable":true,"href":"https:\/\/www.boardlife.se\/fr\/wp-json\/wp\/v2\/media\/136268"}],"wp:attachment":[{"href":"https:\/\/www.boardlife.se\/fr\/wp-json\/wp\/v2\/media?parent=136264"}],"wp:term":[{"taxonomy":"product_brand","embeddable":true,"href":"https:\/\/www.boardlife.se\/fr\/wp-json\/wp\/v2\/product_brand?post=136264"},{"taxonomy":"product_cat","embeddable":true,"href":"https:\/\/www.boardlife.se\/fr\/wp-json\/wp\/v2\/product_cat?post=136264"},{"taxonomy":"product_tag","embeddable":true,"href":"https:\/\/www.boardlife.se\/fr\/wp-json\/wp\/v2\/product_tag?post=136264"}],"curies":[{"name":"wp","href":"https:\/\/api.w.org\/{rel}","templated":true}]}}