{"id":135849,"date":"2021-03-17T16:43:30","date_gmt":"2021-03-17T15:43:30","guid":{"rendered":"https:\/\/www.boardlife.se\/?post_type=product&#038;p=135849"},"modified":"2025-11-20T11:54:35","modified_gmt":"2025-11-20T10:54:35","slug":"copie-a-distance-exway-r1","status":"publish","type":"product","link":"https:\/\/www.boardlife.se\/fr\/boutique\/skateboard-electrique\/pieces-detachees-electriques\/telecommande\/copie-a-distance-exway-r1\/","title":{"rendered":"Couvercle de t\u00e9l\u00e9commande Exway R1"},"content":{"rendered":"<p>Pour conserver votre manette R1 pour Exway en parfait \u00e9tat, rien de plus simple que de la prot\u00e9ger avec une housse. Voici une housse fine qui se glisse facilement sur la manette et qui pr\u00e9serve une excellente prise en main. De plus, la housse en silicone offre une bonne adh\u00e9rence pour une utilisation en toute s\u00e9curit\u00e9.<\/p>","protected":false},"excerpt":{"rendered":"<p>Prot\u00e9gez votre contr\u00f4leur Exway avec une coque en silicone. Un moyen simple de prolonger la dur\u00e9e de vie de vos produits.<\/p>","protected":false},"featured_media":135853,"comment_status":"open","ping_status":"closed","template":"","meta":[],"product_brand":[2558],"product_cat":[1947,2395],"product_tag":[],"class_list":{"0":"post-135849","1":"product","2":"type-product","3":"status-publish","4":"has-post-thumbnail","6":"product_brand-exway","7":"product_cat-electric-spareparts","8":"product_cat-remotes","9":"pa_color-bla","10":"pa_color-svart","11":"pa_color-orange","12":"pa_manufacturer-exway","14":"first","15":"instock","16":"taxable","17":"shipping-taxable","18":"purchasable","19":"product-type-variable","20":"has-default-attributes"},"composite_virtual":false,"composite_layout":"","composite_add_to_cart_form_location":"","composite_editable_in_cart":false,"composite_sold_individually_context":"","composite_shop_price_calc":"","composite_components":[],"composite_scenarios":[],"jetpack_sharing_enabled":true,"_links":{"self":[{"href":"https:\/\/www.boardlife.se\/fr\/wp-json\/wp\/v2\/product\/135849","targetHints":{"allow":["GET"]}}],"collection":[{"href":"https:\/\/www.boardlife.se\/fr\/wp-json\/wp\/v2\/product"}],"about":[{"href":"https:\/\/www.boardlife.se\/fr\/wp-json\/wp\/v2\/types\/product"}],"replies":[{"embeddable":true,"href":"https:\/\/www.boardlife.se\/fr\/wp-json\/wp\/v2\/comments?post=135849"}],"wp:featuredmedia":[{"embeddable":true,"href":"https:\/\/www.boardlife.se\/fr\/wp-json\/wp\/v2\/media\/135853"}],"wp:attachment":[{"href":"https:\/\/www.boardlife.se\/fr\/wp-json\/wp\/v2\/media?parent=135849"}],"wp:term":[{"taxonomy":"product_brand","embeddable":true,"href":"https:\/\/www.boardlife.se\/fr\/wp-json\/wp\/v2\/product_brand?post=135849"},{"taxonomy":"product_cat","embeddable":true,"href":"https:\/\/www.boardlife.se\/fr\/wp-json\/wp\/v2\/product_cat?post=135849"},{"taxonomy":"product_tag","embeddable":true,"href":"https:\/\/www.boardlife.se\/fr\/wp-json\/wp\/v2\/product_tag?post=135849"}],"curies":[{"name":"wp","href":"https:\/\/api.w.org\/{rel}","templated":true}]}}