{"id":135464,"date":"2021-03-12T10:18:43","date_gmt":"2021-03-12T09:18:43","guid":{"rendered":"https:\/\/www.boardlife.se\/?post_type=product&#038;p=135464"},"modified":"2026-01-30T11:34:39","modified_gmt":"2026-01-30T10:34:39","slug":"1-ensemble-de-serviettes-tri-adultes-noires","status":"publish","type":"product","link":"https:\/\/www.boardlife.se\/fr\/boutique\/protection\/protection-des-coudes\/1-ensemble-de-serviettes-tri-adultes-noires\/","title":{"rendered":"Ensemble de 1 coussinets Tri pour adulte, noir"},"content":{"rendered":"<p>Voici un excellent kit de protection 1-Tri pour celles et ceux qui recherchent une protection compl\u00e8te des genoux, des poignets et des coudes. Les protections 1-Tri offrent une bonne absorption des chocs, id\u00e9ale pour les chutes \u00e0 grande vitesse ou de hauteur, par exemple sur une rampe ou dans une piscine. Vous pourrez ainsi vous r\u00e9ceptionner sur les genoux sans vous blesser. De cette fa\u00e7on, vous pourrez interrompre une figure qui risque de mal tourner et atterrir en toute s\u00e9curit\u00e9. Les protections de poignets sont tr\u00e8s efficaces\u00a0: elles absorbent les chocs en cas de chute face contre terre et vous \u00e9vitent les \u00e9raflures. Avoir de bonnes coudi\u00e8res est \u00e9galement fortement recommand\u00e9. Tous ceux qui ont d\u00e9j\u00e0 chut\u00e9 dessus peuvent en t\u00e9moigner\u2026<\/p>\n<p>&nbsp;<\/p>","protected":false},"excerpt":{"rendered":"<p>Protections extensibles et confortables 1-Tri qui restent bien en place et vous prot\u00e8gent. Voici un kit comprenant des protections pour les genoux, les poignets et les coudes.<\/p>","protected":false},"featured_media":135594,"comment_status":"open","ping_status":"closed","template":"","meta":[],"product_brand":[2519],"product_cat":[102,2205,101],"product_tag":[],"class_list":{"0":"post-135464","1":"product","2":"type-product","3":"status-publish","4":"has-post-thumbnail","6":"product_brand-1-tri","7":"product_cat-elbow-protection","8":"product_cat-handledsskydd","9":"product_cat-knee-protection","10":"pa_manufacturer-1-tri","11":"pa_storlekar-l","12":"pa_storlekar-m","13":"pa_storlekar-s","14":"pa_storlekar-xl","16":"first","17":"instock","18":"taxable","19":"shipping-taxable","20":"purchasable","21":"product-type-variable","22":"has-default-attributes"},"composite_virtual":false,"composite_layout":"","composite_add_to_cart_form_location":"","composite_editable_in_cart":false,"composite_sold_individually_context":"","composite_shop_price_calc":"","composite_components":[],"composite_scenarios":[],"jetpack_sharing_enabled":true,"_links":{"self":[{"href":"https:\/\/www.boardlife.se\/fr\/wp-json\/wp\/v2\/product\/135464","targetHints":{"allow":["GET"]}}],"collection":[{"href":"https:\/\/www.boardlife.se\/fr\/wp-json\/wp\/v2\/product"}],"about":[{"href":"https:\/\/www.boardlife.se\/fr\/wp-json\/wp\/v2\/types\/product"}],"replies":[{"embeddable":true,"href":"https:\/\/www.boardlife.se\/fr\/wp-json\/wp\/v2\/comments?post=135464"}],"wp:featuredmedia":[{"embeddable":true,"href":"https:\/\/www.boardlife.se\/fr\/wp-json\/wp\/v2\/media\/135594"}],"wp:attachment":[{"href":"https:\/\/www.boardlife.se\/fr\/wp-json\/wp\/v2\/media?parent=135464"}],"wp:term":[{"taxonomy":"product_brand","embeddable":true,"href":"https:\/\/www.boardlife.se\/fr\/wp-json\/wp\/v2\/product_brand?post=135464"},{"taxonomy":"product_cat","embeddable":true,"href":"https:\/\/www.boardlife.se\/fr\/wp-json\/wp\/v2\/product_cat?post=135464"},{"taxonomy":"product_tag","embeddable":true,"href":"https:\/\/www.boardlife.se\/fr\/wp-json\/wp\/v2\/product_tag?post=135464"}],"curies":[{"name":"wp","href":"https:\/\/api.w.org\/{rel}","templated":true}]}}