{"id":13440,"date":"2014-06-17T16:25:19","date_gmt":"2014-06-17T14:25:19","guid":{"rendered":"http:\/\/boardlife.se\/shop\/hjul\/rad-glide-70mm-82a\/"},"modified":"2024-10-22T17:23:45","modified_gmt":"2024-10-22T15:23:45","slug":"rad-glide-70-mm-82a","status":"publish","type":"product","link":"https:\/\/www.boardlife.se\/fr\/boutique\/longboard\/composants-de-longboard\/roues-de-longboard\/rad-glide-70-mm-82a\/","title":{"rendered":"RAD Glide 70 mm 82A"},"content":{"rendered":"<p>Avec un noyau lat\u00e9ral et une surface de contact de seulement 30 mm, le glissement est d&#039;une fluidit\u00e9 exceptionnelle. Le RAD Glide est livr\u00e9 avec un <a class=\"glossaryLink cmtt_Komponenter\" aria-describedby=\"tt\" data-cmtooltip=\"&lt;div class=glossaryItemTitle&gt;Stone Ground&lt;\/div&gt;&lt;div class=glossaryItemBody&gt;N&auml;r ytan p&aring; hjulen &auml;r f&ouml;rsliten och uppruggad. F&ouml;rdelen &auml;r att du d&aring; kan b&ouml;rja slidea med dem direkt utan att du beh&ouml;ver slita in dem anm&auml;rkningsv&auml;rt.&lt;\/div&gt;&lt;div class=cmtt_synonyms_wrapper&gt;&lt;div class=cmtt_synonyms_title&gt;Synonymer: &lt;\/div&gt;&lt;div class=cmtt_synonyms&gt;stoneground&lt;\/div&gt;&lt;\/div&gt;&lt;div class=glossaryTooltipMoreLinkWrapper&gt;&lt;a class=glossaryTooltipMoreLink href=https:\/\/www.boardlife.se\/fr\/glossaire\/sol-en-pierre\/ &gt;L&auml;s mer&lt;\/a&gt;&lt;\/div&gt;\" href=\"https:\/\/www.boardlife.se\/fr\/glossaire\/sol-en-pierre\/\" data-mobile-support=\"0\" data-gt-translate-attributes='[{\"attribute\":\"data-cmtooltip\", \"format\":\"html\"}]'>sol en pierre<\/a> Leur surface est con\u00e7ue pour des glisses optimales d\u00e8s la premi\u00e8re utilisation. Au centre se trouve un noyau ultra-r\u00e9sistant, commun \u00e0 toutes les roues RAD, qui assure une glisse plus fluide et une usure plus uniforme. Les roues RAD Glides sont vraiment agr\u00e9ables \u00e0 utiliser et tout le monde devrait les essayer\u00a0!<\/p>\n<p>Taille : 70 mm<br>\nZone de contact : 30 mm<br>\nHub : Vue lat\u00e9rale<br>\nDuret\u00e9 : 82a<\/p>\n<p><iframe loading=\"lazy\" src=\"\/\/www.youtube.com\/embed\/Nz8TDVugNO0\" width=\"640\" height=\"360\" frameborder=\"0\" allowfullscreen=\"allowfullscreen\"><\/iframe><br>\n<iframe loading=\"lazy\" src=\"\/\/www.youtube.com\/embed\/X-zrnTKn2qE?rel=0\" width=\"640\" height=\"360\" frameborder=\"0\" allowfullscreen=\"allowfullscreen\"><\/iframe><br>\n<iframe loading=\"lazy\" src=\"\/\/www.youtube.com\/embed\/YTQzI-QdCTw?rel=0\" width=\"640\" height=\"360\" frameborder=\"0\" allowfullscreen=\"allowfullscreen\"><\/iframe><\/p>","protected":false},"excerpt":{"rendered":"<p>Med en sideset k\u00e4rna och endast 30mm contact patch har det s\u00e4llan varit s\u00e5 smooth att trycka ut en slide. R.A.D Glide kommer med en stone ground yta s\u00e5 de \u00e4r redo f\u00f6r slides direkt vid f\u00f6rsta sliden. I mitten sitter en ofantligt stark k\u00e4rna som de anv\u00e4nder i alla R.A.D hjul vilket ser till att det blir en j\u00e4mnare [&hellip;]<\/p>","protected":false},"featured_media":16970,"comment_status":"open","ping_status":"closed","template":"","meta":[],"product_brand":[2598],"product_cat":[38],"product_tag":[918],"class_list":{"0":"post-13440","1":"product","2":"type-product","3":"status-publish","4":"has-post-thumbnail","6":"product_brand-r-a-d","7":"product_cat-wheels-longboard","8":"product_tag-r-a-d","9":"pa_diameter-70mm","10":"pa_durometer-82a","11":"pa_hub-placering-sideset","12":"pa_kontaktyta-30mm","13":"pa_manufacturer-r-a-d","14":"pa_wheel-shape-rounded","16":"first","17":"outofstock","18":"sale","19":"taxable","20":"shipping-taxable","21":"purchasable","22":"product-type-simple"},"composite_virtual":false,"composite_layout":"","composite_add_to_cart_form_location":"","composite_editable_in_cart":false,"composite_sold_individually_context":"","composite_shop_price_calc":"","composite_components":[],"composite_scenarios":[],"jetpack_sharing_enabled":true,"_links":{"self":[{"href":"https:\/\/www.boardlife.se\/fr\/wp-json\/wp\/v2\/product\/13440","targetHints":{"allow":["GET"]}}],"collection":[{"href":"https:\/\/www.boardlife.se\/fr\/wp-json\/wp\/v2\/product"}],"about":[{"href":"https:\/\/www.boardlife.se\/fr\/wp-json\/wp\/v2\/types\/product"}],"replies":[{"embeddable":true,"href":"https:\/\/www.boardlife.se\/fr\/wp-json\/wp\/v2\/comments?post=13440"}],"wp:featuredmedia":[{"embeddable":true,"href":"https:\/\/www.boardlife.se\/fr\/wp-json\/wp\/v2\/media\/16970"}],"wp:attachment":[{"href":"https:\/\/www.boardlife.se\/fr\/wp-json\/wp\/v2\/media?parent=13440"}],"wp:term":[{"taxonomy":"product_brand","embeddable":true,"href":"https:\/\/www.boardlife.se\/fr\/wp-json\/wp\/v2\/product_brand?post=13440"},{"taxonomy":"product_cat","embeddable":true,"href":"https:\/\/www.boardlife.se\/fr\/wp-json\/wp\/v2\/product_cat?post=13440"},{"taxonomy":"product_tag","embeddable":true,"href":"https:\/\/www.boardlife.se\/fr\/wp-json\/wp\/v2\/product_tag?post=13440"}],"curies":[{"name":"wp","href":"https:\/\/api.w.org\/{rel}","templated":true}]}}