{"id":133999,"date":"2021-03-08T09:40:30","date_gmt":"2021-03-08T08:40:30","guid":{"rendered":"https:\/\/www.boardlife.se\/?post_type=product&#038;p=133999"},"modified":"2023-02-07T19:23:39","modified_gmt":"2023-02-07T18:23:39","slug":"casque-rekd-elite-2-0-rouge","status":"publish","type":"product","link":"https:\/\/www.boardlife.se\/fr\/boutique\/protection\/casques\/casque-rekd-elite-2-0-rouge\/","title":{"rendered":"Casque REKD Elite 2.0 Rouge"},"content":{"rendered":"<p>REKD ma\u00eetrise parfaitement l&#039;art de concevoir des casques fins et surtout tr\u00e8s l\u00e9gers. Confort et s\u00e9curit\u00e9 optimale garantissent la compatibilit\u00e9 de ce casque avec la plupart des sports d&#039;action tels que le skate, le skateboard, le longboard, le VTT, le v\u00e9lo, le BMX, la trottinette freestyle, la trottinette de loisir, le roller, le roller derby, le roller agressif, le roller en ligne, etc.<\/p>\n<p>Le casque poss\u00e8de, entre autres, un noyau interne en EPS et une coque ext\u00e9rieure en ABS qui, combin\u00e9s, aident \u00e0 emp\u00eacher que la force ne soit dirig\u00e9e vers votre t\u00eate mais peuvent \u00eatre d&#039;autant mieux absorb\u00e9es par le casque.<\/p>\n<p>Les coussins rempla\u00e7ables signifient que vous pouvez les retirer vous-m\u00eame et les mettre dans la machine \u00e0 laver lorsqu&#039;il est temps de les rafra\u00eechir un peu.<\/p>\n<ul>\n<li>Elite utilise un noyau interne haute densit\u00e9.<\/li>\n<li>Le rembourrage antibact\u00e9rien estamp\u00e9 \u00e0 chaud garantit que le casque s&#039;adapte bien et en toute s\u00e9curit\u00e9, m\u00eame pendant de longues p\u00e9riodes.<\/li>\n<li>Forme de casque exclusive avec un profil bas et un ajustement super confortable.<\/li>\n<li>La conception de ventilation exclusive vous offre un flux d&#039;air optimal pour vous garder au frais pendant les chaudes journ\u00e9es d&#039;\u00e9t\u00e9.<\/li>\n<li>Ne p\u00e8se que 410 g (S\/M 430 g L\/XL) et convient \u00e0 de nombreuses disciplines de sports extr\u00eames diff\u00e9rentes<\/li>\n<li>Certifi\u00e9 selon les normes de s\u00e9curit\u00e9 EN 1078 et CPSC.<\/li>\n<\/ul>\n<p>&nbsp;<\/p>\n<h3>Description originale<\/h3>\n<div id=\"comp-k6qigkp9\" class=\"_3Mgpu\">\n<div class=\"\" data-mesh-id=\"comp-k6qigkp9inlineContent\" data-testid=\"inline-content\">\n<div data-mesh-id=\"comp-k6qigkp9inlineContent-gridContainer\" data-testid=\"mesh-container-content\">\n<div id=\"comp-k6qck7q3\" class=\"_1Z_nJ\" data-testid=\"richTextElement\">\n<p class=\"font_7\">Forme exclusive propre \u00e0 REKD Protection.<br>\nNoyau interne en polystyr\u00e8ne expans\u00e9 haute densit\u00e9 (PSE).<br>\nCoque ext\u00e9rieure en acrylonitrile butadi\u00e8ne styr\u00e8ne (ABS) tr\u00e8s r\u00e9sistante.<br>\nSangle en nylon r\u00e9sistante avec boucle en nylon.<br>\nRembourrage doubl\u00e9 antibact\u00e9rien<\/p>\n<\/div>\n<\/div>\n<\/div>\n<\/div>\n<div id=\"comp-k6qck7r9\" class=\"_3Mgpu\">\n<div class=\"\" data-mesh-id=\"comp-k6qck7r9inlineContent\" data-testid=\"inline-content\">\n<div data-mesh-id=\"comp-k6qck7r9inlineContent-gridContainer\" data-testid=\"mesh-container-content\">\n<div id=\"comp-k6qck7ri1\" class=\"_1Z_nJ\" data-testid=\"richTextElement\">\n<p class=\"font_7\"><strong>Caract\u00e9ristiques<\/strong><\/p>\n<\/div>\n<div id=\"comp-k6qck7s8\" class=\"_1Z_nJ\" data-testid=\"richTextElement\">\n<p class=\"font_7\">Estampage \u00e0 chaud des logos en relief sur le rembourrage<br>\nLogos avant et arri\u00e8re imprim\u00e9s de qualit\u00e9 sup\u00e9rieure<br>\nRivets de protection REKD de marque personnalis\u00e9e<br>\nRembourrage double taille inclus pour un ajustement optimal<br>\n13 trous d&#039;a\u00e9ration pour une circulation d&#039;air optimale<br>\nConvient \u00e0 une large gamme de sports d&#039;action<\/p>\n<\/div>\n<\/div>\n<\/div>\n<\/div>\n<div id=\"comp-k6qck7te\" class=\"_3Mgpu\">\n<div class=\"\" data-mesh-id=\"comp-k6qck7teinlineContent\" data-testid=\"inline-content\">\n<div data-mesh-id=\"comp-k6qck7teinlineContent-gridContainer\" data-testid=\"mesh-container-content\">\n<div id=\"comp-k6qck7tp\" class=\"_1Z_nJ\" data-testid=\"richTextElement\">\n<p class=\"font_7\"><strong>Sports adapt\u00e9s<\/strong><\/p>\n<\/div>\n<div id=\"comp-k6qck7uf\" class=\"_1Z_nJ\" data-testid=\"richTextElement\">\n<p class=\"font_7\">Skate, Skateboard, Longboard, VTT, VTT, V\u00e9lo, BMX, Trottinette acrobatique, Trottinette r\u00e9cr\u00e9ative, Roller Skate, Roller Derby, Patinage agressif, Patinage en ligne et bien d&#039;autres !<\/p>\n<\/div>\n<\/div>\n<\/div>\n<\/div>\n<div id=\"comp-k6qck7vo\" class=\"_3Mgpu\">\n<div class=\"\" data-mesh-id=\"comp-k6qck7voinlineContent\" data-testid=\"inline-content\">\n<div data-mesh-id=\"comp-k6qck7voinlineContent-gridContainer\" data-testid=\"mesh-container-content\">\n<div id=\"comp-k6qck7vx1\" class=\"_1Z_nJ\" data-testid=\"richTextElement\"><\/div>\n<\/div>\n<\/div>\n<\/div>\n<div id=\"comp-k6qck7xz\" class=\"_3Mgpu\">\n<div class=\"\" data-mesh-id=\"comp-k6qck7xzinlineContent\" data-testid=\"inline-content\">\n<div data-mesh-id=\"comp-k6qck7xzinlineContent-gridContainer\" data-testid=\"mesh-container-content\">\n<div id=\"comp-k6qck7y9\" class=\"_1Z_nJ\" data-testid=\"richTextElement\">\n<p class=\"font_7\"><strong>Poids<\/strong><\/p>\n<\/div>\n<div id=\"comp-k6qck7z2\" class=\"_1Z_nJ\" data-testid=\"richTextElement\">\n<p class=\"font_7\">410 g pour S\/M<br>\n430 g pour L\/XL<\/p>\n<\/div>\n<\/div>\n<\/div>\n<\/div>\n<div id=\"comp-k6qck80c\" class=\"_3Mgpu\">\n<div class=\"\" data-mesh-id=\"comp-k6qck80cinlineContent\" data-testid=\"inline-content\">\n<div data-mesh-id=\"comp-k6qck80cinlineContent-gridContainer\" data-testid=\"mesh-container-content\">\n<div id=\"comp-k6qck80l1\" class=\"_1Z_nJ\" data-testid=\"richTextElement\">\n<p class=\"font_7\"><strong>Normes de test<\/strong><\/p>\n<\/div>\n<div id=\"comp-k6qck81e\" class=\"_1Z_nJ\" data-testid=\"richTextElement\">\n<p class=\"font_7\">Certifi\u00e9 selon les normes EN1078 et CPSC<\/p>\n<\/div>\n<\/div>\n<\/div>\n<\/div>\n<div id=\"comp-k6qck82q\" class=\"_3Mgpu\">\n<div class=\"\" data-mesh-id=\"comp-k6qck82qinlineContent\" data-testid=\"inline-content\">\n<div data-mesh-id=\"comp-k6qck82qinlineContent-gridContainer\" data-testid=\"mesh-container-content\">\n<div id=\"comp-k6qck8302\" class=\"_1Z_nJ\" data-testid=\"richTextElement\">\n<p class=\"font_7\"><strong>Tailles<\/strong><\/p>\n<\/div>\n<div id=\"comp-k6qck83r\" class=\"_1Z_nJ\" data-testid=\"richTextElement\">\n<p class=\"font_7\">S\/M \u2013 53 \u2013 56 cm \/ 20,86 \u2013 22,04\u2033 \/ rembourrage 10 mm \u2013 6 mm<br>\nL\/XL \u2013 57 \u2013 59 cm \/ 22,44 \u2013 23,23\u2033 \/ rembourrage 8 mm \u2013 6 mm<br>\nXXL \u2013 60 cm \/ 23,62\u2033* (*N\u00e9cessite un rembourrage de 4 mm vendu s\u00e9par\u00e9ment)<\/p>\n<\/div>\n<\/div>\n<\/div>\n<\/div>","protected":false},"excerpt":{"rendered":"<p>Schysst hj\u00e4lm fr\u00e5n REKD med en ultral\u00e4tt konstruktion. Certifierad f\u00f6r att klara alla krav som en extremsport kr\u00e4ver. Skyddad med en EPS teknik i innerk\u00e4rnan och en ABS teknik i ytterh\u00f6ljet f\u00f6r att minimera st\u00f6tar och slag. P\u00e5 s\u00e5 vis f\u00e5r du en bra och h\u00f6g s\u00e4kerhetsniv\u00e5 p\u00e5 hj\u00e4lmen som \u00e4r perfekt f\u00f6r m\u00e5nga extremsporter.<\/p>\n<p>Optimalt luftfl\u00f6de f\u00f6r att h\u00e5lla dig kyld n\u00e4r du svettas under \u00e5kningen.<\/p>","protected":false},"featured_media":134004,"comment_status":"open","ping_status":"closed","template":"","meta":[],"product_brand":[2599],"product_cat":[90],"product_tag":[],"class_list":{"0":"post-133999","1":"product","2":"type-product","3":"status-publish","4":"has-post-thumbnail","6":"product_brand-rekd","7":"product_cat-helmets","8":"pa_manufacturer-rekd","9":"pa_storlekar-l-xl-57-59cm","10":"pa_storlekar-s-m-53-56cm-2","11":"pa_storlekar-xxl-60cm","13":"first","14":"instock","15":"taxable","16":"shipping-taxable","17":"purchasable","18":"product-type-variable","19":"has-default-attributes"},"composite_virtual":false,"composite_layout":"","composite_add_to_cart_form_location":"","composite_editable_in_cart":false,"composite_sold_individually_context":"","composite_shop_price_calc":"","composite_components":[],"composite_scenarios":[],"jetpack_sharing_enabled":true,"_links":{"self":[{"href":"https:\/\/www.boardlife.se\/fr\/wp-json\/wp\/v2\/product\/133999","targetHints":{"allow":["GET"]}}],"collection":[{"href":"https:\/\/www.boardlife.se\/fr\/wp-json\/wp\/v2\/product"}],"about":[{"href":"https:\/\/www.boardlife.se\/fr\/wp-json\/wp\/v2\/types\/product"}],"replies":[{"embeddable":true,"href":"https:\/\/www.boardlife.se\/fr\/wp-json\/wp\/v2\/comments?post=133999"}],"wp:featuredmedia":[{"embeddable":true,"href":"https:\/\/www.boardlife.se\/fr\/wp-json\/wp\/v2\/media\/134004"}],"wp:attachment":[{"href":"https:\/\/www.boardlife.se\/fr\/wp-json\/wp\/v2\/media?parent=133999"}],"wp:term":[{"taxonomy":"product_brand","embeddable":true,"href":"https:\/\/www.boardlife.se\/fr\/wp-json\/wp\/v2\/product_brand?post=133999"},{"taxonomy":"product_cat","embeddable":true,"href":"https:\/\/www.boardlife.se\/fr\/wp-json\/wp\/v2\/product_cat?post=133999"},{"taxonomy":"product_tag","embeddable":true,"href":"https:\/\/www.boardlife.se\/fr\/wp-json\/wp\/v2\/product_tag?post=133999"}],"curies":[{"name":"wp","href":"https:\/\/api.w.org\/{rel}","templated":true}]}}