{"id":13364,"date":"2014-01-29T00:15:05","date_gmt":"2014-01-28T23:15:05","guid":{"rendered":"http:\/\/boardlife.se\/produkt\/orangatang-the-cage-80mm-83a-lila-kopia\/"},"modified":"2016-09-18T21:17:10","modified_gmt":"2016-09-18T19:17:10","slug":"orangatang-la-cage-73mm-86a","status":"publish","type":"product","link":"https:\/\/www.boardlife.se\/fr\/boutique\/longboard\/composants-de-longboard\/roues-de-longboard\/orangatang-la-cage-73mm-86a\/","title":{"rendered":"Cage \u00e0 pinces orange 73 mm 86a"},"content":{"rendered":"<p>Nouvelle roue freeride sign\u00e9e O-tang. La Cage est une roue polyvalente con\u00e7ue pour affronter tous les terrains, des longues descentes sinueuses aux sessions de ride endiabl\u00e9es dans les parkings souterrains. Son diam\u00e8tre de 73 mm offre une bonne \u00e9paisseur d&#039;ur\u00e9thane pour une usure minimale, ainsi qu&#039;une absorption optimale des vibrations et des chocs. Fabriqu\u00e9e avec la nouvelle formule PeachyThane d&#039;O-tang.<\/p>\n<p>Diam\u00e8tre : 73 mm<br>\nSurface de contact : 41,5 mm<br>\nMoyeu : Centre<\/p>\n<p><span style=\"line-height: 1.5em;\">Voici ce que dit Orangatang\u00a0:<\/span><\/p>\n<p>\u00ab La Cage \u00bb<br>\nDiam\u00e8tre\u00a0: 73\u00a0mm | Largeur\u00a0: 50\u00a0mm | Surface de contact\u00a0: 41,4\u00a0mm | Poids\u00a0: 187\u00a0g\/roue | Support de roulement centr\u00e9<\/p>\n<p>Grand et charismatique, The Cage affiche un calme imperturbable et un charisme naturel\u2026 mais est toujours pr\u00eat \u00e0 se l\u00e2cher et \u00e0 d\u00e9cha\u00eener sa folie. The Cage est l\u00e0 pour r\u00e9pondre pr\u00e9sent quand le sc\u00e9nario exige une vitesse folle, une adh\u00e9rence \u00e0 la fois ferme et souple, et des d\u00e9rapages \u00e0 grande vitesse. Laissez tomber le v\u00e9lo\u2026 et vivez votre dose de descente sur quatre roues.<\/p>\n<a href=\"#\" class=\"fw-video-link fw-video-link-text sf-button sf-icon-stroke accent\" data-video=\"https:\/\/www.youtube.com\/embed\/IVEIHc7Y4rQ?autoplay=1\"><i class=\"ss-play\"><\/i><span class=\"text\">Vid\u00e9o du produit<\/span><\/a>","protected":false},"excerpt":{"rendered":"<p>Nytt freeridehjul fr\u00e5n O-tang. The Cage \u00e4r ett allroundhjul gjort f\u00f6r att klara allt fr\u00e5n l\u00e5nga slingrande backar till shredd sessions i parkeringshus. Med sina 73mm finns det mycket uretan att slita ner samt material att absorbera vibrationer och oj\u00e4mnheter.\u00a0Tillverkad i O-tangs nya PeachyThane formula. Diameter: 73mm Kontaktyta: 41,5mm Hub: Centerset S\u00e5 h\u00e4r s\u00e4ger Orangatang: \u201cThe Cage\u201d 73 mm diameter [&hellip;]<\/p>","protected":false},"featured_media":13363,"comment_status":"open","ping_status":"closed","template":"","meta":[],"product_brand":[2588],"product_cat":[38],"product_tag":[877],"class_list":{"0":"post-13364","1":"product","2":"type-product","3":"status-publish","4":"has-post-thumbnail","6":"product_brand-orangatang-wheels","7":"product_cat-wheels-longboard","8":"product_tag-orangatang-wheels","9":"pa_diameter-73mm","10":"pa_durometer-86a","11":"pa_hub-placering-centerset","12":"pa_kontaktyta-414mm","13":"pa_kontaktyta-50mm","15":"first","16":"instock","17":"taxable","18":"shipping-taxable","19":"purchasable","20":"product-type-simple"},"composite_virtual":false,"composite_layout":"","composite_add_to_cart_form_location":"","composite_editable_in_cart":false,"composite_sold_individually_context":"","composite_shop_price_calc":"","composite_components":[],"composite_scenarios":[],"jetpack_sharing_enabled":true,"_links":{"self":[{"href":"https:\/\/www.boardlife.se\/fr\/wp-json\/wp\/v2\/product\/13364","targetHints":{"allow":["GET"]}}],"collection":[{"href":"https:\/\/www.boardlife.se\/fr\/wp-json\/wp\/v2\/product"}],"about":[{"href":"https:\/\/www.boardlife.se\/fr\/wp-json\/wp\/v2\/types\/product"}],"replies":[{"embeddable":true,"href":"https:\/\/www.boardlife.se\/fr\/wp-json\/wp\/v2\/comments?post=13364"}],"wp:featuredmedia":[{"embeddable":true,"href":"https:\/\/www.boardlife.se\/fr\/wp-json\/wp\/v2\/media\/13363"}],"wp:attachment":[{"href":"https:\/\/www.boardlife.se\/fr\/wp-json\/wp\/v2\/media?parent=13364"}],"wp:term":[{"taxonomy":"product_brand","embeddable":true,"href":"https:\/\/www.boardlife.se\/fr\/wp-json\/wp\/v2\/product_brand?post=13364"},{"taxonomy":"product_cat","embeddable":true,"href":"https:\/\/www.boardlife.se\/fr\/wp-json\/wp\/v2\/product_cat?post=13364"},{"taxonomy":"product_tag","embeddable":true,"href":"https:\/\/www.boardlife.se\/fr\/wp-json\/wp\/v2\/product_tag?post=13364"}],"curies":[{"name":"wp","href":"https:\/\/api.w.org\/{rel}","templated":true}]}}