{"id":133559,"date":"2021-02-05T16:53:12","date_gmt":"2021-02-05T15:53:12","guid":{"rendered":"https:\/\/www.boardlife.se\/?post_type=product&#038;p=133559"},"modified":"2024-11-12T13:50:32","modified_gmt":"2024-11-12T12:50:32","slug":"grip-en-mousse-pour-snowskate","status":"publish","type":"product","link":"https:\/\/www.boardlife.se\/fr\/boutique\/neige\/patin-a-neige\/poignee-en-mousse\/grip-en-mousse-pour-snowskate\/","title":{"rendered":"Grip en mousse Snowskate"},"content":{"rendered":"<p>Un grip en mousse extra confortable, id\u00e9al pour ceux qui souhaitent rouler pieds nus ou faire du snowskate en hiver. Pourquoi ne pas utiliser un grip classique en hiver aussi, vous demandez-vous\u00a0? Parce que la neige sous vos chaussures adh\u00e8re facilement au grip, ce qui lui fait perdre son efficacit\u00e9 presque imm\u00e9diatement. Un grip en mousse, en revanche, emp\u00eache la neige d&#039;adh\u00e9rer aussi facilement et offre ainsi une meilleure adh\u00e9rence.<\/p>\n<p>Cette feuille mesure 25,5 cm x 94 cm (10\u2033 x 37\u2033), ce qui la rend adapt\u00e9e \u00e0 tous les types de snowskates. Elle est fabriqu\u00e9e en mousse EVA tr\u00e8s r\u00e9sistante de 3,2 mm d&#039;\u00e9paisseur.<\/p>","protected":false},"excerpt":{"rendered":"<p>Foamgrip av h\u00f6gkvalitativt EVA-foam f\u00f6r dig som k\u00f6r snowskate eller annat typ av br\u00e4dfordon vintertid. Griptapen g\u00f6r att du slipper att sn\u00f6 byggs upp lika mycket p\u00e5 br\u00e4dan och du f\u00e5r ett bra grepp p\u00e5 grund av sin flexibilitet vilket g\u00f6r att du kan kontrollera br\u00e4dan bra \u00e4ven med sn\u00f6 under skorna. Baksidan \u00e4r bekl\u00e4dd med klister precis som en vanlig klassisk griptape.<\/p>\n<p>F\u00f6r dig som vill mysa runt barfota p\u00e5 sommaren med din skateboard\/longboard s\u00e5 \u00e4r denna grippa minst lika bra f\u00f6r det \u00e4ndam\u00e5let.<\/p>","protected":false},"featured_media":133568,"comment_status":"open","ping_status":"closed","template":"","meta":[],"product_brand":[2569],"product_cat":[2366],"product_tag":[],"class_list":{"0":"post-133559","1":"product","2":"type-product","3":"status-publish","4":"has-post-thumbnail","6":"product_brand-harfang","7":"product_cat-foam-grip","8":"pa_manufacturer-harfang","10":"first","11":"outofstock","12":"taxable","13":"shipping-taxable","14":"purchasable","15":"product-type-simple"},"composite_virtual":false,"composite_layout":"","composite_add_to_cart_form_location":"","composite_editable_in_cart":false,"composite_sold_individually_context":"","composite_shop_price_calc":"","composite_components":[],"composite_scenarios":[],"jetpack_sharing_enabled":true,"_links":{"self":[{"href":"https:\/\/www.boardlife.se\/fr\/wp-json\/wp\/v2\/product\/133559","targetHints":{"allow":["GET"]}}],"collection":[{"href":"https:\/\/www.boardlife.se\/fr\/wp-json\/wp\/v2\/product"}],"about":[{"href":"https:\/\/www.boardlife.se\/fr\/wp-json\/wp\/v2\/types\/product"}],"replies":[{"embeddable":true,"href":"https:\/\/www.boardlife.se\/fr\/wp-json\/wp\/v2\/comments?post=133559"}],"wp:featuredmedia":[{"embeddable":true,"href":"https:\/\/www.boardlife.se\/fr\/wp-json\/wp\/v2\/media\/133568"}],"wp:attachment":[{"href":"https:\/\/www.boardlife.se\/fr\/wp-json\/wp\/v2\/media?parent=133559"}],"wp:term":[{"taxonomy":"product_brand","embeddable":true,"href":"https:\/\/www.boardlife.se\/fr\/wp-json\/wp\/v2\/product_brand?post=133559"},{"taxonomy":"product_cat","embeddable":true,"href":"https:\/\/www.boardlife.se\/fr\/wp-json\/wp\/v2\/product_cat?post=133559"},{"taxonomy":"product_tag","embeddable":true,"href":"https:\/\/www.boardlife.se\/fr\/wp-json\/wp\/v2\/product_tag?post=133559"}],"curies":[{"name":"wp","href":"https:\/\/api.w.org\/{rel}","templated":true}]}}