{"id":133055,"date":"2021-02-01T11:29:12","date_gmt":"2021-02-01T10:29:12","guid":{"rendered":"https:\/\/www.boardlife.se\/?post_type=product&#038;p=133055"},"modified":"2021-02-12T11:22:15","modified_gmt":"2021-02-12T10:22:15","slug":"casque-de-neige-blanc-de-lexpediteur-rekd","status":"publish","type":"product","link":"https:\/\/www.boardlife.se\/fr\/boutique\/protection\/casque-de-neige\/casque-de-neige-blanc-de-lexpediteur-rekd\/","title":{"rendered":"Casque de neige REKD Sender Blanc"},"content":{"rendered":"<p>D\u00e9valez les pistes avec style gr\u00e2ce \u00e0 ce superbe casque de REKD.<\/p>\n<p>Les oreillettes amovibles sont con\u00e7ues pour ceux qui souhaitent porter des \u00e9couteurs en skiant, afin de profiter de leur musique sur les pistes. Certifi\u00e9 EN 1077 classe B, ce casque offre une s\u00e9curit\u00e9 optimale.<\/p>\n<ul>\n<li>L&#039;\u00e9metteur utilise un noyau interne haute densit\u00e9.<\/li>\n<li>Coupe confortable et \u00e9l\u00e9gante avec un rembourrage doux et chaud.<\/li>\n<li>Oreillettes amovibles dot\u00e9es d&#039;une encoche ergonomique permettant l&#039;utilisation simultan\u00e9e d&#039;\u00e9couteurs.<\/li>\n<li>Il ne p\u00e8se que 630 g, id\u00e9al pour les voyageurs.<\/li>\n<li>Norme de s\u00e9curit\u00e9 certifi\u00e9e EN 1077 Classe B.<\/li>\n<li><a class=\"glossaryLink cmtt_Skydd\" aria-describedby=\"tt\" data-cmtooltip=\"&lt;div class=glossaryItemTitle&gt;Fidlock&lt;\/div&gt;&lt;div class=glossaryItemBody&gt;Enkelanv&auml;nda magnetf&auml;sten f&ouml;r hj&auml;lmar.&lt;\/div&gt;&lt;div class=glossaryTooltipMoreLinkWrapper&gt;&lt;a class=glossaryTooltipMoreLink href=https:\/\/www.boardlife.se\/fr\/glossaire\/fidlock\/ &gt;L&auml;s mer&lt;\/a&gt;&lt;\/div&gt;\" href=\"https:\/\/www.boardlife.se\/fr\/glossaire\/fidlock\/\" data-mobile-support=\"0\" data-gt-translate-attributes='[{\"attribute\":\"data-cmtooltip\", \"format\":\"html\"}]'>Fidlock<\/a> Magnetiskt sp&auml;nne som g&aring;r snabbt och enkelt att f&auml;sta.<\/li>\n<li>Syst\u00e8me de r\u00e9glage Twist-Fit avec molette assurant un ajustement parfait \u00e0 chaque utilisation du casque.<\/li>\n<li>S\/XL \u2013 54-58 cm.<\/li>\n<\/ul>\n<p>&nbsp;<\/p>\n<p>&nbsp;<\/p>","protected":false},"excerpt":{"rendered":"<p>D\u00e9valez les pistes avec style, sans sacrifier la s\u00e9curit\u00e9. Un casque vraiment styl\u00e9 sign\u00e9 REKD. Ultra-l\u00e9ger et flexible, il s&#039;ajuste facilement \u00e0 votre t\u00eate gr\u00e2ce \u00e0 la molette de r\u00e9glage situ\u00e9e \u00e0 l&#039;arri\u00e8re. La boucle Fidlock permet de l&#039;attacher facilement d&#039;une seule main, m\u00eame avec des gants. Ce casque offre \u00e9galement d&#039;autres caract\u00e9ristiques int\u00e9ressantes, comme des cache-oreilles amovibles et un rembourrage chauffant ultra-doux.<\/p>","protected":false},"featured_media":133174,"comment_status":"open","ping_status":"closed","template":"","meta":[],"product_brand":[2599],"product_cat":[2337,547],"product_tag":[],"class_list":{"0":"post-133055","1":"product","2":"type-product","3":"status-publish","4":"has-post-thumbnail","6":"product_brand-rekd","7":"product_cat-helmet-snow","8":"product_cat-snow","9":"pa_manufacturer-rekd","10":"pa_storlekar-s-xl-54-58cm","12":"first","13":"instock","14":"taxable","15":"shipping-taxable","16":"purchasable","17":"product-type-simple"},"composite_virtual":false,"composite_layout":"","composite_add_to_cart_form_location":"","composite_editable_in_cart":false,"composite_sold_individually_context":"","composite_shop_price_calc":"","composite_components":[],"composite_scenarios":[],"jetpack_sharing_enabled":true,"_links":{"self":[{"href":"https:\/\/www.boardlife.se\/fr\/wp-json\/wp\/v2\/product\/133055","targetHints":{"allow":["GET"]}}],"collection":[{"href":"https:\/\/www.boardlife.se\/fr\/wp-json\/wp\/v2\/product"}],"about":[{"href":"https:\/\/www.boardlife.se\/fr\/wp-json\/wp\/v2\/types\/product"}],"replies":[{"embeddable":true,"href":"https:\/\/www.boardlife.se\/fr\/wp-json\/wp\/v2\/comments?post=133055"}],"wp:featuredmedia":[{"embeddable":true,"href":"https:\/\/www.boardlife.se\/fr\/wp-json\/wp\/v2\/media\/133174"}],"wp:attachment":[{"href":"https:\/\/www.boardlife.se\/fr\/wp-json\/wp\/v2\/media?parent=133055"}],"wp:term":[{"taxonomy":"product_brand","embeddable":true,"href":"https:\/\/www.boardlife.se\/fr\/wp-json\/wp\/v2\/product_brand?post=133055"},{"taxonomy":"product_cat","embeddable":true,"href":"https:\/\/www.boardlife.se\/fr\/wp-json\/wp\/v2\/product_cat?post=133055"},{"taxonomy":"product_tag","embeddable":true,"href":"https:\/\/www.boardlife.se\/fr\/wp-json\/wp\/v2\/product_tag?post=133055"}],"curies":[{"name":"wp","href":"https:\/\/api.w.org\/{rel}","templated":true}]}}