{"id":132907,"date":"2021-02-25T08:15:44","date_gmt":"2021-02-25T07:15:44","guid":{"rendered":"https:\/\/www.boardlife.se\/?post_type=product&#038;p=132907"},"modified":"2024-06-20T22:04:01","modified_gmt":"2024-06-20T20:04:01","slug":"fuse-omega-glove-black","status":"publish","type":"product","link":"https:\/\/www.boardlife.se\/fr\/boutique\/protection\/gants\/fuse-omega-glove-black\/","title":{"rendered":"Gant Fuse Omega Noir"},"content":{"rendered":"<p>Prot\u00e9gez vos mains lors de vos sorties. On sait tous ce que c&#039;est que d&#039;avoir les paumes \u00e9rafl\u00e9es. De plus, ces gants offrent une bonne adh\u00e9rence si vous devez tenir un guidon ou une manette de skate \u00e9lectrique. Dans tous les cas, c&#039;est une excellente protection contre les blessures. Les gants confortables Fuse de la gamme Chroma sont parfaits pour ceux qui recherchent une protection simple pour faire du BMX, du kickbike, de la trottinette, du skate \u00e9lectrique ou tout simplement pour ceux qui souhaitent une meilleure protection lors de leurs sorties en skate.<\/p>\n<p>La paume est en cuir r\u00e9sistant avec des perforations pour une meilleure ventilation. Le dos est en polyester solide et en tissu PU pour un confort et une flexibilit\u00e9 optimaux.<\/p>\n<p>Fuse Omega har fina egenskaper h&auml;r har du n&aring;gra av dom.<\/p>\n<ul>\n<li>Slimmad design som &auml;r bandl&ouml;s.<\/li>\n<li>F&ouml;rst&auml;rkning ovanp&aring; fingrarna.<\/li>\n<li>Silicongrepp vid bromsfingrarna.<\/li>\n<li>Microfibre sur le pouce pour essuyer la transpiration.<\/li>\n<\/ul>\n<p>&nbsp;<\/p>","protected":false},"excerpt":{"rendered":"<p>Fuse Omega est une paire de gants id\u00e9ale pour ceux qui recherchent un design \u00e9l\u00e9gant et color\u00e9 tout en \u00e9tant mieux prot\u00e9g\u00e9s contre les blessures. Ces gants sont con\u00e7us pour une bonne prise en main du guidon et de la t\u00e9l\u00e9commande si vous en utilisez une. Autrement dit, que vous pratiquiez la planche, le BMX, la trottinette, le kickbike ou le skate \u00e9lectrique, vous b\u00e9n\u00e9ficierez d&#039;une meilleure protection et d&#039;une meilleure adh\u00e9rence.<\/p>","protected":false},"featured_media":132913,"comment_status":"open","ping_status":"closed","template":"","meta":[],"product_brand":[2561],"product_cat":[2393],"product_tag":[],"class_list":{"0":"post-132907","1":"product","2":"type-product","3":"status-publish","4":"has-post-thumbnail","6":"product_brand-fuse","7":"product_cat-gloves","8":"pa_manufacturer-fuse","9":"pa_storlekar-l","10":"pa_storlekar-m","11":"pa_storlekar-s","12":"pa_storlekar-xl","14":"first","15":"instock","16":"sale","17":"taxable","18":"shipping-taxable","19":"purchasable","20":"product-type-variable","21":"has-default-attributes"},"composite_virtual":false,"composite_layout":"","composite_add_to_cart_form_location":"","composite_editable_in_cart":false,"composite_sold_individually_context":"","composite_shop_price_calc":"","composite_components":[],"composite_scenarios":[],"jetpack_sharing_enabled":true,"_links":{"self":[{"href":"https:\/\/www.boardlife.se\/fr\/wp-json\/wp\/v2\/product\/132907","targetHints":{"allow":["GET"]}}],"collection":[{"href":"https:\/\/www.boardlife.se\/fr\/wp-json\/wp\/v2\/product"}],"about":[{"href":"https:\/\/www.boardlife.se\/fr\/wp-json\/wp\/v2\/types\/product"}],"replies":[{"embeddable":true,"href":"https:\/\/www.boardlife.se\/fr\/wp-json\/wp\/v2\/comments?post=132907"}],"wp:featuredmedia":[{"embeddable":true,"href":"https:\/\/www.boardlife.se\/fr\/wp-json\/wp\/v2\/media\/132913"}],"wp:attachment":[{"href":"https:\/\/www.boardlife.se\/fr\/wp-json\/wp\/v2\/media?parent=132907"}],"wp:term":[{"taxonomy":"product_brand","embeddable":true,"href":"https:\/\/www.boardlife.se\/fr\/wp-json\/wp\/v2\/product_brand?post=132907"},{"taxonomy":"product_cat","embeddable":true,"href":"https:\/\/www.boardlife.se\/fr\/wp-json\/wp\/v2\/product_cat?post=132907"},{"taxonomy":"product_tag","embeddable":true,"href":"https:\/\/www.boardlife.se\/fr\/wp-json\/wp\/v2\/product_tag?post=132907"}],"curies":[{"name":"wp","href":"https:\/\/api.w.org\/{rel}","templated":true}]}}