{"id":132823,"date":"2021-02-24T13:16:33","date_gmt":"2021-02-24T12:16:33","guid":{"rendered":"https:\/\/www.boardlife.se\/?post_type=product&#038;p=132823"},"modified":"2021-07-10T22:17:03","modified_gmt":"2021-07-10T20:17:03","slug":"gants-fuse-chroma-lune-de-sang","status":"publish","type":"product","link":"https:\/\/www.boardlife.se\/fr\/boutique\/protection\/gants\/gants-fuse-chroma-lune-de-sang\/","title":{"rendered":"Gants Fuse Chroma Lune de sang"},"content":{"rendered":"<p>Prot\u00e9gez vos mains lors de vos sorties. On sait tous ce que c&#039;est que d&#039;avoir les paumes \u00e9rafl\u00e9es. De plus, ces gants offrent une bonne adh\u00e9rence si vous devez tenir un guidon ou une manette de skate \u00e9lectrique. Dans tous les cas, c&#039;est une excellente protection contre les blessures. Les gants confortables Fuse de la gamme Chroma sont parfaits pour ceux qui recherchent une protection simple pour faire du BMX, du kickbike, de la trottinette, du skate \u00e9lectrique ou tout simplement pour ceux qui souhaitent une meilleure protection lors de leurs sorties en skate.<\/p>\n<p>La paume est en cuir r\u00e9sistant avec des perforations pour une meilleure ventilation. Le dos est en polyester solide et en tissu PU pour un confort et une flexibilit\u00e9 optimaux.<\/p>\n<p>Fuse Chroma poss\u00e8de des fonctionnalit\u00e9s int\u00e9ressantes, en voici quelques-unes.<\/p>\n<ul>\n<li>Renfort sur le pouce et l&#039;index.<\/li>\n<li>Microfibre sur le pouce pour essuyer la transpiration.<\/li>\n<li>Poign\u00e9e en silicone sur les doigts de frein.<\/li>\n<li>Bracelet Velcro r\u00e9glable au poignet.<\/li>\n<\/ul>","protected":false},"excerpt":{"rendered":"<p>Les gants Fuse Chroma Blood Moon sont parfaits pour ceux qui recherchent un motif \u00e9l\u00e9gant et color\u00e9 tout en \u00e9tant mieux prot\u00e9g\u00e9s. Ils sont con\u00e7us pour une bonne prise en main du guidon et de la t\u00e9l\u00e9commande si vous en utilisez une. Autrement dit, que vous soyez en skateboard, en BMX, en trottinette, en kickbike ou en e-skate, vous b\u00e9n\u00e9ficierez d&#039;une meilleure protection et d&#039;une meilleure adh\u00e9rence.<\/p>","protected":false},"featured_media":132826,"comment_status":"open","ping_status":"closed","template":"","meta":[],"product_brand":[2561],"product_cat":[2393],"product_tag":[],"class_list":{"0":"post-132823","1":"product","2":"type-product","3":"status-publish","4":"has-post-thumbnail","6":"product_brand-fuse","7":"product_cat-gloves","8":"pa_manufacturer-fuse","9":"pa_storlekar-l","10":"pa_storlekar-m","11":"pa_storlekar-s","12":"pa_storlekar-xl","14":"first","15":"instock","16":"taxable","17":"shipping-taxable","18":"purchasable","19":"product-type-variable","20":"has-default-attributes"},"composite_virtual":false,"composite_layout":"","composite_add_to_cart_form_location":"","composite_editable_in_cart":false,"composite_sold_individually_context":"","composite_shop_price_calc":"","composite_components":[],"composite_scenarios":[],"jetpack_sharing_enabled":true,"_links":{"self":[{"href":"https:\/\/www.boardlife.se\/fr\/wp-json\/wp\/v2\/product\/132823","targetHints":{"allow":["GET"]}}],"collection":[{"href":"https:\/\/www.boardlife.se\/fr\/wp-json\/wp\/v2\/product"}],"about":[{"href":"https:\/\/www.boardlife.se\/fr\/wp-json\/wp\/v2\/types\/product"}],"replies":[{"embeddable":true,"href":"https:\/\/www.boardlife.se\/fr\/wp-json\/wp\/v2\/comments?post=132823"}],"wp:featuredmedia":[{"embeddable":true,"href":"https:\/\/www.boardlife.se\/fr\/wp-json\/wp\/v2\/media\/132826"}],"wp:attachment":[{"href":"https:\/\/www.boardlife.se\/fr\/wp-json\/wp\/v2\/media?parent=132823"}],"wp:term":[{"taxonomy":"product_brand","embeddable":true,"href":"https:\/\/www.boardlife.se\/fr\/wp-json\/wp\/v2\/product_brand?post=132823"},{"taxonomy":"product_cat","embeddable":true,"href":"https:\/\/www.boardlife.se\/fr\/wp-json\/wp\/v2\/product_cat?post=132823"},{"taxonomy":"product_tag","embeddable":true,"href":"https:\/\/www.boardlife.se\/fr\/wp-json\/wp\/v2\/product_tag?post=132823"}],"curies":[{"name":"wp","href":"https:\/\/api.w.org\/{rel}","templated":true}]}}