{"id":130962,"date":"2021-01-05T11:43:09","date_gmt":"2021-01-05T10:43:09","guid":{"rendered":"https:\/\/www.boardlife.se\/?post_type=product&#038;p=130962"},"modified":"2021-06-12T13:13:22","modified_gmt":"2021-06-12T11:13:22","slug":"os-stf-mcclung-inconnu-v1-52mm","status":"publish","type":"product","link":"https:\/\/www.boardlife.se\/fr\/boutique\/skateboard\/composants-de-skateboard\/roues-de-skateboard\/os-stf-mcclung-inconnu-v1-52mm\/","title":{"rendered":"Bones STF McClung Inconnu v1 52mm"},"content":{"rendered":"<div id=\"product-info-section-overview\" class=\"js-expander-group expanded\">\n<div class=\"product-info-expander-header js-expander-header\">Le mod\u00e8le Bones McClung est une roue qui roule vite, adh\u00e8re quand vous en avez besoin et vous permet de glisser quand vous le souhaitez. Ces roues sont tr\u00e8s r\u00e9sistantes et conservent parfaitement leur forme gr\u00e2ce \u00e0 leur excellente formule.<\/div>\n<ul>\n<li>Taille: 52 mm<\/li>\n<li>Largeur : 31 mm<\/li>\n<li>Durom\u00e8tre : 99A<\/li>\n<li>Forme de roue : Roues standard V1 (polyvalentes, meilleures performances globales)<\/li>\n<li>Formule de roue : STF (Street Tech Formula)<\/li>\n<li>Utilisation sugg\u00e9r\u00e9e de la roue\u00a0: rue<\/li>\n<li>Surface de la roue : lisse<\/li>\n<\/ul>\n<\/div>","protected":false},"excerpt":{"rendered":"<p>Ce mod\u00e8le de roues Bones poss\u00e8de une jolie formule STF (Street Tech Formula) parfaite pour le street skating.<\/p>","protected":false},"featured_media":130966,"comment_status":"open","ping_status":"closed","template":"","meta":[],"product_brand":[2540],"product_cat":[967],"product_tag":[889],"class_list":{"0":"post-130962","1":"product","2":"type-product","3":"status-publish","4":"has-post-thumbnail","6":"product_brand-bones-bearings","7":"product_cat-wheels-skateboard","8":"product_tag-bones","9":"pa_diameter-52mm","10":"pa_durometer-99a","11":"pa_manufacturer-bones","13":"first","14":"instock","15":"taxable","16":"shipping-taxable","17":"purchasable","18":"product-type-simple"},"composite_virtual":false,"composite_layout":"","composite_add_to_cart_form_location":"","composite_editable_in_cart":false,"composite_sold_individually_context":"","composite_shop_price_calc":"","composite_components":[],"composite_scenarios":[],"jetpack_sharing_enabled":true,"_links":{"self":[{"href":"https:\/\/www.boardlife.se\/fr\/wp-json\/wp\/v2\/product\/130962","targetHints":{"allow":["GET"]}}],"collection":[{"href":"https:\/\/www.boardlife.se\/fr\/wp-json\/wp\/v2\/product"}],"about":[{"href":"https:\/\/www.boardlife.se\/fr\/wp-json\/wp\/v2\/types\/product"}],"replies":[{"embeddable":true,"href":"https:\/\/www.boardlife.se\/fr\/wp-json\/wp\/v2\/comments?post=130962"}],"wp:featuredmedia":[{"embeddable":true,"href":"https:\/\/www.boardlife.se\/fr\/wp-json\/wp\/v2\/media\/130966"}],"wp:attachment":[{"href":"https:\/\/www.boardlife.se\/fr\/wp-json\/wp\/v2\/media?parent=130962"}],"wp:term":[{"taxonomy":"product_brand","embeddable":true,"href":"https:\/\/www.boardlife.se\/fr\/wp-json\/wp\/v2\/product_brand?post=130962"},{"taxonomy":"product_cat","embeddable":true,"href":"https:\/\/www.boardlife.se\/fr\/wp-json\/wp\/v2\/product_cat?post=130962"},{"taxonomy":"product_tag","embeddable":true,"href":"https:\/\/www.boardlife.se\/fr\/wp-json\/wp\/v2\/product_tag?post=130962"}],"curies":[{"name":"wp","href":"https:\/\/api.w.org\/{rel}","templated":true}]}}