{"id":129975,"date":"2020-12-21T17:43:18","date_gmt":"2020-12-21T16:43:18","guid":{"rendered":"https:\/\/www.boardlife.se\/?post_type=product&#038;p=129975"},"modified":"2025-11-27T14:14:33","modified_gmt":"2025-11-27T13:14:33","slug":"bones-100s-og3-v5-53mm-100a","status":"publish","type":"product","link":"https:\/\/www.boardlife.se\/fr\/boutique\/skateboard\/composants-de-skateboard\/roues-de-skateboard\/bones-100s-og3-v5-53mm-100a\/","title":{"rendered":"Bones 100&#039;s OG#3 V5 53 mm 100a"},"content":{"rendered":"<div id=\"product-info-section-overview\" class=\"js-expander-group expanded\">\n<div class=\"product-info-expander-header js-expander-header\">Bones 100s &auml;r en serie som h&auml;ngt med l&auml;nge och delvis beror det p&aring; att de &auml;r s&aring; sjukt bra. Du f&aring;r en mysig formula och en h&aring;rdhet p&aring; 100a som &auml;r supersk&ouml;n i parken.<\/div>\n<ul>\n<li>size: 53 mm<\/li>\n<li>contact patch: 16,5 mm<\/li>\n<li>width: 31 mm<\/li>\n<li>durometer: 100A<\/li>\n<li>V5 Sidecuts shape<\/li>\n<li>best for ledges, rails and bowls<\/li>\n<li>sidecut walls, designed for more stability, less drag and longer grinds<\/li>\n<li>Original Formula urethane<\/li>\n<li>superior slide and grip characteristics<\/li>\n<li>high <a class=\"glossaryLink cmtt_Komponenter cmtt_&Aring;kning\" aria-describedby=\"tt\" data-cmtooltip=\"&lt;div class=glossaryItemTitle&gt;Rebound&lt;\/div&gt;&lt;div class=glossaryItemBody&gt;Rebound &auml;r den kraft som n&aring;got ger tillbaka efter att man exempelvis pressat sina bushings, truckar, hjul eller br&auml;da i en viss riktning. En h&ouml;gre rebound betyder en starkare kraft tillbaka till sitt ursprungsl&auml;ge.&lt;\/div&gt;&lt;div class=glossaryTooltipMoreLinkWrapper&gt;&lt;a class=glossaryTooltipMoreLink href=https:\/\/www.boardlife.se\/fr\/glossaire\/rebond\/ &gt;L&auml;s mer&lt;\/a&gt;&lt;\/div&gt;\" href=\"https:\/\/www.boardlife.se\/fr\/glossaire\/rebond\/\" data-mobile-support=\"0\" data-gt-translate-attributes='[{\"attribute\":\"data-cmtooltip\", \"format\":\"html\"}]'>rebond<\/a> for speed<\/li>\n<li>UV protected<\/li>\n<\/ul>\n<\/div>","protected":false},"excerpt":{"rendered":"<p>En klassisk modell fr\u00e5n Bones i serien 100s. V5 \u00e4r uppdaterad n\u00e5got sedan tidigare modeller. En klassiker f\u00f6r parken. Hjulen s\u00e4ljs i 4-pack \u00e4ven om bilden bara visar 2 hjul \ud83d\ude42<\/p>","protected":false},"featured_media":129977,"comment_status":"open","ping_status":"closed","template":"","meta":[],"product_brand":[2540],"product_cat":[967],"product_tag":[889],"class_list":{"0":"post-129975","1":"product","2":"type-product","3":"status-publish","4":"has-post-thumbnail","6":"product_brand-bones-bearings","7":"product_cat-wheels-skateboard","8":"product_tag-bones","9":"pa_diameter-53mm","10":"pa_durometer-100a","11":"pa_manufacturer-bones","13":"first","14":"instock","15":"taxable","16":"shipping-taxable","17":"purchasable","18":"product-type-simple"},"composite_virtual":false,"composite_layout":"","composite_add_to_cart_form_location":"","composite_editable_in_cart":false,"composite_sold_individually_context":"","composite_shop_price_calc":"","composite_components":[],"composite_scenarios":[],"jetpack_sharing_enabled":true,"_links":{"self":[{"href":"https:\/\/www.boardlife.se\/fr\/wp-json\/wp\/v2\/product\/129975","targetHints":{"allow":["GET"]}}],"collection":[{"href":"https:\/\/www.boardlife.se\/fr\/wp-json\/wp\/v2\/product"}],"about":[{"href":"https:\/\/www.boardlife.se\/fr\/wp-json\/wp\/v2\/types\/product"}],"replies":[{"embeddable":true,"href":"https:\/\/www.boardlife.se\/fr\/wp-json\/wp\/v2\/comments?post=129975"}],"wp:featuredmedia":[{"embeddable":true,"href":"https:\/\/www.boardlife.se\/fr\/wp-json\/wp\/v2\/media\/129977"}],"wp:attachment":[{"href":"https:\/\/www.boardlife.se\/fr\/wp-json\/wp\/v2\/media?parent=129975"}],"wp:term":[{"taxonomy":"product_brand","embeddable":true,"href":"https:\/\/www.boardlife.se\/fr\/wp-json\/wp\/v2\/product_brand?post=129975"},{"taxonomy":"product_cat","embeddable":true,"href":"https:\/\/www.boardlife.se\/fr\/wp-json\/wp\/v2\/product_cat?post=129975"},{"taxonomy":"product_tag","embeddable":true,"href":"https:\/\/www.boardlife.se\/fr\/wp-json\/wp\/v2\/product_tag?post=129975"}],"curies":[{"name":"wp","href":"https:\/\/api.w.org\/{rel}","templated":true}]}}