{"id":129852,"date":"2020-12-17T13:56:56","date_gmt":"2020-12-17T12:56:56","guid":{"rendered":"https:\/\/www.boardlife.se\/?post_type=product&#038;p=129852"},"modified":"2026-02-07T23:41:41","modified_gmt":"2026-02-07T22:41:41","slug":"laisse-elastique-harfang-rouge","status":"publish","type":"product","link":"https:\/\/www.boardlife.se\/fr\/boutique\/neige\/patin-a-neige\/laisse-elastique-harfang-rouge\/","title":{"rendered":"Harfang Bungee Leash Rouge"},"content":{"rendered":"<p>Assurez-vous que votre planche ne d\u00e9passe pas de vous sur la piste en cas d&#039;arriv\u00e9e de neige ou lorsque vous sautez. Le leash \u00e9lastique Harfang vous offre \u00e9galement un arr\u00eat plus doux gr\u00e2ce \u00e0 son ressort. De plus, il ne vous g\u00eane pas car il se r\u00e9tracte lorsqu&#039;il n&#039;est pas utilis\u00e9. R\u00e9tract\u00e9, le leash mesure 137 cm et peut atteindre 230 cm en position d\u00e9ploy\u00e9e. C&#039;est une sangle d&#039;arr\u00eat id\u00e9ale pour les snowskates, les snowboards ou tout autre type de mat\u00e9riel.<\/p>\n<p>Le leash s&#039;attache facilement aux trucks de votre snowskate. L&#039;image montre o\u00f9 les attacher au mieux.<\/p>\n<p><img loading=\"lazy\" decoding=\"async\" class=\"alignnone size-full wp-image-129847\" src=\"https:\/\/www.boardlife.se\/wp-content\/uploads\/2020\/12\/harfang-leashsetup.jpg\" alt=\"Configuration de la laisse Harfang\" width=\"291\" height=\"283\" srcset=\"https:\/\/www.boardlife.se\/wp-content\/uploads\/2020\/12\/harfang-leashsetup.jpg 291w, https:\/\/www.boardlife.se\/wp-content\/uploads\/2020\/12\/harfang-leashsetup-200x195.jpg 200w\" sizes=\"auto, (max-width: 291px) 100vw, 291px\"\/><\/p>","protected":false},"excerpt":{"rendered":"<p>Leash \u00e9lastique \u00e9l\u00e9gant et flexible de Harfang pour votre snowskate ou votre snowboard, qui peut \u00eatre \u00e9tir\u00e9 jusqu&#039;\u00e0 230 cm si n\u00e9cessaire.<\/p>","protected":false},"featured_media":129851,"comment_status":"open","ping_status":"closed","template":"","meta":[],"product_brand":[2569],"product_cat":[2309,1929],"product_tag":[],"class_list":{"0":"post-129852","1":"product","2":"type-product","3":"status-publish","4":"has-post-thumbnail","6":"product_brand-harfang","7":"product_cat-leash-accessories-snow","8":"product_cat-snowskate","9":"pa_manufacturer-harfang","11":"first","12":"instock","13":"taxable","14":"shipping-taxable","15":"purchasable","16":"product-type-simple"},"composite_virtual":false,"composite_layout":"","composite_add_to_cart_form_location":"","composite_editable_in_cart":false,"composite_sold_individually_context":"","composite_shop_price_calc":"","composite_components":[],"composite_scenarios":[],"jetpack_sharing_enabled":true,"_links":{"self":[{"href":"https:\/\/www.boardlife.se\/fr\/wp-json\/wp\/v2\/product\/129852","targetHints":{"allow":["GET"]}}],"collection":[{"href":"https:\/\/www.boardlife.se\/fr\/wp-json\/wp\/v2\/product"}],"about":[{"href":"https:\/\/www.boardlife.se\/fr\/wp-json\/wp\/v2\/types\/product"}],"replies":[{"embeddable":true,"href":"https:\/\/www.boardlife.se\/fr\/wp-json\/wp\/v2\/comments?post=129852"}],"wp:featuredmedia":[{"embeddable":true,"href":"https:\/\/www.boardlife.se\/fr\/wp-json\/wp\/v2\/media\/129851"}],"wp:attachment":[{"href":"https:\/\/www.boardlife.se\/fr\/wp-json\/wp\/v2\/media?parent=129852"}],"wp:term":[{"taxonomy":"product_brand","embeddable":true,"href":"https:\/\/www.boardlife.se\/fr\/wp-json\/wp\/v2\/product_brand?post=129852"},{"taxonomy":"product_cat","embeddable":true,"href":"https:\/\/www.boardlife.se\/fr\/wp-json\/wp\/v2\/product_cat?post=129852"},{"taxonomy":"product_tag","embeddable":true,"href":"https:\/\/www.boardlife.se\/fr\/wp-json\/wp\/v2\/product_tag?post=129852"}],"curies":[{"name":"wp","href":"https:\/\/api.w.org\/{rel}","templated":true}]}}