{"id":129825,"date":"2020-12-17T14:01:11","date_gmt":"2020-12-17T13:01:11","guid":{"rendered":"https:\/\/www.boardlife.se\/?post_type=product&#038;p=129825"},"modified":"2026-02-26T12:47:53","modified_gmt":"2026-02-26T11:47:53","slug":"harfang-snowskate-natif-complet","status":"publish","type":"product","link":"https:\/\/www.boardlife.se\/fr\/boutique\/neige\/patin-a-neige\/snowskate-sous-ski-complet\/harfang-snowskate-natif-complet\/","title":{"rendered":"Harfang Snowskate Native complet"},"content":{"rendered":"<p>Nous sommes fiers de pouvoir vous proposer les snowskates Harfang, originaires des for\u00eats canadiennes, jusqu&#039;aux pays nordiques. Harfang propose des planches fabriqu\u00e9es \u00e0 la main avec de nombreuses options de personnalisation. Les snowskates se d\u00e9clinent en diff\u00e9rents mod\u00e8les et mod\u00e8les. Certains sont constitu\u00e9s d&#039;une simple planche, id\u00e9ales pour les figures de rue, tandis que d&#039;autres, comme celui-ci, sont \u00e9quip\u00e9s d&#039;un ski et permettent de tourner avec. Si vous souhaitez d\u00e9valer les pistes ou m\u00eame cr\u00e9er une piste plus longue avec des figures, c&#039;est une excellente id\u00e9e. Harfang a mis l&#039;accent sur un syst\u00e8me dot\u00e9 de pi\u00e8ces d\u00e9tach\u00e9es interchangeables et compatible avec d&#039;autres marques. Le truck du snowskate est disponible en diff\u00e9rentes hauteurs de profil, tout comme les trucks de skate classiques. Ainsi, pour ceux qui ont d\u00e9j\u00e0 un peu skat\u00e9, cette planche vous semblera plus famili\u00e8re, car vous \u00eates \u00e0 la m\u00eame distance de la neige qu&#039;avec une planche classique sur sol nu.<\/p>\n<p>Les composants Harfang sont soigneusement s\u00e9lectionn\u00e9s et fabriqu\u00e9s avec soin. La planche est compos\u00e9e de 7 plis d&#039;\u00e9rable canadien press\u00e9 \u00e0 froid et d&#039;une couche d&#039;\u00e9poxy imperm\u00e9able.<\/p>\n<p>Le snowskate complet de Harfang est livr\u00e9 avec la configuration suivante :<\/p>\n<ul>\n<li>Harfang Sub ski 43\u2033<\/li>\n<li>Pont sup\u00e9rieur Harfang 9,375\u2033 x 35\u2033 (23,8 x 89 cm)<\/li>\n<li>Camion mi-haut Harfang Claw<\/li>\n<li>Poign\u00e9e en mousse<\/li>\n<li>Quincaillerie pour le pont sup\u00e9rieur et le sous-ski<\/li>\n<li>*Laisse \u00e9lastique noire (en option)<\/li>\n<\/ul>\n<p><iframe loading=\"lazy\" title=\"Montr\u00e9al Freeride avec Samuel Remillard - Harfang Snowskates\" width=\"500\" height=\"281\" src=\"https:\/\/www.youtube.com\/embed\/5JN0AR3YvCY?feature=oembed\" frameborder=\"0\" allow=\"accelerometer; autoplay; clipboard-write; encrypted-media; gyroscope; picture-in-picture; web-share\" referrerpolicy=\"strict-origin-when-cross-origin\" allowfullscreen><\/iframe><\/p>","protected":false},"excerpt":{"rendered":"<p>Harfang Snowskate, directement du Canada. Un snowskate polyvalent pour ceux qui souhaitent rider en ext\u00e9rieur sous la neige. Gr\u00e2ce aux skis, vous pouvez aller vite tout en contr\u00f4lant la planche dans les virages et les slides. Le truck n&#039;est pas plus haut qu&#039;un truck de skate classique, ce qui vous procure la m\u00eame sensation de hauteur par rapport au sol. Harfang est fabriqu\u00e9 avec des mat\u00e9riaux de haute qualit\u00e9 et permet de changer de composants de la m\u00eame marque ou d&#039;autres marques.<\/p>","protected":false},"featured_media":129834,"comment_status":"open","ping_status":"closed","template":"","meta":[],"product_brand":[2569],"product_cat":[1929,2709],"product_tag":[],"class_list":{"0":"post-129825","1":"product","2":"type-product","3":"status-publish","4":"has-post-thumbnail","6":"product_brand-harfang","7":"product_cat-snowskate","8":"product_cat-snowskate-sub-ski-komplett","9":"pa_manufacturer-harfang","10":"pa_montering-yes-assembly","11":"pa_montering-no-assembly","13":"first","14":"instock","15":"taxable","16":"shipping-taxable","17":"purchasable","18":"product-type-variable","19":"has-default-attributes"},"composite_virtual":false,"composite_layout":"","composite_add_to_cart_form_location":"","composite_editable_in_cart":false,"composite_sold_individually_context":"","composite_shop_price_calc":"","composite_components":[],"composite_scenarios":[],"jetpack_sharing_enabled":true,"_links":{"self":[{"href":"https:\/\/www.boardlife.se\/fr\/wp-json\/wp\/v2\/product\/129825","targetHints":{"allow":["GET"]}}],"collection":[{"href":"https:\/\/www.boardlife.se\/fr\/wp-json\/wp\/v2\/product"}],"about":[{"href":"https:\/\/www.boardlife.se\/fr\/wp-json\/wp\/v2\/types\/product"}],"replies":[{"embeddable":true,"href":"https:\/\/www.boardlife.se\/fr\/wp-json\/wp\/v2\/comments?post=129825"}],"wp:featuredmedia":[{"embeddable":true,"href":"https:\/\/www.boardlife.se\/fr\/wp-json\/wp\/v2\/media\/129834"}],"wp:attachment":[{"href":"https:\/\/www.boardlife.se\/fr\/wp-json\/wp\/v2\/media?parent=129825"}],"wp:term":[{"taxonomy":"product_brand","embeddable":true,"href":"https:\/\/www.boardlife.se\/fr\/wp-json\/wp\/v2\/product_brand?post=129825"},{"taxonomy":"product_cat","embeddable":true,"href":"https:\/\/www.boardlife.se\/fr\/wp-json\/wp\/v2\/product_cat?post=129825"},{"taxonomy":"product_tag","embeddable":true,"href":"https:\/\/www.boardlife.se\/fr\/wp-json\/wp\/v2\/product_tag?post=129825"}],"curies":[{"name":"wp","href":"https:\/\/api.w.org\/{rel}","templated":true}]}}