{"id":129507,"date":"2020-12-09T16:39:25","date_gmt":"2020-12-09T15:39:25","guid":{"rendered":"https:\/\/www.boardlife.se\/?post_type=product&#038;p=129507"},"modified":"2022-06-16T14:57:46","modified_gmt":"2022-06-16T12:57:46","slug":"bonnet-vert-foret-de-5000-miles","status":"publish","type":"product","link":"https:\/\/www.boardlife.se\/fr\/boutique\/vetements-de-rue\/chapeau\/bonnet-vert-foret-de-5000-miles\/","title":{"rendered":"Bonnet 5000 Miles Vert For\u00eat"},"content":{"rendered":"<p dir=\"ltr\">Le bonnet vert for\u00eat basique est id\u00e9al pour affronter le froid de l&#039;automne et les gel\u00e9es hivernales. Sa composition optimale, 50 % laine 100 % TP3 % acrylique 50 % TP3 %, lui conf\u00e8re une protection parfaite contre le froid et le vent. Doux et confortable, il ne gratte pas.<\/p>\n<p dir=\"ltr\">Ce bonnet est dot\u00e9 d&#039;une maille uniforme et \u00e9lastique, lui permettant de bien \u00e9pouser la forme de la t\u00eate. Il est disponible en taille unique, convenant aussi bien aux femmes qu&#039;aux hommes. Sa principale caract\u00e9ristique est une couture \u00e0 l&#039;arri\u00e8re de la t\u00eate, qui lui conf\u00e8re une forme originale. Un \u00e9l\u00e9gant revers compl\u00e8te le design.<\/p>\n<h2 dir=\"ltr\">Caract\u00e9ristiques du chapeau vert for\u00eat basique<\/h2>\n<p dir=\"ltr\">Les bonnets tricot\u00e9s 5000 Miles sont tr\u00e8s pris\u00e9s des sportifs, car ils offrent un confort optimal et tiennent parfaitement sur la t\u00eate.<\/p>\n<p dir=\"ltr\">Principaux avantages du vert for\u00eat de base<\/p>\n<ul>\n<li dir=\"ltr\">taille unisexe ;<\/li>\n<li dir=\"ltr\">excellente qualit\u00e9 de confection ;<\/li>\n<li dir=\"ltr\">mat\u00e9riaux de haute qualit\u00e9 ;<\/li>\n<li dir=\"ltr\">design ultra-moderne ;<\/li>\n<li dir=\"ltr\">couleur vert vif \u00e9l\u00e9gante ;<\/li>\n<li dir=\"ltr\">revers \u00e0 la mode ;<\/li>\n<li dir=\"ltr\">peu exigeant en mati\u00e8re de soins;<\/li>\n<li dir=\"ltr\">s&#039;accorde harmonieusement avec des v\u00eatements de toutes les couleurs ;<\/li>\n<li dir=\"ltr\">tient chaud par temps froid et venteux.<\/li>\n<\/ul>\n<p dir=\"ltr\">Un chapeau \u00e9l\u00e9gant se marie parfaitement avec une doudoune, une parka ou un manteau. Il permettra de compl\u00e9ter la tenue et pourra m\u00eame en devenir la pi\u00e8ce ma\u00eetresse.<\/p>\n<h2 dir=\"ltr\">Chapeau vert for\u00eat basique \u2013 le choix des hommes actifs<\/h2>\n<p dir=\"ltr\">Ce bonnet d&#039;hiver tricot\u00e9, confortable et de haute qualit\u00e9, deviendra vite un indispensable de votre garde-robe. Gr\u00e2ce \u00e0 son excellente thermor\u00e9gulation, il laisse la peau respirer tout en assurant une bonne a\u00e9ration et en \u00e9vacuant la chaleur.<\/p>\n<p dir=\"ltr\">Gr\u00e2ce \u00e0 sa composition optimale, le bouchon ne provoque ni allergies ni irritations.<\/p>\n<p dir=\"ltr\"><strong>Achat d&#039;un chapeau vert for\u00eat basique<\/strong>&nbsp;Elle s&#039;adresse aux jeunes, aux hommes et femmes d&#039;un certain \u00e2ge, aux amateurs de confort.<\/p>","protected":false},"excerpt":{"rendered":"<p>5000 Miles propose des chapeaux incroyablement \u00e9l\u00e9gants qui rehaussent n&#039;importe quelle tenue. De plus, ils sont confortables, ce qui n&#039;est pas un inconv\u00e9nient dans ce contexte.<\/p>","protected":false},"featured_media":129508,"comment_status":"open","ping_status":"closed","template":"","meta":[],"product_brand":[2564],"product_cat":[2019],"product_tag":[],"class_list":{"0":"post-129507","1":"product","2":"type-product","3":"status-publish","4":"has-post-thumbnail","6":"product_brand-girl","7":"product_cat-hats","8":"pa_manufacturer-5000-miles","9":"pa_storlekar-one-size","11":"first","12":"instock","13":"taxable","14":"shipping-taxable","15":"purchasable","16":"product-type-simple"},"composite_virtual":false,"composite_layout":"","composite_add_to_cart_form_location":"","composite_editable_in_cart":false,"composite_sold_individually_context":"","composite_shop_price_calc":"","composite_components":[],"composite_scenarios":[],"jetpack_sharing_enabled":true,"_links":{"self":[{"href":"https:\/\/www.boardlife.se\/fr\/wp-json\/wp\/v2\/product\/129507","targetHints":{"allow":["GET"]}}],"collection":[{"href":"https:\/\/www.boardlife.se\/fr\/wp-json\/wp\/v2\/product"}],"about":[{"href":"https:\/\/www.boardlife.se\/fr\/wp-json\/wp\/v2\/types\/product"}],"replies":[{"embeddable":true,"href":"https:\/\/www.boardlife.se\/fr\/wp-json\/wp\/v2\/comments?post=129507"}],"wp:featuredmedia":[{"embeddable":true,"href":"https:\/\/www.boardlife.se\/fr\/wp-json\/wp\/v2\/media\/129508"}],"wp:attachment":[{"href":"https:\/\/www.boardlife.se\/fr\/wp-json\/wp\/v2\/media?parent=129507"}],"wp:term":[{"taxonomy":"product_brand","embeddable":true,"href":"https:\/\/www.boardlife.se\/fr\/wp-json\/wp\/v2\/product_brand?post=129507"},{"taxonomy":"product_cat","embeddable":true,"href":"https:\/\/www.boardlife.se\/fr\/wp-json\/wp\/v2\/product_cat?post=129507"},{"taxonomy":"product_tag","embeddable":true,"href":"https:\/\/www.boardlife.se\/fr\/wp-json\/wp\/v2\/product_tag?post=129507"}],"curies":[{"name":"wp","href":"https:\/\/api.w.org\/{rel}","templated":true}]}}