{"id":129144,"date":"2020-12-02T10:53:10","date_gmt":"2020-12-02T09:53:10","guid":{"rendered":"https:\/\/www.boardlife.se\/?post_type=product&#038;p=129144"},"modified":"2024-03-04T16:23:37","modified_gmt":"2024-03-04T15:23:37","slug":"chargeur-rapide-exway-flex","status":"publish","type":"product","link":"https:\/\/www.boardlife.se\/fr\/boutique\/skateboard-electrique\/pieces-detachees-electriques\/chargeurs\/chargeur-rapide-exway-flex\/","title":{"rendered":"Chargeur rapide Exway Flex et X1 MAX"},"content":{"rendered":"<h2>Chargeur rapide compatible avec Exway Flex et X1 Max qui vous permet de recharger en un clin d&#039;\u0153il !<\/h2>\n<p>Recharger rapidement sa planche peut s&#039;av\u00e9rer tr\u00e8s pratique. Pour ceux qui utilisent leur planche en d\u00e9placement, pouvoir la recharger rapidement est parfois un vrai plus. Faites une pause dans un caf\u00e9, prenez un caf\u00e9 et votre planche sera compl\u00e8tement recharg\u00e9e une fois votre session termin\u00e9e.<\/p>\n<p>Le chargeur rapide permet une recharge compl\u00e8te en seulement 1,5 heure, contre plus de 4 heures avec un chargeur standard. C&#039;est un atout indispensable pour ceux qui ne s&#039;attardent pas longtemps au m\u00eame endroit. Ainsi, vous pouvez recharger votre planche instantan\u00e9ment.<\/p>","protected":false},"excerpt":{"rendered":"<p>Chargeur rapide pour Exway Flex et X1 Max qui recharge votre planche 3 fois plus vite\u00a0! Charge compl\u00e8te en environ 1,5\u00a0heure\u00a0! Id\u00e9al pour les plus impatients qui souhaitent rider sans attendre que leur planche soit pr\u00eate.<\/p>","protected":false},"featured_media":64735,"comment_status":"open","ping_status":"closed","template":"","meta":[],"product_brand":[2558],"product_cat":[2262],"product_tag":[1839,1840],"class_list":{"0":"post-129144","1":"product","2":"type-product","3":"status-publish","4":"has-post-thumbnail","6":"product_brand-exway","7":"product_cat-chargers","8":"product_tag-elbrada","9":"product_tag-elektrisk-longboard","10":"pa_manufacturer-exway","12":"first","13":"outofstock","14":"taxable","15":"shipping-taxable","16":"purchasable","17":"product-type-simple"},"composite_virtual":false,"composite_layout":"","composite_add_to_cart_form_location":"","composite_editable_in_cart":false,"composite_sold_individually_context":"","composite_shop_price_calc":"","composite_components":[],"composite_scenarios":[],"jetpack_sharing_enabled":true,"_links":{"self":[{"href":"https:\/\/www.boardlife.se\/fr\/wp-json\/wp\/v2\/product\/129144","targetHints":{"allow":["GET"]}}],"collection":[{"href":"https:\/\/www.boardlife.se\/fr\/wp-json\/wp\/v2\/product"}],"about":[{"href":"https:\/\/www.boardlife.se\/fr\/wp-json\/wp\/v2\/types\/product"}],"replies":[{"embeddable":true,"href":"https:\/\/www.boardlife.se\/fr\/wp-json\/wp\/v2\/comments?post=129144"}],"wp:featuredmedia":[{"embeddable":true,"href":"https:\/\/www.boardlife.se\/fr\/wp-json\/wp\/v2\/media\/64735"}],"wp:attachment":[{"href":"https:\/\/www.boardlife.se\/fr\/wp-json\/wp\/v2\/media?parent=129144"}],"wp:term":[{"taxonomy":"product_brand","embeddable":true,"href":"https:\/\/www.boardlife.se\/fr\/wp-json\/wp\/v2\/product_brand?post=129144"},{"taxonomy":"product_cat","embeddable":true,"href":"https:\/\/www.boardlife.se\/fr\/wp-json\/wp\/v2\/product_cat?post=129144"},{"taxonomy":"product_tag","embeddable":true,"href":"https:\/\/www.boardlife.se\/fr\/wp-json\/wp\/v2\/product_tag?post=129144"}],"curies":[{"name":"wp","href":"https:\/\/api.w.org\/{rel}","templated":true}]}}