{"id":127944,"date":"2020-11-12T12:22:41","date_gmt":"2020-11-12T11:22:41","guid":{"rendered":"https:\/\/www.boardlife.se\/?post_type=product&#038;p=127944"},"modified":"2020-11-12T12:22:41","modified_gmt":"2020-11-12T11:22:41","slug":"sac-tisse-ultime-boardlife","status":"publish","type":"product","link":"https:\/\/www.boardlife.se\/fr\/boutique\/vetements-de-rue\/sac-tisse-ultime-boardlife\/","title":{"rendered":"Sac tiss\u00e9 ultime Boardlife"},"content":{"rendered":"<p>Vous n&#039;\u00eates sans doute pas sans savoir qu&#039;il est essentiel de penser \u00e0 la plan\u00e8te que nous partageons. L&#039;une des solutions consiste \u00e0 r\u00e9duire notre consommation d&#039;articles jetables et de plastique en g\u00e9n\u00e9ral. Nous avons con\u00e7u un sac en tissu simple et \u00e9l\u00e9gant qui vous permet de transporter vos affaires facilement sans avoir \u00e0 acheter de sacs ni \u00e0 utiliser de plastique. Ces sacs en tissu se glissent tr\u00e8s facilement dans une poche ou un sac, ce qui vous offre la solution id\u00e9ale pour emporter quelque chose de plus.<\/p>","protected":false},"excerpt":{"rendered":"<p>Notre sac fourre-tout tendance vous simplifie la vie. L&#039;environnement et votre porte-monnaie vous remercieront. Un prix imbattable signifie qu&#039;il n&#039;y a aucune raison d&#039;h\u00e9siter. Rassurez-vous, achetez notre sac fourre-tout. Vous aurez un look tendance car vous montrez que vous vous souciez de l&#039;environnement, et encore plus gr\u00e2ce \u00e0 notre logo tendance !<\/p>","protected":false},"featured_media":127945,"comment_status":"open","ping_status":"closed","template":"","meta":[],"product_brand":[2537],"product_cat":[2021],"product_tag":[],"class_list":{"0":"post-127944","1":"product","2":"type-product","3":"status-publish","4":"has-post-thumbnail","6":"product_brand-boardlife","7":"product_cat-streetwear","8":"pa_manufacturer-boardlife","10":"first","11":"instock","12":"taxable","13":"shipping-taxable","14":"purchasable","15":"product-type-simple"},"composite_virtual":false,"composite_layout":"","composite_add_to_cart_form_location":"","composite_editable_in_cart":false,"composite_sold_individually_context":"","composite_shop_price_calc":"","composite_components":[],"composite_scenarios":[],"jetpack_sharing_enabled":true,"_links":{"self":[{"href":"https:\/\/www.boardlife.se\/fr\/wp-json\/wp\/v2\/product\/127944","targetHints":{"allow":["GET"]}}],"collection":[{"href":"https:\/\/www.boardlife.se\/fr\/wp-json\/wp\/v2\/product"}],"about":[{"href":"https:\/\/www.boardlife.se\/fr\/wp-json\/wp\/v2\/types\/product"}],"replies":[{"embeddable":true,"href":"https:\/\/www.boardlife.se\/fr\/wp-json\/wp\/v2\/comments?post=127944"}],"wp:featuredmedia":[{"embeddable":true,"href":"https:\/\/www.boardlife.se\/fr\/wp-json\/wp\/v2\/media\/127945"}],"wp:attachment":[{"href":"https:\/\/www.boardlife.se\/fr\/wp-json\/wp\/v2\/media?parent=127944"}],"wp:term":[{"taxonomy":"product_brand","embeddable":true,"href":"https:\/\/www.boardlife.se\/fr\/wp-json\/wp\/v2\/product_brand?post=127944"},{"taxonomy":"product_cat","embeddable":true,"href":"https:\/\/www.boardlife.se\/fr\/wp-json\/wp\/v2\/product_cat?post=127944"},{"taxonomy":"product_tag","embeddable":true,"href":"https:\/\/www.boardlife.se\/fr\/wp-json\/wp\/v2\/product_tag?post=127944"}],"curies":[{"name":"wp","href":"https:\/\/api.w.org\/{rel}","templated":true}]}}