{"id":126978,"date":"2020-10-19T20:12:17","date_gmt":"2020-10-19T18:12:17","guid":{"rendered":"https:\/\/www.boardlife.se\/?post_type=product&#038;p=126978"},"modified":"2024-04-26T22:13:52","modified_gmt":"2024-04-26T20:13:52","slug":"heartwood-t-shirt-sand","status":"publish","type":"product","link":"https:\/\/www.boardlife.se\/fr\/boutique\/vetements-de-rue\/t-shirt\/heartwood-t-shirt-sand\/","title":{"rendered":"T-shirt Heartwood What I do Sable"},"content":{"rendered":"<p>Heartwoods &ldquo;What I do&rdquo; &auml;r en serie T-shirts f&ouml;r dig som vill g&ouml;ra ett subtilt avtryck f&ouml;r din omgivning vad som kretsar kring ditt hj&auml;rta. Det diskreta trycket g&ouml;r att du f&aring;r en f&ouml;rsiktig men &auml;nd&aring; ett distinkt f&ouml;rtydligande f&ouml;r dem du m&ouml;ter vem du &auml;r. Dessutom har tr&ouml;jorna ett snyggt nacktryck med Heartwood-emblemet som g&ouml;r tr&ouml;jan &auml;nnu goare. L&aring;t tr&ouml;jan f&ouml;rvandla dig till en vacker varelse.<\/p>","protected":false},"excerpt":{"rendered":"<div class=\"woocommerce-product-details__short-description\">\n<p>Heartwoods extra stilrena tischa l\u00e5ter dig visa vad som ligger dig n\u00e4rmast om hj\u00e4rtat \u2013 skate. Ihop med en go f\u00e4rg p\u00e5 tr\u00f6jan f\u00e5r du en t-shirt som \u00e4r mer stilren och samtidigt g\u00e5r att kombinera ihop med en outfit \u00e4ven om du vill vara lite mer &#8220;dressad&#8221;. N\u00e5ja vi l\u00e5ter bilden p\u00e5 tr\u00f6jan s\u00e4ga allt.<\/p>\n<\/div>\n<form class=\"variations_form cart\" style=\"background: 0px 0px #ffffff; border: 0px; margin: 25px 0px; padding: 0px; vertical-align: baseline; outline: 0px; color: #959595; font-family: Poppins, sans-serif; font-size: 16px; font-style: normal; font-variant-ligatures: normal; font-variant-caps: normal; font-weight: 400; letter-spacing: normal; orphans: 2; text-align: start; text-indent: 0px; text-transform: none; white-space: normal; widows: 2; word-spacing: 0px; -webkit-text-stroke-width: 0px; text-decoration-style: initial; text-decoration-color: initial;\" action=\"https:\/\/heartwoodskateboards.com\/produkt\/t-shirt-skate-identity-blue\/\" enctype=\"multipart\/form-data\" method=\"post\" data-product_id=\"24190\" data-product_variations=\"[{&quot;attributes&quot;:{&quot;attribute_pa_size&quot;:&quot;s&quot;},&quot;availability_html&quot;:&quot;&lt;p class=&quot;stock in-stock&quot;&gt;3 in stock&lt;\/p&gt;n&quot;,&quot;backorders_allowed&quot;:false,&quot;dimensions&quot;:{&quot;length&quot;:&quot;&quot;,&quot;width&quot;:&quot;&quot;,&quot;height&quot;:&quot;&quot;},&quot;dimensions_html&quot;:&quot;N\/A&quot;,&quot;display_price&quot;:24,&quot;display_regular_price&quot;:24,&quot;image&quot;:{&quot;title&quot;:&quot;Heartwood - Skate Identity T-Shirt - Blue&quot;,&quot;caption&quot;:&quot;&quot;,&quot;url&quot;:&quot;https:\/\/heartwoodskateboards.com\/wp-content\/uploads\/2020\/10\/t-shirt_what-i-do-blue-1.jpg&quot;,&quot;alt&quot;:&quot;Heartwood - Skate Identity T-Shirt - Blue&quot;,&quot;src&quot;:&quot;https:\/\/heartwoodskateboards.com\/wp-content\/uploads\/2020\/10\/t-shirt_what-i-do-blue-1-600x600.jpg&quot;,&quot;srcset&quot;:&quot;https:\/\/heartwoodskateboards.com\/wp-content\/uploads\/2020\/10\/t-shirt_what-i-do-blue-1-600x600.jpg 600w, https:\/\/heartwoodskateboards.com\/wp-content\/uploads\/2020\/10\/t-shirt_what-i-do-blue-1-300x300.jpg 300w, https:\/\/heartwoodskateboards.com\/wp-content\/uploads\/2020\/10\/t-shirt_what-i-do-blue-1-1024x1024.jpg 1024w, https:\/\/heartwoodskateboards.com\/wp-content\/uploads\/2020\/10\/t-shirt_what-i-do-blue-1-160x160.jpg 160w, https:\/\/heartwoodskateboards.com\/wp-content\/uploads\/2020\/10\/t-shirt_what-i-do-blue-1-768x768.jpg 768w, https:\/\/heartwoodskateboards.com\/wp-content\/uploads\/2020\/10\/t-shirt_what-i-do-blue-1-32x32.jpg 32w, https:\/\/heartwoodskateboards.com\/wp-content\/uploads\/2020\/10\/t-shirt_what-i-do-blue-1-570x570.jpg 570w, https:\/\/heartwoodskateboards.com\/wp-content\/uploads\/2020\/10\/t-shirt_what-i-do-blue-1-500x500.jpg 500w, https:\/\/heartwoodskateboards.com\/wp-content\/uploads\/2020\/10\/t-shirt_what-i-do-blue-1-1000x1000.jpg 1000w, https:\/\/heartwoodskateboards.com\/wp-content\/uploads\/2020\/10\/t-shirt_what-i-do-blue-1-700x700.jpg 700w, https:\/\/heartwoodskateboards.com\/wp-content\/uploads\/2020\/10\/t-shirt_what-i-do-blue-1-100x100.jpg 100w, https:\/\/heartwoodskateboards.com\/wp-content\/uploads\/2020\/10\/t-shirt_what-i-do-blue-1.jpg 1100w&quot;,&quot;sizes&quot;:&quot;(max-width: 600px) 100vw, 600px&quot;,&quot;full_src&quot;:&quot;https:\/\/heartwoodskateboards.com\/wp-content\/uploads\/2020\/10\/t-shirt_what-i-do-blue-1.jpg&quot;,&quot;full_src_w&quot;:1100,&quot;full_src_h&quot;:1100,&quot;gallery_thumbnail_src&quot;:&quot;https:\/\/heartwoodskateboards.com\/wp-content\/uploads\/2020\/10\/t-shirt_what-i-do-blue-1-300x300.jpg&quot;,&quot;gallery_thumbnail_src_w&quot;:300,&quot;gallery_thumbnail_src_h&quot;:300,&quot;thumb_src&quot;:&quot;https:\/\/heartwoodskateboards.com\/wp-content\/uploads\/2020\/10\/t-shirt_what-i-do-blue-1-300x300.jpg&quot;,&quot;thumb_src_w&quot;:300,&quot;thumb_src_h&quot;:300,&quot;src_w&quot;:600,&quot;src_h&quot;:600},&quot;image_id&quot;:24199,&quot;is_downloadable&quot;:false,&quot;is_in_stock&quot;:true,&quot;is_purchasable&quot;:true,&quot;is_sold_individually&quot;:&quot;no&quot;,&quot;is_virtual&quot;:false,&quot;max_qty&quot;:3,&quot;min_qty&quot;:1,&quot;price_html&quot;:&quot;&quot;,&quot;sku&quot;:&quot;&quot;,&quot;variation_description&quot;:&quot;&quot;,&quot;variation_id&quot;:24202,&quot;variation_is_active&quot;:true,&quot;variation_is_visible&quot;:true,&quot;weight&quot;:&quot;&quot;,&quot;weight_html&quot;:&quot;N\/A&quot;},{&quot;attributes&quot;:{&quot;attribute_pa_size&quot;:&quot;m&quot;},&quot;availability_html&quot;:&quot;&lt;p class=&quot;stock in-stock&quot;&gt;3 in stock&lt;\/p&gt;n&quot;,&quot;backorders_allowed&quot;:false,&quot;dimensions&quot;:{&quot;length&quot;:&quot;&quot;,&quot;width&quot;:&quot;&quot;,&quot;height&quot;:&quot;&quot;},&quot;dimensions_html&quot;:&quot;N\/A&quot;,&quot;display_price&quot;:24,&quot;display_regular_price&quot;:24,&quot;image&quot;:{&quot;title&quot;:&quot;Heartwood - Skate Identity T-Shirt - Blue&quot;,&quot;caption&quot;:&quot;&quot;,&quot;url&quot;:&quot;https:\/\/heartwoodskateboards.com\/wp-content\/uploads\/2020\/10\/t-shirt_what-i-do-blue-1.jpg&quot;,&quot;alt&quot;:&quot;Heartwood - Skate Identity T-Shirt - Blue&quot;,&quot;src&quot;:&quot;https:\/\/heartwoodskateboards.com\/wp-content\/uploads\/2020\/10\/t-shirt_what-i-do-blue-1-600x600.jpg&quot;,&quot;srcset&quot;:&quot;https:\/\/heartwoodskateboards.com\/wp-content\/uploads\/2020\/10\/t-shirt_what-i-do-blue-1-600x600.jpg 600w, https:\/\/heartwoodskateboards.com\/wp-content\/uploads\/2020\/10\/t-shirt_what-i-do-blue-1-300x300.jpg 300w, https:\/\/heartwoodskateboards.com\/wp-content\/uploads\/2020\/10\/t-shirt_what-i-do-blue-1-1024x1024.jpg 1024w, https:\/\/heartwoodskateboards.com\/wp-content\/uploads\/2020\/10\/t-shirt_what-i-do-blue-1-160x160.jpg 160w, https:\/\/heartwoodskateboards.com\/wp-content\/uploads\/2020\/10\/t-shirt_what-i-do-blue-1-768x768.jpg 768w, https:\/\/heartwoodskateboards.com\/wp-content\/uploads\/2020\/10\/t-shirt_what-i-do-blue-1-32x32.jpg 32w, https:\/\/heartwoodskateboards.com\/wp-content\/uploads\/2020\/10\/t-shirt_what-i-do-blue-1-570x570.jpg 570w, https:\/\/heartwoodskateboards.com\/wp-content\/uploads\/2020\/10\/t-shirt_what-i-do-blue-1-500x500.jpg 500w, https:\/\/heartwoodskateboards.com\/wp-content\/uploads\/2020\/10\/t-shirt_what-i-do-blue-1-1000x1000.jpg 1000w, https:\/\/heartwoodskateboards.com\/wp-content\/uploads\/2020\/10\/t-shirt_what-i-do-blue-1-700x700.jpg 700w, https:\/\/heartwoodskateboards.com\/wp-content\/uploads\/2020\/10\/t-shirt_what-i-do-blue-1-100x100.jpg 100w, https:\/\/heartwoodskateboards.com\/wp-content\/uploads\/2020\/10\/t-shirt_what-i-do-blue-1.jpg 1100w&quot;,&quot;sizes&quot;:&quot;(max-width: 600px) 100vw, 600px&quot;,&quot;full_src&quot;:&quot;https:\/\/heartwoodskateboards.com\/wp-content\/uploads\/2020\/10\/t-shirt_what-i-do-blue-1.jpg&quot;,&quot;full_src_w&quot;:1100,&quot;full_src_h&quot;:1100,&quot;gallery_thumbnail_src&quot;:&quot;https:\/\/heartwoodskateboards.com\/wp-content\/uploads\/2020\/10\/t-shirt_what-i-do-blue-1-300x300.jpg&quot;,&quot;gallery_thumbnail_src_w&quot;:300,&quot;gallery_thumbnail_src_h&quot;:300,&quot;thumb_src&quot;:&quot;https:\/\/heartwoodskateboards.com\/wp-content\/uploads\/2020\/10\/t-shirt_what-i-do-blue-1-300x300.jpg&quot;,&quot;thumb_src_w&quot;:300,&quot;thumb_src_h&quot;:300,&quot;src_w&quot;:600,&quot;src_h&quot;:600},&quot;image_id&quot;:24199,&quot;is_downloadable&quot;:false,&quot;is_in_stock&quot;:true,&quot;is_purchasable&quot;:true,&quot;is_sold_individually&quot;:&quot;no&quot;,&quot;is_virtual&quot;:false,&quot;max_qty&quot;:3,&quot;min_qty&quot;:1,&quot;price_html&quot;:&quot;&quot;,&quot;sku&quot;:&quot;&quot;,&quot;variation_description&quot;:&quot;&quot;,&quot;variation_id&quot;:24201,&quot;variation_is_active&quot;:true,&quot;variation_is_visible&quot;:true,&quot;weight&quot;:&quot;&quot;,&quot;weight_html&quot;:&quot;N\/A&quot;},{&quot;attributes&quot;:{&quot;attribute_pa_size&quot;:&quot;l&quot;},&quot;availability_html&quot;:&quot;&lt;p class=&quot;stock in-stock&quot;&gt;3 in stock&lt;\/p&gt;n&quot;,&quot;backorders_allowed&quot;:false,&quot;dimensions&quot;:{&quot;length&quot;:&quot;&quot;,&quot;width&quot;:&quot;&quot;,&quot;height&quot;:&quot;&quot;},&quot;dimensions_html&quot;:&quot;N\/A&quot;,&quot;display_price&quot;:24,&quot;display_regular_price&quot;:24,&quot;image&quot;:{&quot;title&quot;:&quot;Heartwood - Skate Identity T-Shirt - Blue&quot;,&quot;caption&quot;:&quot;&quot;,&quot;url&quot;:&quot;https:\/\/heartwoodskateboards.com\/wp-content\/uploads\/2020\/10\/t-shirt_what-i-do-blue-1.jpg&quot;,&quot;alt&quot;:&quot;Heartwood - Skate Identity T-Shirt - Blue&quot;,&quot;src&quot;:&quot;https:\/\/heartwoodskateboards.com\/wp-content\/uploads\/2020\/10\/t-shirt_what-i-do-blue-1-600x600.jpg&quot;,&quot;srcset&quot;:&quot;https:\/\/heartwoodskateboards.com\/wp-content\/uploads\/2020\/10\/t-shirt_what-i-do-blue-1-600x600.jpg 600w, https:\/\/heartwoodskateboards.com\/wp-content\/uploads\/2020\/10\/t-shirt_what-i-do-blue-1-300x300.jpg 300w, https:\/\/heartwoodskateboards.com\/wp-content\/uploads\/2020\/10\/t-shirt_what-i-do-blue-1-1024x1024.jpg 1024w, https:\/\/heartwoodskateboards.com\/wp-content\/uploads\/2020\/10\/t-shirt_what-i-do-blue-1-160x160.jpg 160w, https:\/\/heartwoodskateboards.com\/wp-content\/uploads\/2020\/10\/t-shirt_what-i-do-blue-1-768x768.jpg 768w, https:\/\/heartwoodskateboards.com\/wp-content\/uploads\/2020\/10\/t-shirt_what-i-do-blue-1-32x32.jpg 32w, https:\/\/heartwoodskateboards.com\/wp-content\/uploads\/2020\/10\/t-shirt_what-i-do-blue-1-570x570.jpg 570w, https:\/\/heartwoodskateboards.com\/wp-content\/uploads\/2020\/10\/t-shirt_what-i-do-blue-1-500x500.jpg 500w, https:\/\/heartwoodskateboards.com\/wp-content\/uploads\/2020\/10\/t-shirt_what-i-do-blue-1-1000x1000.jpg 1000w, https:\/\/heartwoodskateboards.com\/wp-content\/uploads\/2020\/10\/t-shirt_what-i-do-blue-1-700x700.jpg 700w, https:\/\/heartwoodskateboards.com\/wp-content\/uploads\/2020\/10\/t-shirt_what-i-do-blue-1-100x100.jpg 100w, https:\/\/heartwoodskateboards.com\/wp-content\/uploads\/2020\/10\/t-shirt_what-i-do-blue-1.jpg 1100w&quot;,&quot;sizes&quot;:&quot;(max-width: 600px) 100vw, 600px&quot;,&quot;full_src&quot;:&quot;https:\/\/heartwoodskateboards.com\/wp-content\/uploads\/2020\/10\/t-shirt_what-i-do-blue-1.jpg&quot;,&quot;full_src_w&quot;:1100,&quot;full_src_h&quot;:1100,&quot;gallery_thumbnail_src&quot;:&quot;https:\/\/heartwoodskateboards.com\/wp-content\/uploads\/2020\/10\/t-shirt_what-i-do-blue-1-300x300.jpg&quot;,&quot;gallery_thumbnail_src_w&quot;:300,&quot;gallery_thumbnail_src_h&quot;:300,&quot;thumb_src&quot;:&quot;https:\/\/heartwoodskateboards.com\/wp-content\/uploads\/2020\/10\/t-shirt_what-i-do-blue-1-300x300.jpg&quot;,&quot;thumb_src_w&quot;:300,&quot;thumb_src_h&quot;:300,&quot;src_w&quot;:600,&quot;src_h&quot;:600},&quot;image_id&quot;:24199,&quot;is_downloadable&quot;:false,&quot;is_in_stock&quot;:true,&quot;is_purchasable&quot;:true,&quot;is_sold_individually&quot;:&quot;no&quot;,&quot;is_virtual&quot;:false,&quot;max_qty&quot;:3,&quot;min_qty&quot;:1,&quot;price_html&quot;:&quot;&quot;,&quot;sku&quot;:&quot;&quot;,&quot;variation_description&quot;:&quot;&quot;,&quot;variation_id&quot;:24200,&quot;variation_is_active&quot;:true,&quot;variation_is_visible&quot;:true,&quot;weight&quot;:&quot;&quot;,&quot;weight_html&quot;:&quot;N\/A&quot;},{&quot;attributes&quot;:{&quot;attribute_pa_size&quot;:&quot;xl&quot;},&quot;availability_html&quot;:&quot;&lt;p class=&quot;stock in-stock&quot;&gt;3 in stock&lt;\/p&gt;n&quot;,&quot;backorders_allowed&quot;:false,&quot;dimensions&quot;:{&quot;length&quot;:&quot;&quot;,&quot;width&quot;:&quot;&quot;,&quot;height&quot;:&quot;&quot;},&quot;dimensions_html&quot;:&quot;N\/A&quot;,&quot;display_price&quot;:24,&quot;display_regular_price&quot;:24,&quot;image&quot;:{&quot;title&quot;:&quot;Heartwood - Skate Identity T-Shirt - Blue&quot;,&quot;caption&quot;:&quot;&quot;,&quot;url&quot;:&quot;https:\/\/heartwoodskateboards.com\/wp-content\/uploads\/2020\/10\/t-shirt_what-i-do-blue-1.jpg&quot;,&quot;alt&quot;:&quot;Heartwood - Skate Identity T-Shirt - Blue&quot;,&quot;src&quot;:&quot;https:\/\/heartwoodskateboards.com\/wp-content\/uploads\/2020\/10\/t-shirt_what-i-do-blue-1-600x600.jpg&quot;,&quot;srcset&quot;:&quot;https:\/\/heartwoodskateboards.com\/wp-content\/uploads\/2020\/10\/t-shirt_what-i-do-blue-1-600x600.jpg 600w, https:\/\/heartwoodskateboards.com\/wp-content\/uploads\/2020\/10\/t-shirt_what-i-do-blue-1-300x300.jpg 300w, https:\/\/heartwoodskateboards.com\/wp-content\/uploads\/2020\/10\/t-shirt_what-i-do-blue-1-1024x1024.jpg 1024w, https:\/\/heartwoodskateboards.com\/wp-content\/uploads\/2020\/10\/t-shirt_what-i-do-blue-1-160x160.jpg 160w, https:\/\/heartwoodskateboards.com\/wp-content\/uploads\/2020\/10\/t-shirt_what-i-do-blue-1-768x768.jpg 768w, https:\/\/heartwoodskateboards.com\/wp-content\/uploads\/2020\/10\/t-shirt_what-i-do-blue-1-32x32.jpg 32w, https:\/\/heartwoodskateboards.com\/wp-content\/uploads\/2020\/10\/t-shirt_what-i-do-blue-1-570x570.jpg 570w, https:\/\/heartwoodskateboards.com\/wp-content\/uploads\/2020\/10\/t-shirt_what-i-do-blue-1-500x500.jpg 500w, https:\/\/heartwoodskateboards.com\/wp-content\/uploads\/2020\/10\/t-shirt_what-i-do-blue-1-1000x1000.jpg 1000w, https:\/\/heartwoodskateboards.com\/wp-content\/uploads\/2020\/10\/t-shirt_what-i-do-blue-1-700x700.jpg 700w, https:\/\/heartwoodskateboards.com\/wp-content\/uploads\/2020\/10\/t-shirt_what-i-do-blue-1-100x100.jpg 100w, https:\/\/heartwoodskateboards.com\/wp-content\/uploads\/2020\/10\/t-shirt_what-i-do-blue-1.jpg 1100w&quot;,&quot;sizes&quot;:&quot;(max-width: 600px) 100vw, 600px&quot;,&quot;full_src&quot;:&quot;https:\/\/heartwoodskateboards.com\/wp-content\/uploads\/2020\/10\/t-shirt_what-i-do-blue-1.jpg&quot;,&quot;full_src_w&quot;:1100,&quot;full_src_h&quot;:1100,&quot;gallery_thumbnail_src&quot;:&quot;https:\/\/heartwoodskateboards.com\/wp-content\/uploads\/2020\/10\/t-shirt_what-i-do-blue-1-300x300.jpg&quot;,&quot;gallery_thumbnail_src_w&quot;:300,&quot;gallery_thumbnail_src_h&quot;:300,&quot;thumb_src&quot;:&quot;https:\/\/heartwoodskateboards.com\/wp-content\/uploads\/2020\/10\/t-shirt_what-i-do-blue-1-300x300.jpg&quot;,&quot;thumb_src_w&quot;:300,&quot;thumb_src_h&quot;:300,&quot;src_w&quot;:600,&quot;src_h&quot;:600},&quot;image_id&quot;:24199,&quot;is_downloadable&quot;:false,&quot;is_in_stock&quot;:true,&quot;is_purchasable&quot;:true,&quot;is_sold_individually&quot;:&quot;no&quot;,&quot;is_virtual&quot;:false,&quot;max_qty&quot;:3,&quot;min_qty&quot;:1,&quot;price_html&quot;:&quot;&quot;,&quot;sku&quot;:&quot;&quot;,&quot;variation_description&quot;:&quot;&quot;,&quot;variation_id&quot;:24203,&quot;variation_is_active&quot;:true,&quot;variation_is_visible&quot;:true,&quot;weight&quot;:&quot;&quot;,&quot;weight_html&quot;:&quot;N\/A&quot;}]\"><\/form>\n<p><strong>Les chemises ont une coupe ajust\u00e9e, donc si vous voulez quelque chose de ample et d\u00e9contract\u00e9, vous pouvez prendre une taille plus grande.\u00a0<\/strong><\/p>","protected":false},"featured_media":126976,"comment_status":"open","ping_status":"closed","template":"","meta":[],"product_brand":[2570],"product_cat":[1405],"product_tag":[],"class_list":{"0":"post-126978","1":"product","2":"type-product","3":"status-publish","4":"has-post-thumbnail","6":"product_brand-heartwood","7":"product_cat-t-shirt","8":"pa_manufacturer-heartwood","9":"pa_storlekar-l","10":"pa_storlekar-m","11":"pa_storlekar-s","12":"pa_storlekar-xl","14":"first","15":"instock","16":"taxable","17":"shipping-taxable","18":"purchasable","19":"product-type-variable","20":"has-default-attributes"},"composite_virtual":false,"composite_layout":"","composite_add_to_cart_form_location":"","composite_editable_in_cart":false,"composite_sold_individually_context":"","composite_shop_price_calc":"","composite_components":[],"composite_scenarios":[],"jetpack_sharing_enabled":true,"_links":{"self":[{"href":"https:\/\/www.boardlife.se\/fr\/wp-json\/wp\/v2\/product\/126978","targetHints":{"allow":["GET"]}}],"collection":[{"href":"https:\/\/www.boardlife.se\/fr\/wp-json\/wp\/v2\/product"}],"about":[{"href":"https:\/\/www.boardlife.se\/fr\/wp-json\/wp\/v2\/types\/product"}],"replies":[{"embeddable":true,"href":"https:\/\/www.boardlife.se\/fr\/wp-json\/wp\/v2\/comments?post=126978"}],"wp:featuredmedia":[{"embeddable":true,"href":"https:\/\/www.boardlife.se\/fr\/wp-json\/wp\/v2\/media\/126976"}],"wp:attachment":[{"href":"https:\/\/www.boardlife.se\/fr\/wp-json\/wp\/v2\/media?parent=126978"}],"wp:term":[{"taxonomy":"product_brand","embeddable":true,"href":"https:\/\/www.boardlife.se\/fr\/wp-json\/wp\/v2\/product_brand?post=126978"},{"taxonomy":"product_cat","embeddable":true,"href":"https:\/\/www.boardlife.se\/fr\/wp-json\/wp\/v2\/product_cat?post=126978"},{"taxonomy":"product_tag","embeddable":true,"href":"https:\/\/www.boardlife.se\/fr\/wp-json\/wp\/v2\/product_tag?post=126978"}],"curies":[{"name":"wp","href":"https:\/\/api.w.org\/{rel}","templated":true}]}}