{"id":125586,"date":"2020-09-29T12:35:24","date_gmt":"2020-09-29T10:35:24","guid":{"rendered":"https:\/\/www.boardlife.se\/?post_type=product&#038;p=125586"},"modified":"2020-09-29T12:35:24","modified_gmt":"2020-09-29T10:35:24","slug":"nuances-noires-de-boardlife","status":"publish","type":"product","link":"https:\/\/www.boardlife.se\/fr\/boutique\/vetements-de-rue\/nuances\/nuances-noires-de-boardlife\/","title":{"rendered":"Lunettes de soleil Boardlife noires"},"content":{"rendered":"<p>Des lunettes de soleil \u00e9l\u00e9gantes et confortables, faites-vous plaisir. Affichez votre style et montrez au monde entier votre marque pr\u00e9f\u00e9r\u00e9e (Boardlife).<\/p>","protected":false},"excerpt":{"rendered":"<p>Se prot\u00e9ger du soleil est important, comme le dit le m\u00e9decin. De plus, vous pouvez en profiter pour avoir du style. Gr\u00e2ce \u00e0 nos magnifiques lunettes de soleil, vous aurez un teint plus h\u00e2l\u00e9 tout en prot\u00e9geant mieux votre corn\u00e9e. Elles conviennent \u00e9galement \u00e0 tous les types de f\u00eates et de styles vestimentaires.<\/p>","protected":false},"featured_media":125588,"comment_status":"open","ping_status":"closed","template":"","meta":[],"product_brand":[2537],"product_cat":[655],"product_tag":[],"class_list":{"0":"post-125586","1":"product","2":"type-product","3":"status-publish","4":"has-post-thumbnail","6":"product_brand-boardlife","7":"product_cat-shades","8":"pa_manufacturer-boardlife","10":"first","11":"instock","12":"taxable","13":"shipping-taxable","14":"purchasable","15":"product-type-simple"},"composite_virtual":false,"composite_layout":"","composite_add_to_cart_form_location":"","composite_editable_in_cart":false,"composite_sold_individually_context":"","composite_shop_price_calc":"","composite_components":[],"composite_scenarios":[],"jetpack_sharing_enabled":true,"_links":{"self":[{"href":"https:\/\/www.boardlife.se\/fr\/wp-json\/wp\/v2\/product\/125586","targetHints":{"allow":["GET"]}}],"collection":[{"href":"https:\/\/www.boardlife.se\/fr\/wp-json\/wp\/v2\/product"}],"about":[{"href":"https:\/\/www.boardlife.se\/fr\/wp-json\/wp\/v2\/types\/product"}],"replies":[{"embeddable":true,"href":"https:\/\/www.boardlife.se\/fr\/wp-json\/wp\/v2\/comments?post=125586"}],"wp:featuredmedia":[{"embeddable":true,"href":"https:\/\/www.boardlife.se\/fr\/wp-json\/wp\/v2\/media\/125588"}],"wp:attachment":[{"href":"https:\/\/www.boardlife.se\/fr\/wp-json\/wp\/v2\/media?parent=125586"}],"wp:term":[{"taxonomy":"product_brand","embeddable":true,"href":"https:\/\/www.boardlife.se\/fr\/wp-json\/wp\/v2\/product_brand?post=125586"},{"taxonomy":"product_cat","embeddable":true,"href":"https:\/\/www.boardlife.se\/fr\/wp-json\/wp\/v2\/product_cat?post=125586"},{"taxonomy":"product_tag","embeddable":true,"href":"https:\/\/www.boardlife.se\/fr\/wp-json\/wp\/v2\/product_tag?post=125586"}],"curies":[{"name":"wp","href":"https:\/\/api.w.org\/{rel}","templated":true}]}}