{"id":125513,"date":"2020-09-28T11:15:56","date_gmt":"2020-09-28T09:15:56","guid":{"rendered":"https:\/\/www.boardlife.se\/?post_type=product&#038;p=125513"},"modified":"2023-10-03T09:26:57","modified_gmt":"2023-10-03T07:26:57","slug":"t-shirt-boardlife-ultimate-blanc","status":"publish","type":"product","link":"https:\/\/www.boardlife.se\/fr\/boutique\/vetements-de-rue\/t-shirt\/t-shirt-boardlife-ultimate-blanc\/","title":{"rendered":"T-shirt Boardlife Ultimate Blanc"},"content":{"rendered":"<p>Pour celles et ceux qui cherchent \u00e0 se d\u00e9marquer avec style, voici une solution simple et efficace\u00a0: notre t-shirt. Affichez votre personnalit\u00e9 avec style en affichant votre skate shop pr\u00e9f\u00e9r\u00e9\u00a0!<\/p>","protected":false},"excerpt":{"rendered":"<p>Voici le t-shirt id\u00e9al pour tous les styles de cheveux et tous les visages. Notre t-shirt personnalis\u00e9 vous permet non seulement d&#039;affirmer votre appartenance \u00e0 une famille, mais aussi de vous mettre en valeur. Son imprim\u00e9 \u00e9pur\u00e9 sur le devant et plus grand au dos permet de voir clairement votre appartenance, que vous soyez \u00e0 leur c\u00f4t\u00e9 ou \u00e0 l&#039;oppos\u00e9. Offrez-vous un cadeau ou faites plaisir \u00e0 quelqu&#039;un que vous aimez. Offrez-vous ce t-shirt id\u00e9al.<\/p>\n<p><strong>Les chemises ont une coupe ajust\u00e9e, donc si vous voulez quelque chose de ample et d\u00e9contract\u00e9, vous pouvez prendre une taille plus grande.\u00a0<\/strong><\/p>","protected":false},"featured_media":125514,"comment_status":"open","ping_status":"closed","template":"","meta":[],"product_brand":[2537],"product_cat":[1405],"product_tag":[],"class_list":{"0":"post-125513","1":"product","2":"type-product","3":"status-publish","4":"has-post-thumbnail","6":"product_brand-boardlife","7":"product_cat-t-shirt","8":"pa_manufacturer-boardlife","9":"pa_storlekar-l","10":"pa_storlekar-m","11":"pa_storlekar-s","12":"pa_storlekar-xl","14":"first","15":"instock","16":"taxable","17":"shipping-taxable","18":"purchasable","19":"product-type-variable","20":"has-default-attributes"},"composite_virtual":false,"composite_layout":"","composite_add_to_cart_form_location":"","composite_editable_in_cart":false,"composite_sold_individually_context":"","composite_shop_price_calc":"","composite_components":[],"composite_scenarios":[],"jetpack_sharing_enabled":true,"_links":{"self":[{"href":"https:\/\/www.boardlife.se\/fr\/wp-json\/wp\/v2\/product\/125513","targetHints":{"allow":["GET"]}}],"collection":[{"href":"https:\/\/www.boardlife.se\/fr\/wp-json\/wp\/v2\/product"}],"about":[{"href":"https:\/\/www.boardlife.se\/fr\/wp-json\/wp\/v2\/types\/product"}],"replies":[{"embeddable":true,"href":"https:\/\/www.boardlife.se\/fr\/wp-json\/wp\/v2\/comments?post=125513"}],"wp:featuredmedia":[{"embeddable":true,"href":"https:\/\/www.boardlife.se\/fr\/wp-json\/wp\/v2\/media\/125514"}],"wp:attachment":[{"href":"https:\/\/www.boardlife.se\/fr\/wp-json\/wp\/v2\/media?parent=125513"}],"wp:term":[{"taxonomy":"product_brand","embeddable":true,"href":"https:\/\/www.boardlife.se\/fr\/wp-json\/wp\/v2\/product_brand?post=125513"},{"taxonomy":"product_cat","embeddable":true,"href":"https:\/\/www.boardlife.se\/fr\/wp-json\/wp\/v2\/product_cat?post=125513"},{"taxonomy":"product_tag","embeddable":true,"href":"https:\/\/www.boardlife.se\/fr\/wp-json\/wp\/v2\/product_tag?post=125513"}],"curies":[{"name":"wp","href":"https:\/\/api.w.org\/{rel}","templated":true}]}}