{"id":125283,"date":"2020-09-23T16:45:46","date_gmt":"2020-09-23T14:45:46","guid":{"rendered":"https:\/\/www.boardlife.se\/?post_type=product&#038;p=125283"},"modified":"2025-06-12T17:20:58","modified_gmt":"2025-06-12T15:20:58","slug":"cloudwheels-v2-allterrain-105-120mm-orange","status":"publish","type":"product","link":"https:\/\/www.boardlife.se\/fr\/boutique\/longboard\/composants-de-longboard\/roues-de-longboard\/cloudwheels-v2-allterrain-105-120mm-orange\/","title":{"rendered":"CloudWheels V2 AllTerrain 105-120 mm Orange"},"content":{"rendered":"<p>Les Cloudwheels sont sur le march\u00e9 depuis un certain temps. Cependant, voici la derni\u00e8re version de ces roues populaires. Le noyau a notamment \u00e9t\u00e9 am\u00e9lior\u00e9 pour de meilleures performances. La roue est disponible en version 105 mm et en version extra-large 120 mm pour ceux qui recherchent une conduite encore plus performante sur terrains difficiles ou sur surfaces plus accident\u00e9es.<\/p>\n<p>F&ouml;r att kunna k&ouml;ra CloudWheels hjul beh&ouml;ver du ocks&aring; en star hole adapter som passar hjulens hub. V&aring;ra CloudWheels s&auml;ljs b&aring;de som hjul enbart eller som kompletta kit om du beh&ouml;ver &ouml;vriga delar f&ouml;r att kunna g&ouml;ra den kompatibel med din Exway <a class=\"glossaryLink cmtt_Snowboard\"  aria-describedby=\"tt\"  data-cmtooltip=\"&lt;div class=glossaryItemTitle&gt;Flex&lt;\/div&gt;&lt;div class=glossaryItemBody&gt;I huvudsak menar man b&ouml;jbarheten p&aring; br&auml;dan.&lt;\/div&gt;&lt;div class=glossaryTooltipMoreLinkWrapper&gt;&lt;a class=glossaryTooltipMoreLink href=https:\/\/www.boardlife.se\/fr\/glossaire\/flechir\/ &gt;L&auml;s mer&lt;\/a&gt;&lt;\/div&gt;\"  href=\"https:\/\/www.boardlife.se\/fr\/glossaire\/flechir\/\"  data-mobile-support=\"0\"  data-gt-translate-attributes='[{\"attribute\":\"data-cmtooltip\", \"format\":\"html\"}]'>Fl\u00e9chir<\/a>.<\/p>\n<p><img loading=\"lazy\" decoding=\"async\" class=\"alignnone wp-image-121146 size-full\" src=\"https:\/\/www.boardlife.se\/wp-content\/uploads\/2020\/08\/cloudwheels-specs-scaled.jpg\" alt=\"Sp\u00e9cifications de Cloudwheel\" width=\"748\" height=\"2560\" srcset=\"https:\/\/www.boardlife.se\/wp-content\/uploads\/2020\/08\/cloudwheels-specs-scaled.jpg 748w, https:\/\/www.boardlife.se\/wp-content\/uploads\/2020\/08\/cloudwheels-specs-58x200.jpg 58w, https:\/\/www.boardlife.se\/wp-content\/uploads\/2020\/08\/cloudwheels-specs-720x2464.jpg 720w, https:\/\/www.boardlife.se\/wp-content\/uploads\/2020\/08\/cloudwheels-specs-88x300.jpg 88w, https:\/\/www.boardlife.se\/wp-content\/uploads\/2020\/08\/cloudwheels-specs-299x1024.jpg 299w, https:\/\/www.boardlife.se\/wp-content\/uploads\/2020\/08\/cloudwheels-specs-768x2628.jpg 768w, https:\/\/www.boardlife.se\/wp-content\/uploads\/2020\/08\/cloudwheels-specs-449x1536.jpg 449w, https:\/\/www.boardlife.se\/wp-content\/uploads\/2020\/08\/cloudwheels-specs-598x2048.jpg 598w, https:\/\/www.boardlife.se\/wp-content\/uploads\/2020\/08\/cloudwheels-specs-1280x4380.jpg 1280w, https:\/\/www.boardlife.se\/wp-content\/uploads\/2020\/08\/cloudwheels-specs-1000x3422.jpg 1000w\" sizes=\"auto, (max-width: 748px) 100vw, 748px\"\/><\/p>","protected":false},"excerpt":{"rendered":"<p>Les Cloudwheels sont sur le march\u00e9 depuis un certain temps. Voici la derni\u00e8re version de ces roues populaires. Le noyau a notamment \u00e9t\u00e9 am\u00e9lior\u00e9 pour de meilleures performances. La roue est disponible en version 105 mm et en version extra-large 120 mm pour ceux qui recherchent une conduite encore plus performante sur terrains difficiles ou sur surfaces plus accident\u00e9es. Choisissez entre les roues seules ou le pack associ\u00e9 (roues, moyeux, protection moteur et courroies) pour pouvoir la connecter \u00e0 votre Exway Flex.<\/p>","protected":false},"featured_media":125294,"comment_status":"open","ping_status":"closed","template":"","meta":[],"product_brand":[2546],"product_cat":[38,2265],"product_tag":[],"class_list":{"0":"post-125283","1":"product","2":"type-product","3":"status-publish","4":"has-post-thumbnail","6":"product_brand-cloudwheels","7":"product_cat-wheels-longboard","8":"product_cat-wheels-tires","9":"pa_diameter-105mm","10":"pa_diameter-120mm","11":"pa_manufacturer-cloudwheels","12":"pa_manufacturer-exway","14":"first","15":"outofstock","16":"taxable","17":"shipping-taxable","18":"purchasable","19":"product-type-variable","20":"has-default-attributes"},"composite_virtual":false,"composite_layout":"","composite_add_to_cart_form_location":"","composite_editable_in_cart":false,"composite_sold_individually_context":"","composite_shop_price_calc":"","composite_components":[],"composite_scenarios":[],"jetpack_sharing_enabled":true,"_links":{"self":[{"href":"https:\/\/www.boardlife.se\/fr\/wp-json\/wp\/v2\/product\/125283","targetHints":{"allow":["GET"]}}],"collection":[{"href":"https:\/\/www.boardlife.se\/fr\/wp-json\/wp\/v2\/product"}],"about":[{"href":"https:\/\/www.boardlife.se\/fr\/wp-json\/wp\/v2\/types\/product"}],"replies":[{"embeddable":true,"href":"https:\/\/www.boardlife.se\/fr\/wp-json\/wp\/v2\/comments?post=125283"}],"wp:featuredmedia":[{"embeddable":true,"href":"https:\/\/www.boardlife.se\/fr\/wp-json\/wp\/v2\/media\/125294"}],"wp:attachment":[{"href":"https:\/\/www.boardlife.se\/fr\/wp-json\/wp\/v2\/media?parent=125283"}],"wp:term":[{"taxonomy":"product_brand","embeddable":true,"href":"https:\/\/www.boardlife.se\/fr\/wp-json\/wp\/v2\/product_brand?post=125283"},{"taxonomy":"product_cat","embeddable":true,"href":"https:\/\/www.boardlife.se\/fr\/wp-json\/wp\/v2\/product_cat?post=125283"},{"taxonomy":"product_tag","embeddable":true,"href":"https:\/\/www.boardlife.se\/fr\/wp-json\/wp\/v2\/product_tag?post=125283"}],"curies":[{"name":"wp","href":"https:\/\/api.w.org\/{rel}","templated":true}]}}