{"id":125246,"date":"2020-09-05T15:06:28","date_gmt":"2020-09-05T13:06:28","guid":{"rendered":"https:\/\/www.boardlife.se\/?post_type=product&#038;p=125246"},"modified":"2025-11-20T11:54:33","modified_gmt":"2025-11-20T10:54:33","slug":"chargeur-rapide-exway-wave","status":"publish","type":"product","link":"https:\/\/www.boardlife.se\/fr\/boutique\/skateboard-electrique\/pieces-detachees-electriques\/chargeurs\/chargeur-rapide-exway-wave\/","title":{"rendered":"Chargeur rapide Exway Wave"},"content":{"rendered":"<p>Chargeur rapide pour votre Exway Wave qui vous permet de recharger votre planche en un peu plus d&#039;une heure\u00a0! 1 heure et 15 minutes exactement. Un gain consid\u00e9rable par rapport au chargeur standard qui met environ 3 heures. Id\u00e9al pour les personnes souvent en d\u00e9placement ou qui ne peuvent pas s&#039;attarder longtemps \u00e0 chaque destination.<\/p>\n<p>Le chargeur est uniquement compatible avec Exway Wave et <span style=\"text-decoration: underline\">pas<\/span> avec les planches de la s\u00e9rie <a class=\"glossaryLink cmtt_Snowboard\"  aria-describedby=\"tt\"  data-cmtooltip=\"&lt;div class=glossaryItemTitle&gt;Flex&lt;\/div&gt;&lt;div class=glossaryItemBody&gt;I huvudsak menar man b&ouml;jbarheten p&aring; br&auml;dan.&lt;\/div&gt;&lt;div class=glossaryTooltipMoreLinkWrapper&gt;&lt;a class=glossaryTooltipMoreLink href=https:\/\/www.boardlife.se\/fr\/glossaire\/flechir\/ &gt;L&auml;s mer&lt;\/a&gt;&lt;\/div&gt;\"  href=\"https:\/\/www.boardlife.se\/fr\/glossaire\/flechir\/\"  data-mobile-support=\"0\"  data-gt-translate-attributes='[{\"attribute\":\"data-cmtooltip\", \"format\":\"html\"}]'>Fl\u00e9chir<\/a>.<\/p>\n<p>Alimentation\u00a0: 100-240\u00a0V 50\/60\u00a0Hz, 42\u00a0V 3\u00a0A<\/p>","protected":false},"excerpt":{"rendered":"<p>Chargeur rapide pour votre Exway Wave, qui recharge la planche 3 fois plus vite\u00a0! Plus pr\u00e9cis\u00e9ment, en 1 h 15 min au lieu de 3 h. Id\u00e9al pour ceux qui sont en d\u00e9placement et souhaitent recharger leur planche au mieux, m\u00eame lors des arr\u00eats les plus courts.<\/p>","protected":false},"featured_media":125271,"comment_status":"open","ping_status":"closed","template":"","meta":[],"product_brand":[2558],"product_cat":[2262],"product_tag":[],"class_list":{"0":"post-125246","1":"product","2":"type-product","3":"status-publish","4":"has-post-thumbnail","6":"product_brand-exway","7":"product_cat-chargers","8":"pa_manufacturer-exway","10":"first","11":"instock","12":"sale","13":"taxable","14":"shipping-taxable","15":"purchasable","16":"product-type-simple"},"composite_virtual":false,"composite_layout":"","composite_add_to_cart_form_location":"","composite_editable_in_cart":false,"composite_sold_individually_context":"","composite_shop_price_calc":"","composite_components":[],"composite_scenarios":[],"jetpack_sharing_enabled":true,"_links":{"self":[{"href":"https:\/\/www.boardlife.se\/fr\/wp-json\/wp\/v2\/product\/125246","targetHints":{"allow":["GET"]}}],"collection":[{"href":"https:\/\/www.boardlife.se\/fr\/wp-json\/wp\/v2\/product"}],"about":[{"href":"https:\/\/www.boardlife.se\/fr\/wp-json\/wp\/v2\/types\/product"}],"replies":[{"embeddable":true,"href":"https:\/\/www.boardlife.se\/fr\/wp-json\/wp\/v2\/comments?post=125246"}],"wp:featuredmedia":[{"embeddable":true,"href":"https:\/\/www.boardlife.se\/fr\/wp-json\/wp\/v2\/media\/125271"}],"wp:attachment":[{"href":"https:\/\/www.boardlife.se\/fr\/wp-json\/wp\/v2\/media?parent=125246"}],"wp:term":[{"taxonomy":"product_brand","embeddable":true,"href":"https:\/\/www.boardlife.se\/fr\/wp-json\/wp\/v2\/product_brand?post=125246"},{"taxonomy":"product_cat","embeddable":true,"href":"https:\/\/www.boardlife.se\/fr\/wp-json\/wp\/v2\/product_cat?post=125246"},{"taxonomy":"product_tag","embeddable":true,"href":"https:\/\/www.boardlife.se\/fr\/wp-json\/wp\/v2\/product_tag?post=125246"}],"curies":[{"name":"wp","href":"https:\/\/api.w.org\/{rel}","templated":true}]}}