{"id":122763,"date":"2020-09-08T16:22:48","date_gmt":"2020-09-08T14:22:48","guid":{"rendered":"https:\/\/www.boardlife.se\/?post_type=product&#038;p=122763"},"modified":"2023-10-01T19:59:02","modified_gmt":"2023-10-01T17:59:02","slug":"sammy-icon-knitted-beanie-brown","status":"publish","type":"product","link":"https:\/\/www.boardlife.se\/fr\/boutique\/vetements-de-rue\/chapeau\/sammy-icon-knitted-beanie-brown\/","title":{"rendered":"Bonnet tricot\u00e9 Sammy Icon marron"},"content":{"rendered":"<p>Sammy Icon est expert en accessoires alliant style et praticit\u00e9. Leurs bonnets en grosse maille sont \u00e0 la fois \u00e9l\u00e9gants et confortables. Parfaits pour les fra\u00eeches soir\u00e9es d&#039;\u00e9t\u00e9, ils vous accompagneront aussi bien en automne qu&#039;en hiver. Un cadeau id\u00e9al pour celles et ceux qui souhaitent ajouter une touche de style \u00e0 leur tenue. Taille unique !<\/p>","protected":false},"excerpt":{"rendered":"<p>Bonnets confortables et \u00e9l\u00e9gants de Sammy Icon. Ils vous donneront un look plus styl\u00e9 tout en vous gardant au chaud lorsqu&#039;il fait plus frais.<\/p>","protected":false},"featured_media":122764,"comment_status":"open","ping_status":"closed","template":"","meta":[],"product_brand":[2605],"product_cat":[2019],"product_tag":[],"class_list":{"0":"post-122763","1":"product","2":"type-product","3":"status-publish","4":"has-post-thumbnail","6":"product_brand-sammy-icon","7":"product_cat-hats","8":"pa_manufacturer-sammy-icon","9":"pa_storlekar-one-size","11":"first","12":"instock","13":"sale","14":"featured","15":"taxable","16":"shipping-taxable","17":"purchasable","18":"product-type-simple"},"composite_virtual":false,"composite_layout":"","composite_add_to_cart_form_location":"","composite_editable_in_cart":false,"composite_sold_individually_context":"","composite_shop_price_calc":"","composite_components":[],"composite_scenarios":[],"jetpack_sharing_enabled":true,"_links":{"self":[{"href":"https:\/\/www.boardlife.se\/fr\/wp-json\/wp\/v2\/product\/122763","targetHints":{"allow":["GET"]}}],"collection":[{"href":"https:\/\/www.boardlife.se\/fr\/wp-json\/wp\/v2\/product"}],"about":[{"href":"https:\/\/www.boardlife.se\/fr\/wp-json\/wp\/v2\/types\/product"}],"replies":[{"embeddable":true,"href":"https:\/\/www.boardlife.se\/fr\/wp-json\/wp\/v2\/comments?post=122763"}],"wp:featuredmedia":[{"embeddable":true,"href":"https:\/\/www.boardlife.se\/fr\/wp-json\/wp\/v2\/media\/122764"}],"wp:attachment":[{"href":"https:\/\/www.boardlife.se\/fr\/wp-json\/wp\/v2\/media?parent=122763"}],"wp:term":[{"taxonomy":"product_brand","embeddable":true,"href":"https:\/\/www.boardlife.se\/fr\/wp-json\/wp\/v2\/product_brand?post=122763"},{"taxonomy":"product_cat","embeddable":true,"href":"https:\/\/www.boardlife.se\/fr\/wp-json\/wp\/v2\/product_cat?post=122763"},{"taxonomy":"product_tag","embeddable":true,"href":"https:\/\/www.boardlife.se\/fr\/wp-json\/wp\/v2\/product_tag?post=122763"}],"curies":[{"name":"wp","href":"https:\/\/api.w.org\/{rel}","templated":true}]}}