{"id":120786,"date":"2020-08-22T12:21:42","date_gmt":"2020-08-22T10:21:42","guid":{"rendered":"https:\/\/www.boardlife.se\/?post_type=product&#038;p=120786"},"modified":"2024-10-22T06:59:20","modified_gmt":"2024-10-22T04:59:20","slug":"caoutchoucs-royaux-heartwood-53-mm-99a","status":"publish","type":"product","link":"https:\/\/www.boardlife.se\/fr\/boutique\/skateboard\/composants-de-skateboard\/roues-de-skateboard\/caoutchoucs-royaux-heartwood-53-mm-99a\/","title":{"rendered":"Caoutchoucs Heartwood Royal 53 mm 99a"},"content":{"rendered":"<p>Heartwood lance une roue polyvalente vraiment int\u00e9ressante pour le skateboard\u00a0: la s\u00e9rie Royal Rubbers. Une roue haut de gamme \u00e0 un prix tr\u00e8s attractif. Disponible en taille universelle 53\u00a0mm, elle poss\u00e8de une duret\u00e9 l\u00e9g\u00e8rement inf\u00e9rieure pour un confort de roulement optimal m\u00eame en dehors des skateparks. Si vous recherchez une roue performante pour une pratique mixte \u00e0 un prix avantageux, la Royal Rubbers est la solution id\u00e9ale.<\/p>\n<h3>Description originale<\/h3>\n<p>Un jour, apr\u00e8s une super session en soir\u00e9e, on s&#039;est assis avec une bi\u00e8re bien fra\u00eeche. On a commenc\u00e9 \u00e0 discuter de nos roues de skate pr\u00e9f\u00e9r\u00e9es. Elles devaient faire environ 32 mm de large et avoir une duret\u00e9 de 99a pour convenir \u00e0 tous les types de skate, tout en offrant une bonne adh\u00e9rence sur diff\u00e9rents types d&#039;asphalte. Mais surtout, elles devaient \u00eatre abordables. Une vraie bonne roue, sans chichis. Apr\u00e8s avoir s\u00e9ch\u00e9 nos t-shirts tremp\u00e9s de sueur dans la douce brise du soir, on s&#039;est dit : on devrait arr\u00eater de faire des b\u00eatises et se lancer.<br>\nC&#039;est donc ce que nous avons fait, le reste appartient \u00e0 l&#039;histoire.<\/p>\n<p>Les patins Royal Rubbers ont \u00e9t\u00e9 con\u00e7us pour une pratique flexible du patinage. Rue ou skatepark, \u00e0 vous de choisir.<br>\nNous vous pr\u00e9sentons les Royal Rubbers \u2013 impressionnants mais toujours humbles.<\/p>","protected":false},"excerpt":{"rendered":"<p>Une roue polyvalente de haute qualit\u00e9 \u00e0 un prix abordable. Sa taille convient \u00e0 la plupart des types de pratique et son duro l\u00e9g\u00e8rement plus souple est plus confortable pour ceux qui souhaitent \u00e9galement rider un peu en dehors du skatepark. Cette version est en 53 mm.<\/p>","protected":false},"featured_media":120787,"comment_status":"open","ping_status":"closed","template":"","meta":[],"product_brand":[2570],"product_cat":[967],"product_tag":[],"class_list":{"0":"post-120786","1":"product","2":"type-product","3":"status-publish","4":"has-post-thumbnail","6":"product_brand-heartwood","7":"product_cat-wheels-skateboard","8":"pa_diameter-53mm","9":"pa_durometer-99a","10":"pa_manufacturer-heartwood","12":"first","13":"instock","14":"sale","15":"taxable","16":"shipping-taxable","17":"purchasable","18":"product-type-simple"},"composite_virtual":false,"composite_layout":"","composite_add_to_cart_form_location":"","composite_editable_in_cart":false,"composite_sold_individually_context":"","composite_shop_price_calc":"","composite_components":[],"composite_scenarios":[],"jetpack_sharing_enabled":true,"_links":{"self":[{"href":"https:\/\/www.boardlife.se\/fr\/wp-json\/wp\/v2\/product\/120786","targetHints":{"allow":["GET"]}}],"collection":[{"href":"https:\/\/www.boardlife.se\/fr\/wp-json\/wp\/v2\/product"}],"about":[{"href":"https:\/\/www.boardlife.se\/fr\/wp-json\/wp\/v2\/types\/product"}],"replies":[{"embeddable":true,"href":"https:\/\/www.boardlife.se\/fr\/wp-json\/wp\/v2\/comments?post=120786"}],"wp:featuredmedia":[{"embeddable":true,"href":"https:\/\/www.boardlife.se\/fr\/wp-json\/wp\/v2\/media\/120787"}],"wp:attachment":[{"href":"https:\/\/www.boardlife.se\/fr\/wp-json\/wp\/v2\/media?parent=120786"}],"wp:term":[{"taxonomy":"product_brand","embeddable":true,"href":"https:\/\/www.boardlife.se\/fr\/wp-json\/wp\/v2\/product_brand?post=120786"},{"taxonomy":"product_cat","embeddable":true,"href":"https:\/\/www.boardlife.se\/fr\/wp-json\/wp\/v2\/product_cat?post=120786"},{"taxonomy":"product_tag","embeddable":true,"href":"https:\/\/www.boardlife.se\/fr\/wp-json\/wp\/v2\/product_tag?post=120786"}],"curies":[{"name":"wp","href":"https:\/\/api.w.org\/{rel}","templated":true}]}}