{"id":116454,"date":"2020-08-04T08:36:35","date_gmt":"2020-08-04T06:36:35","guid":{"rendered":"https:\/\/www.boardlife.se\/?post_type=product&#038;p=116454"},"modified":"2025-03-26T11:38:12","modified_gmt":"2025-03-26T10:38:12","slug":"pignon-de-transmission-evolve-gt-gtx-gtr-evolve-abec11-roues-38-dents","status":"publish","type":"product","link":"https:\/\/www.boardlife.se\/fr\/boutique\/skateboard-electrique\/pieces-detachees-electriques\/poulies-dengrenages-dentrainement\/pignon-de-transmission-evolve-gt-gtx-gtr-evolve-abec11-roues-38-dents\/","title":{"rendered":"Engrenage de transmission Evolve GT\/GTX\/GTR, roues Evolve et ABEC11 (38 dents)"},"content":{"rendered":"<p>Pignon d&#039;entra\u00eenement compatible GT\/GTX\/GTR. Fabriqu\u00e9 en plastique de haute qualit\u00e9, il est plus silencieux que l&#039;aluminium par exemple. Gr\u00e2ce \u00e0 son noyau identique \u00e0 celui de l&#039;Abec11, ce moyeu d&#039;entra\u00eenement est compatible avec les deux mod\u00e8les. Son pignon de 38 dents offre une meilleure maniabilit\u00e9 et une acc\u00e9l\u00e9ration plus franche. Il est recommand\u00e9 pour les v\u00e9los \u00e9quip\u00e9s de roues jusqu&#039;\u00e0 107 mm de diam\u00e8tre ou dont le poids sous le gilet est plus important.<\/p>\n<p>Vendu \u00e0 l&#039;unit\u00e9.<\/p>\n<p><strong>Description originale:<\/strong><\/p>\n<p>Au d\u00e9triment de la vitesse de pointe, ce pignon am\u00e9liore l&#039;acc\u00e9l\u00e9ration de votre planche GT. Offrant environ 20% de couple suppl\u00e9mentaire, il vous permettra d&#039;utiliser des roues plus grandes, de gravir des pentes plus raides et d&#039;accro\u00eetre la puissance de freinage. Attention\u00a0: ce pignon augmente consid\u00e9rablement l&#039;acc\u00e9l\u00e9ration de nos planches. Soyez prudent, car les vitesses \u00e9lev\u00e9es peuvent entra\u00eener une acc\u00e9l\u00e9ration beaucoup plus rapide et augmenter le risque de chute. Ce pignon est plus grand que le pignon de 32 dents mont\u00e9 d&#039;origine sur les skateboards complets. Par cons\u00e9quent, il am\u00e9liore l&#039;acc\u00e9l\u00e9ration et la capacit\u00e9 de la planche \u00e0 grimper, tout en r\u00e9duisant sa vitesse de pointe.<\/p>\n<p>Fabriqu\u00e9 en POM, un plastique sp\u00e9cial con\u00e7u sp\u00e9cifiquement pour les engrenages, cet engrenage est beaucoup plus l\u00e9ger et silencieux que ceux en aluminium gr\u00e2ce \u00e0 ce mat\u00e9riau de haute qualit\u00e9. De plus, il est extr\u00eamement durable et robuste.<\/p>","protected":false},"excerpt":{"rendered":"<p>38-taggat drive gear f\u00f6r dig som vill anv\u00e4nda Abec11 eller Evolves egna hjul p\u00e5 br\u00e4dan. Det som skiljer denna mot standardkuggen \u00e4r att h\u00e4r f\u00e5r du 38 taggar. Ska du k\u00f6ra med st\u00f6rre hjul kring 107mm s\u00e5 \u00e4r det rekommenderat att ha denna version. Du kapar en aning p\u00e5 topphastigheten men f\u00e5r ist\u00e4llet 20% b\u00e4ttre vridmoment. Detta drive gear \u00e4r f\u00f6r Evolves GT\/GTX\/GTR.<\/p>\n<p>S\u00e4ljes styckvis<\/p>","protected":false},"featured_media":116457,"comment_status":"open","ping_status":"closed","template":"","meta":[],"product_brand":[2557],"product_cat":[2267,1947],"product_tag":[],"class_list":{"0":"post-116454","1":"product","2":"type-product","3":"status-publish","4":"has-post-thumbnail","6":"product_brand-evolve-skateboards","7":"product_cat-drive-gears-pulleys","8":"product_cat-electric-spareparts","9":"pa_manufacturer-evolve","11":"first","12":"instock","13":"taxable","14":"shipping-taxable","15":"purchasable","16":"product-type-simple"},"composite_virtual":false,"composite_layout":"","composite_add_to_cart_form_location":"","composite_editable_in_cart":false,"composite_sold_individually_context":"","composite_shop_price_calc":"","composite_components":[],"composite_scenarios":[],"jetpack_sharing_enabled":true,"_links":{"self":[{"href":"https:\/\/www.boardlife.se\/fr\/wp-json\/wp\/v2\/product\/116454","targetHints":{"allow":["GET"]}}],"collection":[{"href":"https:\/\/www.boardlife.se\/fr\/wp-json\/wp\/v2\/product"}],"about":[{"href":"https:\/\/www.boardlife.se\/fr\/wp-json\/wp\/v2\/types\/product"}],"replies":[{"embeddable":true,"href":"https:\/\/www.boardlife.se\/fr\/wp-json\/wp\/v2\/comments?post=116454"}],"wp:featuredmedia":[{"embeddable":true,"href":"https:\/\/www.boardlife.se\/fr\/wp-json\/wp\/v2\/media\/116457"}],"wp:attachment":[{"href":"https:\/\/www.boardlife.se\/fr\/wp-json\/wp\/v2\/media?parent=116454"}],"wp:term":[{"taxonomy":"product_brand","embeddable":true,"href":"https:\/\/www.boardlife.se\/fr\/wp-json\/wp\/v2\/product_brand?post=116454"},{"taxonomy":"product_cat","embeddable":true,"href":"https:\/\/www.boardlife.se\/fr\/wp-json\/wp\/v2\/product_cat?post=116454"},{"taxonomy":"product_tag","embeddable":true,"href":"https:\/\/www.boardlife.se\/fr\/wp-json\/wp\/v2\/product_tag?post=116454"}],"curies":[{"name":"wp","href":"https:\/\/api.w.org\/{rel}","templated":true}]}}