{"id":114309,"date":"2020-07-19T11:53:07","date_gmt":"2020-07-19T09:53:07","guid":{"rendered":"https:\/\/www.boardlife.se\/?post_type=product&#038;p=114309"},"modified":"2026-01-27T09:53:17","modified_gmt":"2026-01-27T08:53:17","slug":"evolve-gtr-97-mm-76a-bleu-clair","status":"publish","type":"product","link":"https:\/\/www.boardlife.se\/fr\/boutique\/longboard\/composants-de-longboard\/roues-de-longboard\/evolve-gtr-97-mm-76a-bleu-clair\/","title":{"rendered":"Evolve GTR 97 mm 76a Bleu clair"},"content":{"rendered":"<p>Avoir de bonnes roues sur sa planche est un atout majeur. Les roues GTR de 97 mm d&#039;Evolve sont extra-larges pour une bonne vitesse et une meilleure stabilit\u00e9 face aux rochers et autres d\u00e9bris. De plus, ces roues plus souples offrent un confort optimal et une bonne adh\u00e9rence pendant la conduite.<\/p>\n<h3>Description originale<\/h3>\n<p>Quelle que soit la performance de votre planche, ce sont les roues qui d\u00e9finiront votre exp\u00e9rience de glisse\u00a0! Nous souhaitions absolument les meilleures roues pour nos planches Evolve. C&#039;est pourquoi nous avons collabor\u00e9 avec l&#039;un des meilleurs fabricants de Californie (\u00c9tats-Unis) pour produire notre nouvelle roue GT de 97\u00a0mm.<\/p>\n<p>Rapide, confortable et fonctionnelle \u2014 Avec ses 97 mm de hauteur, cette roue offre une vitesse de roulement maximale pour la balade, le carving et la VITESSE\u00a0! Sa surface de contact de 56 mm avec sa surface offre une adh\u00e9rence optimale, tandis que ses bords subtilement arrondis facilitent le passage des roues sur les fissures de la chauss\u00e9e.<\/p>\n<p>Formule Inline Race \u2014 La roue Evolve 97 mm est coul\u00e9e avec une formule sp\u00e9ciale Inline Race pour une vitesse de roulement maximale, une adh\u00e9rence optimale et une conduite extr\u00eamement douce et fluide. Une fois us\u00e9e, la roue de 97 mm s&#039;am\u00e9liore avec le temps\u00a0; c&#039;est le paradis des ur\u00e9thanes\u00a0!<\/p>\n<p>CARACT\u00c9RISTIQUES<\/p>\n<p>Diam\u00e8tre : 97 mm<br>\nLargeur : 57<br>\nZone de contact : 56 mm<br>\nDurom\u00e8tre : 76a<br>\nFormule : Formule de course en ligne<\/p>","protected":false},"excerpt":{"rendered":"<p>Si vous avez besoin de grandes roues pour votre planche, vous avez \u00e0 votre disposition les roues Evolve de 97 mm. Elles sont \u00e9galement dot\u00e9es d&#039;un duro plus souple de 76a pour une meilleure adh\u00e9rence et un meilleur confort.<\/p>","protected":false},"featured_media":114305,"comment_status":"open","ping_status":"closed","template":"","meta":[],"product_brand":[2557],"product_cat":[1947,38,2265],"product_tag":[],"class_list":{"0":"post-114309","1":"product","2":"type-product","3":"status-publish","4":"has-post-thumbnail","6":"product_brand-evolve-skateboards","7":"product_cat-electric-spareparts","8":"product_cat-wheels-longboard","9":"product_cat-wheels-tires","10":"pa_diameter-97mm","11":"pa_durometer-76a","12":"pa_kontaktyta-56mm","13":"pa_manufacturer-evolve","15":"first","16":"instock","17":"sale","18":"taxable","19":"shipping-taxable","20":"purchasable","21":"product-type-simple"},"composite_virtual":false,"composite_layout":"","composite_add_to_cart_form_location":"","composite_editable_in_cart":false,"composite_sold_individually_context":"","composite_shop_price_calc":"","composite_components":[],"composite_scenarios":[],"jetpack_sharing_enabled":true,"_links":{"self":[{"href":"https:\/\/www.boardlife.se\/fr\/wp-json\/wp\/v2\/product\/114309","targetHints":{"allow":["GET"]}}],"collection":[{"href":"https:\/\/www.boardlife.se\/fr\/wp-json\/wp\/v2\/product"}],"about":[{"href":"https:\/\/www.boardlife.se\/fr\/wp-json\/wp\/v2\/types\/product"}],"replies":[{"embeddable":true,"href":"https:\/\/www.boardlife.se\/fr\/wp-json\/wp\/v2\/comments?post=114309"}],"wp:featuredmedia":[{"embeddable":true,"href":"https:\/\/www.boardlife.se\/fr\/wp-json\/wp\/v2\/media\/114305"}],"wp:attachment":[{"href":"https:\/\/www.boardlife.se\/fr\/wp-json\/wp\/v2\/media?parent=114309"}],"wp:term":[{"taxonomy":"product_brand","embeddable":true,"href":"https:\/\/www.boardlife.se\/fr\/wp-json\/wp\/v2\/product_brand?post=114309"},{"taxonomy":"product_cat","embeddable":true,"href":"https:\/\/www.boardlife.se\/fr\/wp-json\/wp\/v2\/product_cat?post=114309"},{"taxonomy":"product_tag","embeddable":true,"href":"https:\/\/www.boardlife.se\/fr\/wp-json\/wp\/v2\/product_tag?post=114309"}],"curies":[{"name":"wp","href":"https:\/\/api.w.org\/{rel}","templated":true}]}}