{"id":114232,"date":"2020-07-17T21:56:13","date_gmt":"2020-07-17T19:56:13","guid":{"rendered":"https:\/\/www.boardlife.se\/?post_type=product&#038;p=114232"},"modified":"2024-11-08T12:55:26","modified_gmt":"2024-11-08T11:55:26","slug":"american-socks-godzilla","status":"publish","type":"product","link":"https:\/\/www.boardlife.se\/fr\/boutique\/vetements-de-rue\/chaussettes\/american-socks-godzilla\/","title":{"rendered":"Chaussettes am\u00e9ricaines Godzilla"},"content":{"rendered":"<p>Godzilla &auml;r en modell ur American Socks Signature Series. Kanske f&ouml;r dig som vill vara lite extra snygg d&auml;r ute. Eller kanske du som r&aring;kar gilla stora apor bara. Grymmare skatestrumpor f&aring;r du garanterat leta efter. Signature Series &auml;r strumpor med betydligt fr&auml;ckare m&ouml;nster men du har fortfarande kvar de klassiska r&auml;nderna l&auml;ngst upp. En helt unik skatestrumpa som g&ouml;r dig en aning snyggare oavsett hur du tidigare s&aring;g ut. American Socks st&aring;r f&ouml;r bra kvalitet och en garanterat hardcore look d&auml;r ute.<\/p>\n<p>Toutes les chaussettes de la s\u00e9rie Signature ont une longueur de tige \u00ab mi-haute \u00bb et gardent donc vos mollets au chaud et prot\u00e8gent l\u00e9g\u00e8rement mieux vos tibias contre les \u00e9ventuelles figures rat\u00e9es de la planche.<\/p>\n<p>Pour qu&#039;ils conservent leur aspect et leur toucher au fil du temps, il est conseill\u00e9 de suivre les instructions de lavage. Sinon, vous \u00eates libre de vivre toutes les aventures qui vous font envie.<\/p>\n<p><img loading=\"lazy\" decoding=\"async\" class=\"alignnone wp-image-113871\" src=\"https:\/\/www.boardlife.se\/wp-content\/uploads\/2020\/07\/size-guide-1024x416.png\" alt=\"Guide des profils des chaussettes am\u00e9ricaines\" width=\"700\" height=\"284\" srcset=\"https:\/\/www.boardlife.se\/wp-content\/uploads\/2020\/07\/size-guide-1024x416.png 1024w, https:\/\/www.boardlife.se\/wp-content\/uploads\/2020\/07\/size-guide-200x81.png 200w, https:\/\/www.boardlife.se\/wp-content\/uploads\/2020\/07\/size-guide-720x293.png 720w, https:\/\/www.boardlife.se\/wp-content\/uploads\/2020\/07\/size-guide-300x122.png 300w, https:\/\/www.boardlife.se\/wp-content\/uploads\/2020\/07\/size-guide-768x312.png 768w, https:\/\/www.boardlife.se\/wp-content\/uploads\/2020\/07\/size-guide-1000x406.png 1000w, https:\/\/www.boardlife.se\/wp-content\/uploads\/2020\/07\/size-guide.png 1100w\" sizes=\"auto, (max-width: 700px) 100vw, 700px\"\/><\/p>","protected":false},"excerpt":{"rendered":"<p>Godzilla est un mod\u00e8le de la collection Signature Series d&#039;American Socks. Id\u00e9al pour ceux qui recherchent un style unique. Ou peut-\u00eatre \u00eates-vous simplement fan de grands singes. Vous trouverez certainement des chaussettes de skate encore plus originales. Une chaussette de skate totalement unique qui rehaussera votre look, quel qu&#039;il soit. American Socks est synonyme de qualit\u00e9 et d&#039;un style hardcore garanti. Vous pourriez m\u00eame \u00eatre nu et avoir l&#039;air bien habill\u00e9, \u00e0 condition de garder ces chaussettes. La collection Signature Series propose des chaussettes aux motifs beaucoup plus audacieux, tout en conservant les rayures classiques sur le haut.<\/p>","protected":false},"featured_media":114238,"comment_status":"open","ping_status":"closed","template":"","meta":[],"product_brand":[2526],"product_cat":[1703],"product_tag":[],"class_list":{"0":"post-114232","1":"product","2":"type-product","3":"status-publish","4":"has-post-thumbnail","6":"product_brand-american-socks","7":"product_cat-socks","8":"pa_manufacturer-american-socks","9":"pa_storlekar-l-xl-42-46","10":"pa_storlekar-s-m-37-41","12":"first","13":"instock","14":"taxable","15":"shipping-taxable","16":"purchasable","17":"product-type-variable","18":"has-default-attributes"},"composite_virtual":false,"composite_layout":"","composite_add_to_cart_form_location":"","composite_editable_in_cart":false,"composite_sold_individually_context":"","composite_shop_price_calc":"","composite_components":[],"composite_scenarios":[],"jetpack_sharing_enabled":true,"_links":{"self":[{"href":"https:\/\/www.boardlife.se\/fr\/wp-json\/wp\/v2\/product\/114232","targetHints":{"allow":["GET"]}}],"collection":[{"href":"https:\/\/www.boardlife.se\/fr\/wp-json\/wp\/v2\/product"}],"about":[{"href":"https:\/\/www.boardlife.se\/fr\/wp-json\/wp\/v2\/types\/product"}],"replies":[{"embeddable":true,"href":"https:\/\/www.boardlife.se\/fr\/wp-json\/wp\/v2\/comments?post=114232"}],"wp:featuredmedia":[{"embeddable":true,"href":"https:\/\/www.boardlife.se\/fr\/wp-json\/wp\/v2\/media\/114238"}],"wp:attachment":[{"href":"https:\/\/www.boardlife.se\/fr\/wp-json\/wp\/v2\/media?parent=114232"}],"wp:term":[{"taxonomy":"product_brand","embeddable":true,"href":"https:\/\/www.boardlife.se\/fr\/wp-json\/wp\/v2\/product_brand?post=114232"},{"taxonomy":"product_cat","embeddable":true,"href":"https:\/\/www.boardlife.se\/fr\/wp-json\/wp\/v2\/product_cat?post=114232"},{"taxonomy":"product_tag","embeddable":true,"href":"https:\/\/www.boardlife.se\/fr\/wp-json\/wp\/v2\/product_tag?post=114232"}],"curies":[{"name":"wp","href":"https:\/\/api.w.org\/{rel}","templated":true}]}}