{"id":114103,"date":"2020-07-15T16:02:00","date_gmt":"2020-07-15T14:02:00","guid":{"rendered":"https:\/\/www.boardlife.se\/?post_type=product&#038;p=114103"},"modified":"2024-07-04T23:57:24","modified_gmt":"2024-07-04T21:57:24","slug":"independent-standard-cushions-double-cone-bushing","status":"publish","type":"product","link":"https:\/\/www.boardlife.se\/fr\/boutique\/skateboard\/composants-de-skateboard\/bagues-de-skateboard\/independent-standard-cushions-double-cone-bushing\/","title":{"rendered":"Coussinets standards ind\u00e9pendants \u00e0 double c\u00f4ne"},"content":{"rendered":"<p>Independents sk&ouml;na bushings med h&ouml;g rebound och garanterad passform till din Independent truck. Detta kit kommer med tv&aring; cone f&ouml;r dig som vill ha extra l&auml;tt f&ouml;r carve. S&auml;ljs som ett set allts&aring; 4 bushings och washers till 2 truckar.<\/p>\n<p>88A Soft (Red)<br>\n90A Medium (Orange)<br>\n92A Medium Hard (Blue)<br>\n94A Hard (Black)<\/p>","protected":false},"excerpt":{"rendered":"<p>Independents sk\u00f6na bushings med h\u00f6g rebound och garanterad passform till din Independent truck. Kitet inneh\u00e5ller double cones. S\u00e4ljs som ett set allts\u00e5 4 bushings och washers till 2 truckar.<\/p>\n<p>88A Soft (Red)<br \/>\n90A Medium (Orange)<br \/>\n92A Medium Hard (Blue)<br \/>\n94A Hard (Black)<\/p>","protected":false},"featured_media":114109,"comment_status":"open","ping_status":"closed","template":"","meta":[],"product_brand":[],"product_cat":[1308],"product_tag":[1366],"class_list":{"0":"post-114103","1":"product","2":"type-product","3":"status-publish","4":"has-post-thumbnail","6":"product_cat-bushings-skateboard","7":"product_tag-independent","8":"pa_manufacturer-independent-trucks","10":"first","11":"instock","12":"taxable","13":"shipping-taxable","14":"purchasable","15":"product-type-variable","16":"has-default-attributes"},"composite_virtual":false,"composite_layout":"","composite_add_to_cart_form_location":"","composite_editable_in_cart":false,"composite_sold_individually_context":"","composite_shop_price_calc":"","composite_components":[],"composite_scenarios":[],"jetpack_sharing_enabled":true,"_links":{"self":[{"href":"https:\/\/www.boardlife.se\/fr\/wp-json\/wp\/v2\/product\/114103","targetHints":{"allow":["GET"]}}],"collection":[{"href":"https:\/\/www.boardlife.se\/fr\/wp-json\/wp\/v2\/product"}],"about":[{"href":"https:\/\/www.boardlife.se\/fr\/wp-json\/wp\/v2\/types\/product"}],"replies":[{"embeddable":true,"href":"https:\/\/www.boardlife.se\/fr\/wp-json\/wp\/v2\/comments?post=114103"}],"wp:featuredmedia":[{"embeddable":true,"href":"https:\/\/www.boardlife.se\/fr\/wp-json\/wp\/v2\/media\/114109"}],"wp:attachment":[{"href":"https:\/\/www.boardlife.se\/fr\/wp-json\/wp\/v2\/media?parent=114103"}],"wp:term":[{"taxonomy":"product_brand","embeddable":true,"href":"https:\/\/www.boardlife.se\/fr\/wp-json\/wp\/v2\/product_brand?post=114103"},{"taxonomy":"product_cat","embeddable":true,"href":"https:\/\/www.boardlife.se\/fr\/wp-json\/wp\/v2\/product_cat?post=114103"},{"taxonomy":"product_tag","embeddable":true,"href":"https:\/\/www.boardlife.se\/fr\/wp-json\/wp\/v2\/product_tag?post=114103"}],"curies":[{"name":"wp","href":"https:\/\/api.w.org\/{rel}","templated":true}]}}