{"id":113521,"date":"2020-07-09T13:25:51","date_gmt":"2020-07-09T11:25:51","guid":{"rendered":"https:\/\/www.boardlife.se\/?post_type=product&#038;p=113521"},"modified":"2024-07-08T16:12:24","modified_gmt":"2024-07-08T14:12:24","slug":"chaussettes-americaines-old-school","status":"publish","type":"product","link":"https:\/\/www.boardlife.se\/fr\/boutique\/vetements-de-rue\/chaussettes\/chaussettes-americaines-old-school\/","title":{"rendered":"Chaussettes am\u00e9ricaines Old School"},"content":{"rendered":"<p>American Socks &auml;r skatestrumpor med kvalit&eacute;, design och h&aring;llbarhet i centrum. American Socks lever f&ouml;r alternativ livsstil d&auml;r du kan uttrycka din stil genom dina strumpor. Inspirerade av 70-talet levererar American Socks en strumpa med r&auml;tt stuk och f&ouml;rst&auml;rkt kring h&auml;l och t&aring;.<\/p>\n<p>Det st&auml;mmer &auml;ven att strumporna kommer med en boost till dina skate och vardagsskills. Just Old School kommer med dessa stats:<\/p>\n<p>Ollie: +6<br>\nStreet Cred: +4<br>\nHistoriakunskap: +3<\/p>\n<p>Old School kommer i h&ouml;jden Mid High och Knee high. Storleken &auml;r One Size som motsvarar ca 36-45.<\/p>","protected":false},"excerpt":{"rendered":"<p>American Socks lever f\u00f6r alternativ livsstil d\u00e4r du kan uttrycka din stil genom dina strumpor. Inspirerade av 70-talet levererar American Socks en strumpa med r\u00e4tt stuk och f\u00f6rst\u00e4rkt kring h\u00e4l och t\u00e5.<\/p>\n<p>Old School kommer i h\u00f6jden Mid High och storleken One Size som motsvarar ca 36-45.<\/p>","protected":false},"featured_media":113553,"comment_status":"open","ping_status":"closed","template":"","meta":[],"product_brand":[2526],"product_cat":[1703],"product_tag":[],"class_list":{"0":"post-113521","1":"product","2":"type-product","3":"status-publish","4":"has-post-thumbnail","6":"product_brand-american-socks","7":"product_cat-socks","8":"pa_manufacturer-american-socks","9":"pa_storlekar-one-size-36-45","11":"first","12":"outofstock","13":"taxable","14":"shipping-taxable","15":"purchasable","16":"product-type-simple"},"composite_virtual":false,"composite_layout":"","composite_add_to_cart_form_location":"","composite_editable_in_cart":false,"composite_sold_individually_context":"","composite_shop_price_calc":"","composite_components":[],"composite_scenarios":[],"jetpack_sharing_enabled":true,"_links":{"self":[{"href":"https:\/\/www.boardlife.se\/fr\/wp-json\/wp\/v2\/product\/113521","targetHints":{"allow":["GET"]}}],"collection":[{"href":"https:\/\/www.boardlife.se\/fr\/wp-json\/wp\/v2\/product"}],"about":[{"href":"https:\/\/www.boardlife.se\/fr\/wp-json\/wp\/v2\/types\/product"}],"replies":[{"embeddable":true,"href":"https:\/\/www.boardlife.se\/fr\/wp-json\/wp\/v2\/comments?post=113521"}],"wp:featuredmedia":[{"embeddable":true,"href":"https:\/\/www.boardlife.se\/fr\/wp-json\/wp\/v2\/media\/113553"}],"wp:attachment":[{"href":"https:\/\/www.boardlife.se\/fr\/wp-json\/wp\/v2\/media?parent=113521"}],"wp:term":[{"taxonomy":"product_brand","embeddable":true,"href":"https:\/\/www.boardlife.se\/fr\/wp-json\/wp\/v2\/product_brand?post=113521"},{"taxonomy":"product_cat","embeddable":true,"href":"https:\/\/www.boardlife.se\/fr\/wp-json\/wp\/v2\/product_cat?post=113521"},{"taxonomy":"product_tag","embeddable":true,"href":"https:\/\/www.boardlife.se\/fr\/wp-json\/wp\/v2\/product_tag?post=113521"}],"curies":[{"name":"wp","href":"https:\/\/api.w.org\/{rel}","templated":true}]}}