{"id":113516,"date":"2020-07-11T15:00:47","date_gmt":"2020-07-11T13:00:47","guid":{"rendered":"https:\/\/www.boardlife.se\/?post_type=product&#038;p=113516"},"modified":"2023-12-15T11:15:54","modified_gmt":"2023-12-15T10:15:54","slug":"american-socks-anerican-pride-ii","status":"publish","type":"product","link":"https:\/\/www.boardlife.se\/fr\/boutique\/vetements-de-rue\/chaussettes\/american-socks-anerican-pride-ii\/","title":{"rendered":"Chaussettes am\u00e9ricaines Fiert\u00e9 am\u00e9ricaine II"},"content":{"rendered":"<p>Si vous r\u00eavez d&#039;un look de skateur hardcore, \u00e9coutez bien. American Socks est la marque qui vous offre ce style et ces sensations. American Socks pr\u00f4ne un mode de vie alternatif o\u00f9 chacun peut exprimer sa personnalit\u00e9 \u00e0 travers ses chaussettes. Inspir\u00e9es des ann\u00e9es 70, les chaussettes American Socks offrent un ajustement parfait et des renforts au niveau du talon et des orteils.<\/p>\n<p>American Pride kommer i tv&aring; modeller, det som skiljer I mot II &auml;r helt enkelt antar streck p&aring; strumpan. Har du sv&aring;rt att best&auml;mma dig g&aring;r det att ta en av varje rentav.<\/p>\n<p>Det st&auml;mmer &auml;ven att strumporna kommer med en boost till dina skate och vardagsskills. Just American Pride II kommer med dessa stats lite l&auml;gre hamburgarstats men h&ouml;gre steezestats p&aring; grund av den extra f&auml;rgranden:<\/p>\n<p>Ollie: +4<br>\nSteeze: +4<br>\n&Auml;ta Hamburgare: +8<\/p>\n<p>American Pride II kommer i h&ouml;jden Mid High och storleken One Size som motsvarar ca 36-45.<\/p>","protected":false},"excerpt":{"rendered":"<p>Om du vill vara ordentligt hardcore skate b\u00f6r du lyssna nu. American Socks \u00e4r m\u00e4rket som ger dig just den looken och k\u00e4nslan. American Socks lever f\u00f6r alternativ livsstil d\u00e4r du kan uttrycka din stil genom dina strumpor. Inspirerade av 70-talet levererar American Socks en strumpa med r\u00e4tt stuk och f\u00f6rst\u00e4rkt kring h\u00e4l och t\u00e5.<\/p>\n<p>American Pride kommer i h\u00f6jden Mid High och storleken One Size som motsvarar ca 36-45.<\/p>","protected":false},"featured_media":113519,"comment_status":"open","ping_status":"closed","template":"","meta":[],"product_brand":[2526],"product_cat":[1703],"product_tag":[],"class_list":{"0":"post-113516","1":"product","2":"type-product","3":"status-publish","4":"has-post-thumbnail","6":"product_brand-american-socks","7":"product_cat-socks","8":"pa_manufacturer-american-socks","9":"pa_storlekar-one-size-36-45","11":"first","12":"instock","13":"taxable","14":"shipping-taxable","15":"purchasable","16":"product-type-simple"},"composite_virtual":false,"composite_layout":"","composite_add_to_cart_form_location":"","composite_editable_in_cart":false,"composite_sold_individually_context":"","composite_shop_price_calc":"","composite_components":[],"composite_scenarios":[],"jetpack_sharing_enabled":true,"_links":{"self":[{"href":"https:\/\/www.boardlife.se\/fr\/wp-json\/wp\/v2\/product\/113516","targetHints":{"allow":["GET"]}}],"collection":[{"href":"https:\/\/www.boardlife.se\/fr\/wp-json\/wp\/v2\/product"}],"about":[{"href":"https:\/\/www.boardlife.se\/fr\/wp-json\/wp\/v2\/types\/product"}],"replies":[{"embeddable":true,"href":"https:\/\/www.boardlife.se\/fr\/wp-json\/wp\/v2\/comments?post=113516"}],"wp:featuredmedia":[{"embeddable":true,"href":"https:\/\/www.boardlife.se\/fr\/wp-json\/wp\/v2\/media\/113519"}],"wp:attachment":[{"href":"https:\/\/www.boardlife.se\/fr\/wp-json\/wp\/v2\/media?parent=113516"}],"wp:term":[{"taxonomy":"product_brand","embeddable":true,"href":"https:\/\/www.boardlife.se\/fr\/wp-json\/wp\/v2\/product_brand?post=113516"},{"taxonomy":"product_cat","embeddable":true,"href":"https:\/\/www.boardlife.se\/fr\/wp-json\/wp\/v2\/product_cat?post=113516"},{"taxonomy":"product_tag","embeddable":true,"href":"https:\/\/www.boardlife.se\/fr\/wp-json\/wp\/v2\/product_tag?post=113516"}],"curies":[{"name":"wp","href":"https:\/\/api.w.org\/{rel}","templated":true}]}}