{"id":112457,"date":"2020-06-17T11:16:17","date_gmt":"2020-06-17T09:16:17","guid":{"rendered":"https:\/\/www.boardlife.se\/?post_type=product&#038;p=112457"},"modified":"2025-10-21T13:17:23","modified_gmt":"2025-10-21T11:17:23","slug":"roues-orange-evolve-gt-gtx-gtr","status":"publish","type":"product","link":"https:\/\/www.boardlife.se\/fr\/boutique\/skateboard-electrique\/pieces-detachees-electriques\/poulies-dengrenages-dentrainement\/roues-orange-evolve-gt-gtx-gtr\/","title":{"rendered":"Roues Orangatang \u00e0 engrenages Evolve GT\/GTX\/GTR (32 dents)"},"content":{"rendered":"<p>Engrenage compatible avec les GT\/GTX\/GTR. Plastique de haute qualit\u00e9, plus silencieux que l&#039;aluminium par exemple.&nbsp;<strong>Convient uniquement aux roues Orangatang !<\/strong><\/p>\n<p>Vendu \u00e0 l&#039;unit\u00e9.<\/p>\n<p><strong>Description originale:<\/strong><\/p>\n<p>L&#039;engrenage Evolve Drive Gear est fabriqu\u00e9 en POM, un plastique sp\u00e9cial d\u00e9velopp\u00e9 sp\u00e9cifiquement pour les engrenages moteurs. Ce mat\u00e9riau de haute qualit\u00e9 rend cet engrenage beaucoup plus l\u00e9ger et silencieux que les engrenages en aluminium. De plus, il est extr\u00eamement durable et robuste.<\/p>","protected":false},"excerpt":{"rendered":"<p>Nytt drive gear f\u00f6r dig som vill anv\u00e4nda Orangatanghjul p\u00e5 din Evolve. Detta drive gear \u00e4r kompatibelt med Orangatangs hjul med ventilerad k\u00e4rna vilket inneb\u00e4r Kegel och Caguama. Detta drive gear \u00e4r f\u00f6r Evolves GT\/GTX\/GTR.<\/p>\n<p>S\u00e4ljes styckvis<\/p>","protected":false},"featured_media":112458,"comment_status":"open","ping_status":"closed","template":"","meta":[],"product_brand":[],"product_cat":[2267,1947],"product_tag":[],"class_list":{"0":"post-112457","1":"product","2":"type-product","3":"status-publish","4":"has-post-thumbnail","6":"product_cat-drive-gears-pulleys","7":"product_cat-electric-spareparts","8":"pa_manufacturer-evolve","10":"first","11":"instock","12":"taxable","13":"shipping-taxable","14":"purchasable","15":"product-type-simple"},"composite_virtual":false,"composite_layout":"","composite_add_to_cart_form_location":"","composite_editable_in_cart":false,"composite_sold_individually_context":"","composite_shop_price_calc":"","composite_components":[],"composite_scenarios":[],"jetpack_sharing_enabled":true,"_links":{"self":[{"href":"https:\/\/www.boardlife.se\/fr\/wp-json\/wp\/v2\/product\/112457","targetHints":{"allow":["GET"]}}],"collection":[{"href":"https:\/\/www.boardlife.se\/fr\/wp-json\/wp\/v2\/product"}],"about":[{"href":"https:\/\/www.boardlife.se\/fr\/wp-json\/wp\/v2\/types\/product"}],"replies":[{"embeddable":true,"href":"https:\/\/www.boardlife.se\/fr\/wp-json\/wp\/v2\/comments?post=112457"}],"wp:featuredmedia":[{"embeddable":true,"href":"https:\/\/www.boardlife.se\/fr\/wp-json\/wp\/v2\/media\/112458"}],"wp:attachment":[{"href":"https:\/\/www.boardlife.se\/fr\/wp-json\/wp\/v2\/media?parent=112457"}],"wp:term":[{"taxonomy":"product_brand","embeddable":true,"href":"https:\/\/www.boardlife.se\/fr\/wp-json\/wp\/v2\/product_brand?post=112457"},{"taxonomy":"product_cat","embeddable":true,"href":"https:\/\/www.boardlife.se\/fr\/wp-json\/wp\/v2\/product_cat?post=112457"},{"taxonomy":"product_tag","embeddable":true,"href":"https:\/\/www.boardlife.se\/fr\/wp-json\/wp\/v2\/product_tag?post=112457"}],"curies":[{"name":"wp","href":"https:\/\/api.w.org\/{rel}","templated":true}]}}