{"id":112279,"date":"2020-06-12T13:50:09","date_gmt":"2020-06-12T11:50:09","guid":{"rendered":"https:\/\/www.boardlife.se\/?post_type=product&#038;p=112279"},"modified":"2022-02-23T09:28:32","modified_gmt":"2022-02-23T08:28:32","slug":"terrasse-en-bois-el-toro","status":"publish","type":"product","link":"https:\/\/www.boardlife.se\/fr\/boutique\/longboard\/planche-longue-uniquement\/terrasse-en-bois-el-toro\/","title":{"rendered":"Terrasse Timber El Toro uniquement"},"content":{"rendered":"<p>Les planches Timber Boards sont fabriqu\u00e9es \u00e0 la main aux Pays-Bas. Reconnues dans le monde entier, nous sommes fiers de les pr\u00e9senter en Su\u00e8de. Nous sommes heureux de vous pr\u00e9senter la premi\u00e8re planche Timber adapt\u00e9e au freeride. L\u00e9g\u00e8rement plus longue pour cette discipline, elle n&#039;en est pas moins performante et puissante, \u00e0 l&#039;image d&#039;un taureau majestueux\u00a0! Elle est dot\u00e9e de microdrops au niveau des pieds et d&#039;un petit <a class=\"glossaryLink cmtt_Komponenter\" aria-describedby=\"tt\" data-cmtooltip=\"&lt;div class=glossaryItemTitle&gt;Konkav&lt;\/div&gt;&lt;div class=glossaryItemBody&gt;De flesta br&auml;dor\/deck &auml;r sk&aring;lade i n&aring;gon m&aring;n. Man har med andra ord h&ouml;gre ytterkanter d&aring; man st&auml;ller sig p&aring; br&auml;dan. Detta kallas f&ouml;r concave eller konkav p&aring; svenska. &lt;\/div&gt;&lt;div class=cmtt_synonyms_wrapper&gt;&lt;div class=cmtt_synonyms_title&gt;Synonymer: &lt;\/div&gt;&lt;div class=cmtt_synonyms&gt;concave&lt;\/div&gt;&lt;\/div&gt;&lt;div class=glossaryTooltipMoreLinkWrapper&gt;&lt;a class=glossaryTooltipMoreLink href=https:\/\/www.boardlife.se\/fr\/glossaire\/konkav-concave\/ &gt;L&auml;s mer&lt;\/a&gt;&lt;\/div&gt;\" href=\"https:\/\/www.boardlife.se\/fr\/glossaire\/konkav-concave\/\" data-mobile-support=\"0\" data-gt-translate-attributes='[{\"attribute\":\"data-cmtooltip\", \"format\":\"html\"}]'>concave<\/a> Au centre du plateau. Comme toujours, une qualit\u00e9 robuste et une finition exceptionnelle, incomparables.<\/p>","protected":false},"excerpt":{"rendered":"<p>Planche freeride\/danseuse fabriqu\u00e9e \u00e0 la main aux Pays-Bas. Les planches Timber sont appr\u00e9ci\u00e9es dans le monde entier et cette planche freeride vous accompagnera pendant de nombreuses ann\u00e9es. El Toro s&#039;adresse davantage aux freeriders recherchant une planche l\u00e9g\u00e8rement plus longue, offrant un bon pop et une stabilit\u00e9 exceptionnelle.<\/p>","protected":false},"featured_media":112280,"comment_status":"open","ping_status":"closed","template":"","meta":[],"product_brand":[2621],"product_cat":[22],"product_tag":[2482],"class_list":{"0":"post-112279","1":"product","2":"type-product","3":"status-publish","4":"has-post-thumbnail","6":"product_brand-timber-boards","7":"product_cat-deck-only-longboard","8":"product_tag-dancing-freestyle","9":"pa_hjulbas-21-46-54-5cm","10":"pa_hjulbas-22-64-57-5cm","11":"pa_hjulbas-23-82-60-5cm","12":"pa_length-3917-995cm","13":"pa_manufacturer-timber-boards","14":"pa_width-9-13-23-2cm","16":"first","17":"outofstock","18":"taxable","19":"shipping-taxable","20":"purchasable","21":"product-type-simple"},"composite_virtual":false,"composite_layout":"","composite_add_to_cart_form_location":"","composite_editable_in_cart":false,"composite_sold_individually_context":"","composite_shop_price_calc":"","composite_components":[],"composite_scenarios":[],"jetpack_sharing_enabled":true,"_links":{"self":[{"href":"https:\/\/www.boardlife.se\/fr\/wp-json\/wp\/v2\/product\/112279","targetHints":{"allow":["GET"]}}],"collection":[{"href":"https:\/\/www.boardlife.se\/fr\/wp-json\/wp\/v2\/product"}],"about":[{"href":"https:\/\/www.boardlife.se\/fr\/wp-json\/wp\/v2\/types\/product"}],"replies":[{"embeddable":true,"href":"https:\/\/www.boardlife.se\/fr\/wp-json\/wp\/v2\/comments?post=112279"}],"wp:featuredmedia":[{"embeddable":true,"href":"https:\/\/www.boardlife.se\/fr\/wp-json\/wp\/v2\/media\/112280"}],"wp:attachment":[{"href":"https:\/\/www.boardlife.se\/fr\/wp-json\/wp\/v2\/media?parent=112279"}],"wp:term":[{"taxonomy":"product_brand","embeddable":true,"href":"https:\/\/www.boardlife.se\/fr\/wp-json\/wp\/v2\/product_brand?post=112279"},{"taxonomy":"product_cat","embeddable":true,"href":"https:\/\/www.boardlife.se\/fr\/wp-json\/wp\/v2\/product_cat?post=112279"},{"taxonomy":"product_tag","embeddable":true,"href":"https:\/\/www.boardlife.se\/fr\/wp-json\/wp\/v2\/product_tag?post=112279"}],"curies":[{"name":"wp","href":"https:\/\/api.w.org\/{rel}","templated":true}]}}