{"id":112063,"date":"2021-07-25T12:05:54","date_gmt":"2021-07-25T10:05:54","guid":{"rendered":"https:\/\/www.boardlife.se\/?post_type=product&#038;p=112063"},"modified":"2022-08-21T15:56:30","modified_gmt":"2022-08-21T13:56:30","slug":"carver-yago-skinny-goat-30-75-surfskate","status":"publish","type":"product","link":"https:\/\/www.boardlife.se\/fr\/boutique\/surf-skate\/surfskate-complet\/carver-yago-skinny-goat-30-75-surfskate\/","title":{"rendered":"Surfskate Carver Yago Skinny Goat 30,75 pouces"},"content":{"rendered":"<p>Version mise \u00e0 jour de la Carvers Yago Skinny Goat. Toujours une double kick, mais avec une forme l\u00e9g\u00e8rement plus large et une longueur l\u00e9g\u00e8rement plus importante. <a class=\"glossaryLink cmtt_Komponenter\" aria-describedby=\"tt\" data-cmtooltip=\"&lt;div class=glossaryItemTitle&gt;Wheelbase&lt;\/div&gt;&lt;div class=glossaryItemBody&gt;Detta begrepp handlar om det avst&aring;nd du har mellan dina truckar. Ett l&auml;ngre avst&aring;nd ger mer stabilitet och lite l&aring;ngsammare sv&auml;ngar medan den korta kan bli kvickare.&lt;\/div&gt;&lt;div class=cmtt_synonyms_wrapper&gt;&lt;div class=cmtt_synonyms_title&gt;Synonymer: &lt;\/div&gt;&lt;div class=cmtt_synonyms&gt;hjulbas,  WB&lt;\/div&gt;&lt;\/div&gt;&lt;div class=glossaryTooltipMoreLinkWrapper&gt;&lt;a class=glossaryTooltipMoreLink href=https:\/\/www.boardlife.se\/fr\/glossaire\/empattement-2\/ &gt;L&auml;s mer&lt;\/a&gt;&lt;\/div&gt;\" href=\"https:\/\/www.boardlife.se\/fr\/glossaire\/empattement-2\/\" data-mobile-support=\"0\" data-gt-translate-attributes='[{\"attribute\":\"data-cmtooltip\", \"format\":\"html\"}]'>empattement<\/a>. Just denna modell &auml;r en pro modell av Yago Dora. Designen &auml;r gjord f&ouml;r att kunna tr&auml;na surfing p&aring; land och br&auml;dans utf&ouml;rande g&ouml;r att du kommer v&auml;digt n&auml;ra surfing b&aring;de stance och k&auml;nslom&auml;ssigt. Br&auml;dan kommer i tv&aring; utf&ouml;randen beroende p&aring; vilken typ av br&auml;degenskaper du letar efter. Du kan v&auml;lja p&aring; Carvers CX eller C7-truckar. CX-versionen &auml;r gjord f&ouml;r en kvickare typ av &aring;kning med rappare tryck p&aring; tailen medan C7-versionen &auml;r gjord f&ouml;r en &auml;n l&auml;ttare sv&auml;ng med l&aring;nga softa turns.<\/p>\n<p>Carver est aujourd&#039;hui le leader du surfskate et est consid\u00e9r\u00e9 comme le pionnier de cette discipline. Issue du surf, cette pratique a \u00e9t\u00e9 d\u00e9velopp\u00e9e au fil du temps pour se rapprocher au plus pr\u00e8s du surf. Choisir Carver, c&#039;est choisir la marque la plus pointue en mati\u00e8re de surfskate\u00a0!<\/p>\n<ul>\n<li>10 pouces de large<\/li>\n<li>queue de 6,25 pouces<\/li>\n<li>Nez de 6,25 pouces<\/li>\n<li>Empattement de 17 pouces<\/li>\n<li>69mm 78a Roundhouse <a class=\"glossaryLink cmtt_Komponenter\" aria-describedby=\"tt\" data-cmtooltip=\"&lt;div class=glossaryItemTitle&gt;Konkav&lt;\/div&gt;&lt;div class=glossaryItemBody&gt;De flesta br&auml;dor\/deck &auml;r sk&aring;lade i n&aring;gon m&aring;n. Man har med andra ord h&ouml;gre ytterkanter d&aring; man st&auml;ller sig p&aring; br&auml;dan. Detta kallas f&ouml;r concave eller konkav p&aring; svenska. &lt;\/div&gt;&lt;div class=cmtt_synonyms_wrapper&gt;&lt;div class=cmtt_synonyms_title&gt;Synonymer: &lt;\/div&gt;&lt;div class=cmtt_synonyms&gt;concave&lt;\/div&gt;&lt;\/div&gt;&lt;div class=glossaryTooltipMoreLinkWrapper&gt;&lt;a class=glossaryTooltipMoreLink href=https:\/\/www.boardlife.se\/fr\/glossaire\/konkav-concave\/ &gt;L&auml;s mer&lt;\/a&gt;&lt;\/div&gt;\" href=\"https:\/\/www.boardlife.se\/fr\/glossaire\/konkav-concave\/\" data-mobile-support=\"0\" data-gt-translate-attributes='[{\"attribute\":\"data-cmtooltip\", \"format\":\"html\"}]'>concave<\/a> wheels in smoke color<\/li>\n<\/ul>\n<p><iframe loading=\"lazy\" title=\"La Ch\u00e8vre Maigre chevauche \u00e0 nouveau - Yago Dora\" width=\"500\" height=\"281\" src=\"https:\/\/www.youtube.com\/embed\/gXQ4SHgjTZ4?feature=oembed\" frameborder=\"0\" allow=\"accelerometer; autoplay; clipboard-write; encrypted-media; gyroscope; picture-in-picture; web-share\" referrerpolicy=\"strict-origin-when-cross-origin\" allowfullscreen><\/iframe><\/p>","protected":false},"excerpt":{"rendered":"<p>Denna uppdaterade och kompaktare version av br\u00e4dan designad av Yago Dora \u00e4r s\u00e5 n\u00e4ra surfing p\u00e5 land som du kommer. Br\u00e4dan kommer i tv\u00e5 versioner med olika truckar. Carvers CX eller C7-truckar. Du kan se filmerna under &#8220;Mer Info&#8221; f\u00f6r att se skillnaden mellan truckarna. Kolla \u00e4ven in den mysiga inspirationsvideon s\u00e5 vet du vad du kan hitta p\u00e5 n\u00e4r du blir b\u00e4ttre.<\/p>","protected":false},"featured_media":144664,"comment_status":"open","ping_status":"closed","template":"","meta":[],"product_brand":[2544],"product_cat":[1654,2484],"product_tag":[1881,1691],"class_list":{"0":"post-112063","1":"product","2":"type-product","3":"status-publish","4":"has-post-thumbnail","6":"product_brand-carver-skateboards","7":"product_cat-surf-skate","8":"product_cat-complete-surfskate","9":"product_tag-surf","10":"product_tag-surf-skate","11":"pa_hjulbas-17-43cm","12":"pa_length-30-75-781cm","13":"pa_manufacturer-carver-skateboards","14":"pa_truckar-carver-c7-truck","15":"pa_truckar-carver-cx-truck","16":"pa_width-10-254cm","18":"first","19":"instock","20":"taxable","21":"shipping-taxable","22":"purchasable","23":"product-type-variable","24":"has-default-attributes"},"composite_virtual":false,"composite_layout":"","composite_add_to_cart_form_location":"","composite_editable_in_cart":false,"composite_sold_individually_context":"","composite_shop_price_calc":"","composite_components":[],"composite_scenarios":[],"jetpack_sharing_enabled":true,"_links":{"self":[{"href":"https:\/\/www.boardlife.se\/fr\/wp-json\/wp\/v2\/product\/112063","targetHints":{"allow":["GET"]}}],"collection":[{"href":"https:\/\/www.boardlife.se\/fr\/wp-json\/wp\/v2\/product"}],"about":[{"href":"https:\/\/www.boardlife.se\/fr\/wp-json\/wp\/v2\/types\/product"}],"replies":[{"embeddable":true,"href":"https:\/\/www.boardlife.se\/fr\/wp-json\/wp\/v2\/comments?post=112063"}],"wp:featuredmedia":[{"embeddable":true,"href":"https:\/\/www.boardlife.se\/fr\/wp-json\/wp\/v2\/media\/144664"}],"wp:attachment":[{"href":"https:\/\/www.boardlife.se\/fr\/wp-json\/wp\/v2\/media?parent=112063"}],"wp:term":[{"taxonomy":"product_brand","embeddable":true,"href":"https:\/\/www.boardlife.se\/fr\/wp-json\/wp\/v2\/product_brand?post=112063"},{"taxonomy":"product_cat","embeddable":true,"href":"https:\/\/www.boardlife.se\/fr\/wp-json\/wp\/v2\/product_cat?post=112063"},{"taxonomy":"product_tag","embeddable":true,"href":"https:\/\/www.boardlife.se\/fr\/wp-json\/wp\/v2\/product_tag?post=112063"}],"curies":[{"name":"wp","href":"https:\/\/api.w.org\/{rel}","templated":true}]}}