{"id":111847,"date":"2020-04-12T12:32:27","date_gmt":"2020-04-12T10:32:27","guid":{"rendered":"https:\/\/www.boardlife.se\/?post_type=product&#038;p=111847"},"modified":"2026-04-09T18:11:12","modified_gmt":"2026-04-09T16:11:12","slug":"argent-creux-forge-independant-144","status":"publish","type":"product","link":"https:\/\/www.boardlife.se\/fr\/boutique\/skateboard\/composants-de-skateboard\/camions-skateboard\/argent-creux-forge-independant-144\/","title":{"rendered":"Argent creux forg\u00e9 ind\u00e9pendant 144"},"content":{"rendered":"<div id=\"product-info-section-overview\" class=\"js-expander-group expanded\">\n<div>Independent propose de nombreuses variantes de trucks, et Forged se distingue des autres mod\u00e8les de la s\u00e9rie par sa construction robuste. Le moulage sous pression et compression permet d&#039;obtenir un mat\u00e9riau plus r\u00e9sistant, plus l\u00e9ger et d&#039;une tr\u00e8s grande pr\u00e9cision.<\/div>\n<div>Tous nos camions sont vendus par lot de 2.<\/div>\n<h3 class=\"product-info-expander-header js-expander-header\">Description originale<\/h3>\n<div class=\"product-features-overview-description product-info-expander-subs js-expander-subs\">\n<div>\n<p>Independent&rsquo;s forged <a class=\"glossaryLink cmtt_Komponenter\" aria-describedby=\"tt\" data-cmtooltip=\"&lt;div class=glossaryItemTitle&gt;Hollow&lt;\/div&gt;&lt;div class=glossaryItemBody&gt;En hollow truck har oftast en ih&aring;lig kingpinskruv och i vissa fall &auml;ven en ih&aring;lig truckaxel. Detta f&ouml;r att f&aring; ner vikten p&aring; trucken och kunna hj&auml;lpa dig att f&aring; enklare att g&ouml;ra ollies och andra trick som kr&auml;ver att br&auml;dan l&auml;mnar marken. &lt;\/div&gt;&lt;div class=glossaryTooltipMoreLinkWrapper&gt;&lt;a class=glossaryTooltipMoreLink href=https:\/\/www.boardlife.se\/fr\/glossaire\/creux\/ &gt;L&auml;s mer&lt;\/a&gt;&lt;\/div&gt;\" href=\"https:\/\/www.boardlife.se\/fr\/glossaire\/creux\/\" data-mobile-support=\"0\" data-gt-translate-attributes='[{\"attribute\":\"data-cmtooltip\", \"format\":\"html\"}]'>creux<\/a> Stage 11 skateboard trucks are 10% lighter than regular Stage 11&rsquo;s and stronger on impact than any other hollow axle truck on the market.<\/p>\n<\/div>\n<\/div>\n<\/div>\n<div id=\"product-info-section-features\" class=\"js-expander-group expanded\">\n<h3 class=\"product-info-expander-header js-expander-header\">CARACT\u00c9RISTIQUES<\/h3>\n<div class=\"product-info-expander-subs js-expander-subs\">\n<div class=\"product-features-summary\">\n<div class=\"product-features-summary-half product-features-summary-first-half\">\n<div class=\"product-features-summary-spec\">\n<div class=\"product-features-summary-spec-name\">Style de plaque de base<\/div>\n<div class=\"product-features-summary-spec-values\">\n<ul class=\"product-features-summary-value-list\">\n<li>Forg\u00e9<\/li>\n<\/ul>\n<\/div>\n<\/div>\n<div class=\"product-features-summary-spec\">\n<div class=\"product-features-summary-spec-name\">Essieu\/<a class=\"glossaryLink\" aria-describedby=\"tt\" data-cmtooltip=\"&lt;div class=glossaryItemTitle&gt;Kingpin&lt;\/div&gt;&lt;div class=glossaryItemBody&gt;Kingpin &auml;r den bult som h&aring;ller ihop din truck (basplattan med hangern). Denna bult reglerar ocks&aring; hur mycket du vill att dina truckar sv&auml;nga f&ouml;r att du ska f&aring; b&auml;sta sv&auml;ngf&ouml;rm&aring;ga eller stabilitet, beroende p&aring; vad du &auml;r ute efter. &lt;\/div&gt;&lt;div class=glossaryTooltipMoreLinkWrapper&gt;&lt;a class=glossaryTooltipMoreLink href=https:\/\/www.boardlife.se\/fr\/glossaire\/cheville-ouvriere\/ &gt;L&auml;s mer&lt;\/a&gt;&lt;\/div&gt;\" href=\"https:\/\/www.boardlife.se\/fr\/glossaire\/cheville-ouvriere\/\" data-mobile-support=\"0\" data-gt-translate-attributes='[{\"attribute\":\"data-cmtooltip\", \"format\":\"html\"}]'>Pivot central<\/a> Style<\/div>\n<div class=\"product-features-summary-spec-values\">\n<ul class=\"product-features-summary-value-list\">\n<li>Essieu creux et pivot d&#039;attelage<\/li>\n<\/ul>\n<\/div>\n<\/div>\n<\/div>\n<div class=\"product-features-summary-half\">\n<div class=\"product-features-summary-spec\">\n<div class=\"product-features-summary-spec-name\">Caract\u00e9ristiques du camion<\/div>\n<div class=\"product-features-summary-spec-values\">\n<ul class=\"product-features-summary-value-list\">\n<li>Pas de joug suspendu<\/li>\n<li>Durom\u00e8tre moyen 90a <a class=\"glossaryLink cmtt_Komponenter\" aria-describedby=\"tt\" data-cmtooltip=\"&lt;div class=glossaryItemTitle&gt;Bushings&lt;\/div&gt;&lt;div class=glossaryItemBody&gt;Bushings finns i dina truckar och &auml;r den &amp;quot;mjuka&amp;quot; del som reglerar hur mycket dina truckar ska sv&auml;nga n&auml;r du lutar dig p&aring; br&auml;dan.&lt;\/div&gt;&lt;div class=cmtt_synonyms_wrapper&gt;&lt;div class=cmtt_synonyms_title&gt;Synonymer: &lt;\/div&gt;&lt;div class=cmtt_synonyms&gt;bussningar&lt;\/div&gt;&lt;\/div&gt;&lt;div class=glossaryTooltipMoreLinkWrapper&gt;&lt;a class=glossaryTooltipMoreLink href=https:\/\/www.boardlife.se\/fr\/glossaire\/bagues\/ &gt;L&auml;s mer&lt;\/a&gt;&lt;\/div&gt;\" href=\"https:\/\/www.boardlife.se\/fr\/glossaire\/bagues\/\" data-mobile-support=\"0\" data-gt-translate-attributes='[{\"attribute\":\"data-cmtooltip\", \"format\":\"html\"}]'>Bagues<\/a><\/li>\n<li>Garantie \u00e0 vie<\/li>\n<\/ul>\n<\/div>\n<\/div>\n<\/div>\n<\/div>\n<div class=\"product-features-details\">\n<div class=\"product-features-details-spec\">\n<h3 class=\"product-features-details-spec-name\">STYLE DE PLAQUE DE BASE<\/h3>\n<div class=\"product-features-details-spec-value\">\n<div class=\"product-features-spec-value-name-and-description\">\n<p><span class=\"product-features-spec-value-name\">Forg\u00e9 \u2013&nbsp;<\/span>Les plaques de base forg\u00e9es sont moul\u00e9es par compression, ce qui les rend plus l\u00e9g\u00e8res, plus solides et plus r\u00e9sistantes aux chocs que les plaques de base moul\u00e9es par coul\u00e9e. Le forgeage \u00e9limine \u00e9galement les d\u00e9fauts et imperfections de fabrication les plus courants.<\/p>\n<\/div>\n<\/div>\n<\/div>\n<div class=\"product-features-details-spec\">\n<h3 class=\"product-features-details-spec-name\">STYLE ESSIEU\/PIvot de fus\u00e9e<\/h3>\n<div class=\"product-features-details-spec-value\">\n<div class=\"product-features-spec-value-name-and-description\">\n<p><span class=\"product-features-spec-value-name\">Essieu creux et pivot d&#039;attelage \u2013&nbsp;<\/span>Les trucks \u00e0 essieu creux r\u00e9duisent la quantit\u00e9 de mat\u00e9riaux utilis\u00e9s pour leur fabrication, ce qui donne une impression de l\u00e9g\u00e8ret\u00e9. Les pivots d&#039;attelage creux r\u00e9duisent encore davantage le poids tout en conservant la r\u00e9sistance de cette zone critique.<\/p>\n<\/div>\n<\/div>\n<\/div>\n<div class=\"product-features-details-spec\">\n<h3 class=\"product-features-details-spec-name\">CARACT\u00c9RISTIQUES DU CAMION<\/h3>\n<div class=\"product-features-details-spec-value\">\n<div class=\"product-features-spec-value-name-and-description\">\n<p><span class=\"product-features-spec-value-name\">Pas de joug suspendu \u2013&nbsp;<\/span>Un empi\u00e8cement renforc\u00e9 autour du si\u00e8ge coussin\u00e9 permet de retirer le pivot du jeu lors des figures de grind comme les Feebles et les Smiths.<\/p>\n<\/div>\n<\/div>\n<div class=\"product-features-details-spec-value\">\n<div class=\"product-features-spec-value-name-and-description\">\n<p><span class=\"product-features-spec-value-name\">Garantie \u00e0 vie \u2013&nbsp;<\/span>Couvert par la garantie \u00e0 vie du fabricant contre les d\u00e9fauts de casse dans <a class=\"glossaryLink cmtt_Komponenter\" aria-describedby=\"tt\" data-cmtooltip=\"&lt;div class=glossaryItemTitle&gt;Hanger&lt;\/div&gt;&lt;div class=glossaryItemBody&gt;Truckar best&aring;r av en basplatta och en hanger. Hanger &auml;r den del som &auml;r sj&auml;lva hjulaxeln. &lt;\/div&gt;&lt;div class=glossaryTooltipMoreLinkWrapper&gt;&lt;a class=glossaryTooltipMoreLink href=https:\/\/www.boardlife.se\/fr\/glossaire\/cintre\/ &gt;L&auml;s mer&lt;\/a&gt;&lt;\/div&gt;\" href=\"https:\/\/www.boardlife.se\/fr\/glossaire\/cintre\/\" data-mobile-support=\"0\" data-gt-translate-attributes='[{\"attribute\":\"data-cmtooltip\", \"format\":\"html\"}]'>cintre<\/a>\/mat\u00e9riaux de base ou de fabrication. Cette garantie \u00e0 vie NE couvre PAS les camions bris\u00e9s suite \u00e0 un abus ou une n\u00e9gligence, les dommages caus\u00e9s par une modification effectu\u00e9e hors des installations du fabricant, ni les pi\u00e8ces perdues ou us\u00e9es par manque d&#039;entretien du mat\u00e9riel.<\/p>\n<\/div>\n<\/div>\n<\/div>\n<div class=\"product-features-details-spec\">\n<h3 class=\"product-features-details-spec-name\">\u00c9L\u00c9VATEURS NON COMPATIBLES<\/h3>\n<div class=\"product-features-spec-description\">\n<p>Les \u00e9l\u00e9vateurs des marques suivantes ne sont pas compatibles avec les plaques de base de ces trucks.<\/p>\n<\/div>\n<div class=\"product-features-details-spec-value\"><span class=\"product-features-spec-value-name\">Charg\u00e9<\/span>,&nbsp;<span class=\"product-features-spec-value-name\">Paris<\/span><\/div>\n<\/div>\n<div class=\"product-features-details-spec\">\n<div class=\"product-features-details-spec-name\">R\u00c9F\u00c9RENCE DE TAILLE<\/div>\n<div class=\"product-features-details-spec-value\">\n<p><img loading=\"lazy\" decoding=\"async\" class=\"product-features-spec-value-asset product-features-spec-value-asset-short\" src=\"https:\/\/www.tactics.com\/a\/9de6\/s\/sizing-image.jpg\" width=\"297\" height=\"124\"\/><\/p>\n<div class=\"product-features-spec-value-name-and-description\">\n<p><span class=\"product-features-spec-value-name\">Note -&nbsp;<\/span>Chaque marque de trucks de skate indique ses tailles diff\u00e9remment, ce qui peut facilement pr\u00eater \u00e0 confusion. Consultez ce graphique et le tableau des tailles.<\/p>\n<\/div>\n<\/div>\n<\/div>\n<\/div>\n<\/div>\n<\/div>\n<div id=\"product-info-section-specs\" class=\"js-expander-group expanded\">\n<div class=\"product-features-specs-tables-title product-info-expander-header js-expander-header\">CARACT\u00c9RISTIQUES<\/div>\n<div class=\"product-info-expander-subs js-expander-subs\">\n<div class=\"product-features-specs-table\">\n<table>\n<thead>\n<tr>\n<th>TAILLE<\/th>\n<th>8.0 ESSIEU<\/th>\n<th>8.25 ESSIEU<\/th>\n<th>8.5 ESSIEU<\/th>\n<th>8.75 ESSIEU<\/th>\n<th>9.125 ESSIEU<\/th>\n<\/tr>\n<\/thead>\n<tbody>\n<tr>\n<th><span data-s=\"502\">TAILLE IND\u00c9PENDANTE :<i class=\"product-features-popup\"><\/i><\/span><\/th>\n<td><span class=\"product-features-specs-table-spec-value\">139<\/span><\/td>\n<td><span class=\"product-features-specs-table-spec-value\">144<\/span><\/td>\n<td><span class=\"product-features-specs-table-spec-value\">149<\/span><\/td>\n<td><span class=\"product-features-specs-table-spec-value\">159<\/span><\/td>\n<td><span class=\"product-features-specs-table-spec-value\">169<\/span><\/td>\n<\/tr>\n<tr>\n<th>CINTRE (MM) :<\/th>\n<td><span class=\"product-features-specs-table-spec-value\">137.0<\/span><\/td>\n<td><span class=\"product-features-specs-table-spec-value\">144.0<\/span><\/td>\n<td><span class=\"product-features-specs-table-spec-value\">149.0<\/span><\/td>\n<td><span class=\"product-features-specs-table-spec-value\">156.0<\/span><\/td>\n<td><span class=\"product-features-specs-table-spec-value\">166.0<\/span><\/td>\n<\/tr>\n<tr>\n<th>GAMME DE CARTES (PO):<\/th>\n<td><span class=\"product-features-specs-table-spec-value\">7,75 \u2013 8,25<\/span><\/td>\n<td><span class=\"product-features-specs-table-spec-value\">8,0 \u2013 8,5<\/span><\/td>\n<td><span class=\"product-features-specs-table-spec-value\">8,25 \u2013 8,75<\/span><\/td>\n<td><span class=\"product-features-specs-table-spec-value\">8,6 \u2013 9,0<\/span><\/td>\n<td><span class=\"product-features-specs-table-spec-value\">8,88 \u2013 9,4<\/span><\/td>\n<\/tr>\n<tr>\n<th>HAUTEUR (MM) :<\/th>\n<td><span class=\"product-features-specs-table-spec-value\">53.5<\/span><\/td>\n<td><span class=\"product-features-specs-table-spec-value\">53.5<\/span><\/td>\n<td><span class=\"product-features-specs-table-spec-value\">53.5<\/span><\/td>\n<td><span class=\"product-features-specs-table-spec-value\">53.5<\/span><\/td>\n<td><span class=\"product-features-specs-table-spec-value\">53.5<\/span><\/td>\n<\/tr>\n<tr>\n<th>POIDS (G) :<\/th>\n<td><span class=\"product-features-specs-table-spec-value\">338.4<\/span><\/td>\n<td><span class=\"product-features-specs-table-spec-value\">348.3<\/span><\/td>\n<td><span class=\"product-features-specs-table-spec-value\">354.6<\/span><\/td>\n<td><span class=\"product-features-specs-table-spec-value\">358.0<\/span><\/td>\n<td><span class=\"product-features-specs-table-spec-value\">369.9<\/span><\/td>\n<\/tr>\n<\/tbody>\n<\/table>\n<\/div>\n<\/div>\n<\/div>","protected":false},"excerpt":{"rendered":"<p>Les trucks de skateboard Independent Forged Hollow 144 Stage 11 Silver sont 10% plus l\u00e9gers que les trucks Stage 11 classiques et sont les trucks \u00e0 essieu creux les plus robustes du march\u00e9. Ils sont con\u00e7us pour offrir une durabilit\u00e9 encore sup\u00e9rieure. Le truck Stage 11 est une version revisit\u00e9e du truck embl\u00e9matique et performant.<\/p>\n<p><strong>Denna truck passar skateboarddeck som \u00e4r 8.0&#8243; &#8211; 8.5&#8243;<\/strong><\/p>\n<p>Stage 11 truckar ger dig perfekta sv\u00e4ngar, b\u00e4ttre stabilitet vid landning, mindre &#8220;speed wobble&#8221; och f\u00e4rre &#8220;wheel bite&#8221;. Och som gr\u00e4dden p\u00e5 moset f\u00e5r du en b\u00e4ttre grind clearance och f\u00e4rre &#8220;hang-up&#8221;.<\/p>","protected":false},"featured_media":36043,"comment_status":"open","ping_status":"closed","template":"","meta":[],"product_brand":[2561],"product_cat":[1306],"product_tag":[1366],"class_list":{"0":"post-111847","1":"product","2":"type-product","3":"status-publish","4":"has-post-thumbnail","6":"product_brand-fuse","7":"product_cat-trucks-skateboard","8":"product_tag-independent","9":"pa_manufacturer-independent-trucks","11":"first","12":"instock","13":"taxable","14":"shipping-taxable","15":"purchasable","16":"product-type-simple"},"composite_virtual":false,"composite_layout":"","composite_add_to_cart_form_location":"","composite_editable_in_cart":false,"composite_sold_individually_context":"","composite_shop_price_calc":"","composite_components":[],"composite_scenarios":[],"jetpack_sharing_enabled":true,"_links":{"self":[{"href":"https:\/\/www.boardlife.se\/fr\/wp-json\/wp\/v2\/product\/111847","targetHints":{"allow":["GET"]}}],"collection":[{"href":"https:\/\/www.boardlife.se\/fr\/wp-json\/wp\/v2\/product"}],"about":[{"href":"https:\/\/www.boardlife.se\/fr\/wp-json\/wp\/v2\/types\/product"}],"replies":[{"embeddable":true,"href":"https:\/\/www.boardlife.se\/fr\/wp-json\/wp\/v2\/comments?post=111847"}],"wp:featuredmedia":[{"embeddable":true,"href":"https:\/\/www.boardlife.se\/fr\/wp-json\/wp\/v2\/media\/36043"}],"wp:attachment":[{"href":"https:\/\/www.boardlife.se\/fr\/wp-json\/wp\/v2\/media?parent=111847"}],"wp:term":[{"taxonomy":"product_brand","embeddable":true,"href":"https:\/\/www.boardlife.se\/fr\/wp-json\/wp\/v2\/product_brand?post=111847"},{"taxonomy":"product_cat","embeddable":true,"href":"https:\/\/www.boardlife.se\/fr\/wp-json\/wp\/v2\/product_cat?post=111847"},{"taxonomy":"product_tag","embeddable":true,"href":"https:\/\/www.boardlife.se\/fr\/wp-json\/wp\/v2\/product_tag?post=111847"}],"curies":[{"name":"wp","href":"https:\/\/api.w.org\/{rel}","templated":true}]}}