{"id":111703,"date":"2022-07-19T09:17:51","date_gmt":"2022-07-19T07:17:51","guid":{"rendered":"https:\/\/www.boardlife.se\/?post_type=product&#038;p=111703"},"modified":"2026-04-06T20:22:21","modified_gmt":"2026-04-06T18:22:21","slug":"surfskate-carver-pointe-noire-32-5","status":"publish","type":"product","link":"https:\/\/www.boardlife.se\/fr\/boutique\/surf-skate\/surfskate-complet\/surfskate-carver-pointe-noire-32-5\/","title":{"rendered":"Surfskate Carver Black Tip 32,5\u2033"},"content":{"rendered":"<p>Black Tip &auml;r ett resultat av l&aring;ng erfarenhet fr&aring;n Carver. Man har gjort en br&auml;da med utg&aring;ngspunkt fr&aring;n deras mest popul&auml;ra former p&aring; br&auml;da. Dessutom har man lagt in f&ouml;rs&auml;nkta kanaler mot br&auml;dans tail genom en s&aring; kallad Duro-Fusion laminering. Det inneb&auml;r kort och g&aring;tt att f&ouml;rst&auml;rkt plast &auml;r integrerad med br&auml;dan f&ouml;r att skapa en &auml;n starkare surf skate som samtidigt ska bjuda p&aring; sk&ouml;n <a class=\"glossaryLink cmtt_Komponenter cmtt_&Aring;kning\" aria-describedby=\"tt\" data-cmtooltip=\"&lt;div class=glossaryItemTitle&gt;Rebound&lt;\/div&gt;&lt;div class=glossaryItemBody&gt;Rebound &auml;r den kraft som n&aring;got ger tillbaka efter att man exempelvis pressat sina bushings, truckar, hjul eller br&auml;da i en viss riktning. En h&ouml;gre rebound betyder en starkare kraft tillbaka till sitt ursprungsl&auml;ge.&lt;\/div&gt;&lt;div class=glossaryTooltipMoreLinkWrapper&gt;&lt;a class=glossaryTooltipMoreLink href=https:\/\/www.boardlife.se\/fr\/glossaire\/rebond\/ &gt;L&auml;s mer&lt;\/a&gt;&lt;\/div&gt;\" href=\"https:\/\/www.boardlife.se\/fr\/glossaire\/rebond\/\" data-mobile-support=\"0\" data-gt-translate-attributes='[{\"attribute\":\"data-cmtooltip\", \"format\":\"html\"}]'>rebond<\/a>.<\/p>\n<p>Br&auml;dans <a class=\"glossaryLink cmtt_Komponenter\" aria-describedby=\"tt\" data-cmtooltip=\"&lt;div class=glossaryItemTitle&gt;Konkav&lt;\/div&gt;&lt;div class=glossaryItemBody&gt;De flesta br&auml;dor\/deck &auml;r sk&aring;lade i n&aring;gon m&aring;n. Man har med andra ord h&ouml;gre ytterkanter d&aring; man st&auml;ller sig p&aring; br&auml;dan. Detta kallas f&ouml;r concave eller konkav p&aring; svenska. &lt;\/div&gt;&lt;div class=cmtt_synonyms_wrapper&gt;&lt;div class=cmtt_synonyms_title&gt;Synonymer: &lt;\/div&gt;&lt;div class=cmtt_synonyms&gt;concave&lt;\/div&gt;&lt;\/div&gt;&lt;div class=glossaryTooltipMoreLinkWrapper&gt;&lt;a class=glossaryTooltipMoreLink href=https:\/\/www.boardlife.se\/fr\/glossaire\/konkav-concave\/ &gt;L&auml;s mer&lt;\/a&gt;&lt;\/div&gt;\" href=\"https:\/\/www.boardlife.se\/fr\/glossaire\/konkav-concave\/\" data-mobile-support=\"0\" data-gt-translate-attributes='[{\"attribute\":\"data-cmtooltip\", \"format\":\"html\"}]'>concave<\/a> &auml;r av en typ som Carver valt att kalla Hyperspoon. Kort och g&aring;tt inneb&auml;r det att konkaven p&aring; br&auml;dan k&auml;nns i fler riktningar och inte bara l&auml;ngs med l&aring;ngsidorna. Det ger dig ett &auml;n b&auml;ttre grepp och f&auml;ste n&auml;r du surfar runt n&auml;sta g&aring;ng.<\/p>\n<p>Tout comme sur certains autres Carvers, vous disposez d&#039;un beau tail qui est \u00e9galement pratique lorsqu&#039;il s&#039;agit de naviguer sur la planche ou si vous souhaitez utiliser des man\u0153uvres de skate plus classiques pour la faire tourner brusquement.<\/p>\n<p>Nous proposons le Black Tip avec les trucks CX ou C7. Dans la vid\u00e9o ci-dessous, vous d\u00e9couvrirez plus en d\u00e9tail les diff\u00e9rences entre ces trucks. Vous pouvez \u00e9galement consulter notre guide Surf Skate, o\u00f9 nous vous expliquons \u00e9galement tout cela.<\/p>\n<h3>Taille<\/h3>\n<p>9 7\/8\u2033 de large<br>\n17 1\/2\u2033 <a class=\"glossaryLink cmtt_Komponenter\" aria-describedby=\"tt\" data-cmtooltip=\"&lt;div class=glossaryItemTitle&gt;Wheelbase&lt;\/div&gt;&lt;div class=glossaryItemBody&gt;Detta begrepp handlar om det avst&aring;nd du har mellan dina truckar. Ett l&auml;ngre avst&aring;nd ger mer stabilitet och lite l&aring;ngsammare sv&auml;ngar medan den korta kan bli kvickare.&lt;\/div&gt;&lt;div class=cmtt_synonyms_wrapper&gt;&lt;div class=cmtt_synonyms_title&gt;Synonymer: &lt;\/div&gt;&lt;div class=cmtt_synonyms&gt;hjulbas,  WB&lt;\/div&gt;&lt;\/div&gt;&lt;div class=glossaryTooltipMoreLinkWrapper&gt;&lt;a class=glossaryTooltipMoreLink href=https:\/\/www.boardlife.se\/fr\/glossaire\/empattement-2\/ &gt;L&auml;s mer&lt;\/a&gt;&lt;\/div&gt;\" href=\"https:\/\/www.boardlife.se\/fr\/glossaire\/empattement-2\/\" data-mobile-support=\"0\" data-gt-translate-attributes='[{\"attribute\":\"data-cmtooltip\", \"format\":\"html\"}]'>empattement<\/a><\/p>\n<p><iframe loading=\"lazy\" title='Carver Skateboards\u00a0: Test du Ride\u00a0- R\u00e9sine 31\u00a0pouces' width=\"500\" height=\"281\" src=\"https:\/\/www.youtube.com\/embed\/F9RUk4yUV6A?feature=oembed\" frameborder=\"0\" allow=\"accelerometer; autoplay; clipboard-write; encrypted-media; gyroscope; picture-in-picture; web-share\" referrerpolicy=\"strict-origin-when-cross-origin\" allowfullscreen><\/iframe><\/p>\n<p>https:\/\/vimeo.com\/116186426<\/p>\n<p>&nbsp;<\/p>","protected":false},"excerpt":{"rendered":"<p>Black Tip \u00e4r en extremt eftertraktad br\u00e4da fr\u00e5n Carver som \u00e4ntligen \u00e4r tillbaka efter l\u00e5ng v\u00e4ntan! En unik modell fr\u00e5n Carver d\u00e4r man f\u00f6rst\u00e4rkt br\u00e4dans botten med en s\u00e5 kallad Duro-Fusion d\u00e4r plast och tr\u00e4 svetsas samman och bildar en stark och t\u00e5lig konstruktion. Den nya metoden g\u00f6r ocks\u00e5 att du f\u00e5r en sk\u00f6n och p\u00e5litlig rebound i dina snabba och kvicka turns. Inte nog med det s\u00e5 har man ocks\u00e5 en helt ny hyperspoon konkav d\u00e4r du p\u00e5 ett \u00e4n b\u00e4ttre s\u00e4tt kan h\u00e5lla greppet och d\u00e4r konkaven ger dig grymt sk\u00f6n hantering av br\u00e4dan. Br\u00e4dan kommer i tv\u00e5 versioner med olika truckar. Carvers CX eller C7-truckar. Du kan se filmerna under &#8220;Mer Info&#8221; f\u00f6r att se skillnaden mellan truckarna. Kolla \u00e4ven in den mysiga inspirationsvideon s\u00e5 vet du vad du kan hitta p\u00e5 n\u00e4r du blir b\u00e4ttre.<\/p>","protected":false},"featured_media":167726,"comment_status":"open","ping_status":"closed","template":"","meta":[],"product_brand":[2544],"product_cat":[2484],"product_tag":[1881,1691],"class_list":{"0":"post-111703","1":"product","2":"type-product","3":"status-publish","4":"has-post-thumbnail","6":"product_brand-carver-skateboards","7":"product_cat-complete-surfskate","8":"product_tag-surf","9":"product_tag-surf-skate","10":"pa_hjulbas-175-4445cm","11":"pa_length-32-5-826cm","12":"pa_manufacturer-carver-skateboards","13":"pa_truckar-carver-c7-truck","14":"pa_truckar-carver-cx-truck","15":"pa_width-9-875-25cm","17":"first","18":"instock","19":"taxable","20":"shipping-taxable","21":"purchasable","22":"product-type-variable","23":"has-default-attributes"},"composite_virtual":false,"composite_layout":"","composite_add_to_cart_form_location":"","composite_editable_in_cart":false,"composite_sold_individually_context":"","composite_shop_price_calc":"","composite_components":[],"composite_scenarios":[],"jetpack_sharing_enabled":true,"_links":{"self":[{"href":"https:\/\/www.boardlife.se\/fr\/wp-json\/wp\/v2\/product\/111703","targetHints":{"allow":["GET"]}}],"collection":[{"href":"https:\/\/www.boardlife.se\/fr\/wp-json\/wp\/v2\/product"}],"about":[{"href":"https:\/\/www.boardlife.se\/fr\/wp-json\/wp\/v2\/types\/product"}],"replies":[{"embeddable":true,"href":"https:\/\/www.boardlife.se\/fr\/wp-json\/wp\/v2\/comments?post=111703"}],"wp:featuredmedia":[{"embeddable":true,"href":"https:\/\/www.boardlife.se\/fr\/wp-json\/wp\/v2\/media\/167726"}],"wp:attachment":[{"href":"https:\/\/www.boardlife.se\/fr\/wp-json\/wp\/v2\/media?parent=111703"}],"wp:term":[{"taxonomy":"product_brand","embeddable":true,"href":"https:\/\/www.boardlife.se\/fr\/wp-json\/wp\/v2\/product_brand?post=111703"},{"taxonomy":"product_cat","embeddable":true,"href":"https:\/\/www.boardlife.se\/fr\/wp-json\/wp\/v2\/product_cat?post=111703"},{"taxonomy":"product_tag","embeddable":true,"href":"https:\/\/www.boardlife.se\/fr\/wp-json\/wp\/v2\/product_tag?post=111703"}],"curies":[{"name":"wp","href":"https:\/\/api.w.org\/{rel}","templated":true}]}}