{"id":111510,"date":"2024-05-15T22:58:49","date_gmt":"2024-05-15T20:58:49","guid":{"rendered":"https:\/\/www.boardlife.se\/?post_type=product&#038;p=111510"},"modified":"2024-05-16T17:22:25","modified_gmt":"2024-05-16T15:22:25","slug":"planches-a-roulettes-evolve-stoke-2","status":"publish","type":"product","link":"https:\/\/www.boardlife.se\/fr\/boutique\/skateboard-electrique\/patins-electriques-complets\/planches-a-roulettes-evolve-stoke-2\/","title":{"rendered":"Skateboards Evolve Stoke 2"},"content":{"rendered":"<p>Evolve est r\u00e9put\u00e9 pour sa qualit\u00e9, et pouvoir la proposer chez Boardlife est un vrai plus. Le Stoke \u00e9tait leur premier skateboard \u00e9lectrique au format cruiser. Une planche courte avec un fish tail classique. Voici maintenant le Stoke 2, la version am\u00e9lior\u00e9e de son pr\u00e9d\u00e9cesseur. Con\u00e7u pour gagner en agilit\u00e9 sans rien perdre de la qualit\u00e9 qui a fait la r\u00e9putation d&#039;Evolve. Ce petit bolide offre \u00e9galement une bonne vitesse. Le Stoke est particuli\u00e8rement adapt\u00e9 \u00e0 ceux qui souhaitent filer en ville et profiter d&#039;un empattement l\u00e9g\u00e8rement plus court pour des virages plus rapides et plus serr\u00e9s. Il est \u00e9galement \u00e9quip\u00e9 du truck Super-carve d&#039;Evolve, ce qui ne g\u00e2che rien.<\/p>\n<p>Comme les autres planches de la s\u00e9rie Bamboo, son design et ses sensations sont exceptionnels. De plus, un pad en mousse EVA inspir\u00e9 du surf a \u00e9t\u00e9 ajout\u00e9 au kick arri\u00e8re pour une sensation de surf encore meilleure.<\/p>\n<p>Le moteur est un double moteur Evolve GTR de 3000 watts, vous permettant d&#039;atteindre une vitesse optimale \u00e0 tout moment ! La Stoke est une planche polyvalente, con\u00e7ue pour surfer o\u00f9 vous le souhaitez. De plus, elle est \u00e9quip\u00e9e d&#039;une batterie portable, ce qui vous permet de l&#039;emporter m\u00eame en avion. Encore plus polyvalente !<\/p>\n<p>La planche est livr\u00e9e avec un Orangatang Caguama, et vous pouvez choisir la couleur qui vous convient le mieux pour votre installation, en fonction de vos yeux.<\/p>\n<p>&nbsp;<\/p>\n<h3>Description originale<\/h3>\n<p>D\u00e9couvrez la toute nouvelle gamme de planches Stoke ! Ce cruiser \u00e0 queue d&#039;hirondelle inspir\u00e9 du surf est un v\u00e9ritable bolide de poche, le v\u00e9hicule id\u00e9al pour les derniers kilom\u00e8tres \u2013 jusqu&#039;\u00e0 15 km par charge. Optimisez vos trajets\u00a0: vous pouvez l&#039;utiliser pour vous rendre au magasin du coin, \u00e0 l&#039;universit\u00e9, au travail, ou simplement pour sortir de chez vous et vous balader tranquillement, pour vous amuser ou vous d\u00e9tendre.<\/p>\n<p>La planche Stoke est la planche \u00e0 roulettes la plus petite et la plus portable de la gamme Evolve Skateboards, et la s\u00e9rie 2 \u00e9tablit une norme encore plus \u00e9lev\u00e9e pour un transport personnel revigorant en 2022. Notre approche sans compromis de sa cr\u00e9ation a permis d&#039;obtenir l&#039;exp\u00e9rience de conduite ultime : performance, durabilit\u00e9 et sensation sous le pied.<\/p>\n<p><strong>La technologie<\/strong><\/p>\n<p>Le Stoke Series 2 est \u00e9quip\u00e9 d&#039;une commande Bluetooth FOC, offrant une puissance instantan\u00e9e in\u00e9dite et des performances d&#039;acc\u00e9l\u00e9ration et de freinage ultra-fluides, pour une ma\u00eetrise intuitive optimale. Notre batterie lithium-ion Power Flex vous garantit une autonomie r\u00e9elle jusqu&#039;\u00e0 16 km par charge et une vitesse maximale de 35 km\/h, transformant chaque route en un terrain de jeu infini. Dot\u00e9 de deux puissants moteurs 5055 de 1500 W, ce scooter \u00e9lectrique allie fluidit\u00e9 et r\u00e9activit\u00e9 pour des aventures inoubliables.<\/p>\n<p><strong>Le trajet<\/strong><\/p>\n<p>La planche est \u00e9galement dot\u00e9e d&#039;un pad en mousse EVA inspir\u00e9 du surf pour le pied arri\u00e8re et d&#039;un kick-tail arri\u00e8re capable de surfer sur les petits trottoirs et les petites courbes rencontr\u00e9es au quotidien. Gr\u00e2ce \u00e0 sa taille, la planche Stoke est ultra-maniable, facile \u00e0 encha\u00eener les virages serr\u00e9s et id\u00e9ale pour les carvings. Elle se ride comme un r\u00eave\u00a0!<\/p>\n<p><strong>Options suppl\u00e9mentaires<\/strong><\/p>\n<p>Le Stoke Series 2 offre encore plus de flexibilit\u00e9 aux passionn\u00e9s de v\u00e9lo, avec deux ports pour alimenter le Prism Strip sous un \u00e9clairage fluorescent. Ces \u00e9clairages sont dot\u00e9s d&#039;un connecteur unique qui se connecte directement au contr\u00f4leur de moteur Evolve (E-FOC).<\/p>\n<p><strong>La t\u00e9l\u00e9commande<\/strong><\/p>\n<p>La toute nouvelle t\u00e9l\u00e9commande Phaze offre une acc\u00e9l\u00e9ration et un freinage intuitifs gr\u00e2ce \u00e0 sa conception \u00e0 double g\u00e2chette et \u00e0 son bo\u00eetier robuste en aluminium. Ce bo\u00eetier en aluminium usin\u00e9 CNC constitue la base de la t\u00e9l\u00e9commande, la renfor\u00e7ant par une conception con\u00e7ue pour r\u00e9pondre aux besoins des pilotes les plus exigeants. Son interface utilisateur avanc\u00e9e permet aux pilotes de suivre leurs sorties pr\u00e9c\u00e9dentes, d&#039;acc\u00e9der aux informations de diagnostic de la carte et de contr\u00f4ler des param\u00e8tres tels que les couleurs et modes d&#039;\u00e9clairage et les limitations de vitesse.<\/p>\n<p>L&#039;application<\/p>\n<p>La Stoke Series 2 offre plus de modes de conduite que jamais, avec les modes ECO, SPORT et GTR de s\u00e9rie. Gr\u00e2ce \u00e0 l&#039;application ExploreByEvolve, les pilotes peuvent ajuster la puissance totale, l&#039;acc\u00e9l\u00e9ration et le freinage en fonction de leur style de conduite. Vous pouvez \u00e9galement suivre et partager vos sorties, vous mesurer \u00e0 la communaut\u00e9 mondiale des pilotes au classement et, bien s\u00fbr, utiliser l&#039;application pour les mises \u00e0 jour en temps r\u00e9el sur iOS et Android. Et vous avez-vous d\u00e9j\u00e0 mentionn\u00e9 que l&#039;application permet de consulter les informations de diagnostic et d&#039;appliquer un mode d&#039;\u00e9clairage personnalis\u00e9 \u00e0 vos Prism Strips\u00a0?<\/p>\n<p>Veuillez noter:<\/p>\n<p>Le Stoke 2 est \u00e9quip\u00e9 du Bash Guard.<br>\nLa batterie Stoke et la batterie de voyage Bamboo GTR sont le m\u00eame produit.<br>\nLa batterie standard Bamboo GTR n&#039;est pas compatible avec le Stoke.<\/p>\n<p>&nbsp;<\/p>\n<h3>Qu&#039;y a-t-il dans la bo\u00eete ?<\/h3>\n<p>Skateboard Evolve Stoke<br>\nMallette de transport Evolve contenant\u00a0: t\u00e9l\u00e9commande Phase, chargeur, outil Y et vis de rechange<br>\nManuel et pack d&#039;autocollants<\/p>\n<p>&nbsp;<\/p>\n<h3>CARACT\u00c9RISTIQUES:<\/h3>\n<ul>\n<li>MAT\u00c9RIAU DU PONT : 4 plis de bambou \/ 2 plis de fibre de verre, poign\u00e9e transparente avec coussinet arri\u00e8re en EVA<\/li>\n<li>LONGUEUR DU PONT : 33,5 pouces \/ 850 mm<\/li>\n<li>EMPATTEMENT : 24 pouces \/ 610 mm<\/li>\n<li>CAMIONS : Forg\u00e9 \/ CNC Super carve 306 mm\/12 pouces de largeur<\/li>\n<li>ROUES : Orangatang Caguamas 85 mm \u2013 80a Orange, 83a Violet et 77a Bleu Happy Thane Formula (Les bleues 77a durom\u00e8tre sont les roues les plus souples jamais con\u00e7ues, un confort incroyable, encore plus souples que les roues 74a Evolve ABEC 107 mm.)<\/li>\n<li>REMARQUE\u00a0: l&#039;utilisation de roues de plus de 85\u00a0mm peut entra\u00eener une morsure de la roue lors de la conduite (la roue touche le pont dans les virages serr\u00e9s).<\/li>\n<li>MOTEUR : Deux moteurs brushless \u00e0 rotor externe haute performance de 1\u00a0500 watts (3\u00a0000 watts au total) fabriqu\u00e9s sur mesure<\/li>\n<li>ROULEMENTS : Roulements de pr\u00e9cision en c\u00e9ramique Evolve<\/li>\n<li>BATTERIE\u00a0: Lithium-ion avec BMS personnalis\u00e9. Adapt\u00e9e aux d\u00e9placements, 144\u00a0wattheures<\/li>\n<li>RECHARGE : 1,5 \u00e0 2 heures avec le chargeur rapide standard<\/li>\n<li>T\u00c9L\u00c9COMMANDE : T\u00e9l\u00e9commande Evolve Phaze avec corps renforc\u00e9 en aluminium CNC<\/li>\n<li>POIDS : 9,8 kg\/21,6 LBS<\/li>\n<li>AUTONOMIE : Jusqu&#039;\u00e0 15 km\/10 miles<\/li>\n<li>VITESSE MAXIMALE\u00a0: environ 36\u00a0km\/h (22\u00a0mph). La vitesse diminue \u00e0 mesure que la tension diminue.<\/li>\n<li>CHARGE MAXIMALE : 100 kg \/ 220 LBS<\/li>\n<li>TERRAIN APPROPRI\u00c9 : Routes\/trottoirs\/b\u00e9ton en bitume lisse<\/li>\n<li>DIAPOSITIVES : Oui<\/li>\n<li>COLLINES : Jusqu&#039;\u00e0 30% de pente en mode GTR (incroyablement raide !)<\/li>\n<li>FREINAGE : Contr\u00f4le de freinage ultra-fluide en continu avec recharge r\u00e9g\u00e9n\u00e9rative<\/li>\n<li>ESTH\u00c9TIQUE : Le plaisir du surf rencontre l&#039;ambiance high-tech<\/li>\n<\/ul>","protected":false},"excerpt":{"rendered":"<p>La planche la plus petite et la plus agile d&#039;Evolve. La Stoke est con\u00e7ue pour recr\u00e9er la sensation de surfer sur un e-skate agile. Son fishtail confortable est \u00e9galement recouvert d&#039;un coussin en mousse confortable \u00e0 l&#039;arri\u00e8re pour une sensation de surf incomparable ! La Stoke est incroyablement agile gr\u00e2ce \u00e0 ses trucks super-carve ultra-confortables et son empattement court. Parfaite pour ceux qui souhaitent tourner rapidement et se d\u00e9placer en ville sans probl\u00e8me. Le m\u00eame moteur puissant que d&#039;habitude, mais avec une batterie plus petite, vous rend plus l\u00e9g\u00e8re et homologu\u00e9e pour l&#039;aviation. Vous profitez toujours d&#039;une autonomie de 2,4 km et le temps de charge est \u00e9galement plus rapide. Du surf en e-skate pour de vrai ! Il ne vous reste plus qu&#039;\u00e0 choisir les roues de votre Stoke.<\/p>\n<p><strong>En raison d&#039;une forte demande, des retards importants sont \u00e0 pr\u00e9voir chez Evolve. Commandez d\u00e8s maintenant pour r\u00e9server votre place. Les planches sont livr\u00e9es par ordre d&#039;arriv\u00e9e. Nous nous r\u00e9servons le droit d&#039;\u00eatre rapidement \u00e9puis\u00e9es\u00a0! (Si vous choisissez de payer par facture Klarna, le montant ne sera d\u00e9duit qu&#039;apr\u00e8s exp\u00e9dition des marchandises.)<\/strong><\/p>\n<p><strong>Actuellement, le d\u00e9lai d&#039;attente est d&#039;environ 2 semaines \u00e0 compter de la passation de la commande.\u00a0<\/strong><\/p>","protected":false},"featured_media":214003,"comment_status":"open","ping_status":"closed","template":"","meta":[],"product_brand":[2557],"product_cat":[2266],"product_tag":[],"class_list":{"0":"post-111510","1":"product","2":"type-product","3":"status-publish","4":"has-post-thumbnail","6":"product_brand-evolve-skateboards","7":"product_cat-complete-e-skates","8":"pa_konstruktion-2-lager-glasfiber","9":"pa_konstruktion-4-lager-bambu","10":"pa_manufacturer-evolve","11":"pa_wheels-caguama-85mm-77a-blue","12":"pa_wheels-caguama-85mm-80a-orange","13":"pa_wheels-caguama-85mm-83a-purple","15":"first","16":"instock","17":"sale","18":"taxable","19":"shipping-taxable","20":"purchasable","21":"product-type-variable","22":"has-default-attributes"},"composite_virtual":false,"composite_layout":"","composite_add_to_cart_form_location":"","composite_editable_in_cart":false,"composite_sold_individually_context":"","composite_shop_price_calc":"","composite_components":[],"composite_scenarios":[],"jetpack_sharing_enabled":true,"_links":{"self":[{"href":"https:\/\/www.boardlife.se\/fr\/wp-json\/wp\/v2\/product\/111510","targetHints":{"allow":["GET"]}}],"collection":[{"href":"https:\/\/www.boardlife.se\/fr\/wp-json\/wp\/v2\/product"}],"about":[{"href":"https:\/\/www.boardlife.se\/fr\/wp-json\/wp\/v2\/types\/product"}],"replies":[{"embeddable":true,"href":"https:\/\/www.boardlife.se\/fr\/wp-json\/wp\/v2\/comments?post=111510"}],"wp:featuredmedia":[{"embeddable":true,"href":"https:\/\/www.boardlife.se\/fr\/wp-json\/wp\/v2\/media\/214003"}],"wp:attachment":[{"href":"https:\/\/www.boardlife.se\/fr\/wp-json\/wp\/v2\/media?parent=111510"}],"wp:term":[{"taxonomy":"product_brand","embeddable":true,"href":"https:\/\/www.boardlife.se\/fr\/wp-json\/wp\/v2\/product_brand?post=111510"},{"taxonomy":"product_cat","embeddable":true,"href":"https:\/\/www.boardlife.se\/fr\/wp-json\/wp\/v2\/product_cat?post=111510"},{"taxonomy":"product_tag","embeddable":true,"href":"https:\/\/www.boardlife.se\/fr\/wp-json\/wp\/v2\/product_tag?post=111510"}],"curies":[{"name":"wp","href":"https:\/\/api.w.org\/{rel}","templated":true}]}}