{"id":110817,"date":"2020-05-12T12:28:15","date_gmt":"2020-05-12T10:28:15","guid":{"rendered":"https:\/\/www.boardlife.se\/?post_type=product&#038;p=110817"},"modified":"2024-04-01T01:40:30","modified_gmt":"2024-03-31T23:40:30","slug":"protection-de-nez-evolve-gt-gtx","status":"publish","type":"product","link":"https:\/\/www.boardlife.se\/fr\/boutique\/skateboard-electrique\/accessoires-electriques\/accessoires-electriques-pour-protege-nez\/protection-de-nez-evolve-gt-gtx\/","title":{"rendered":"Prot\u00e8ge-nez Evolve GT\/GTX"},"content":{"rendered":"<p>Les protections de nez sont un excellent moyen de prot\u00e9ger votre Evolve. C&#039;est un investissement simple et peu co\u00fbteux. Cette protection rigide se fixe facilement au nez de votre planche et la prot\u00e8ge des chocs et des impacts. Elle permet \u00e9galement de pr\u00e9server l&#039;aspect de votre planche lorsque vous la posez sur le nez et le talon contre un mur, par exemple. Avec le temps, l&#039;usure peut ab\u00eemer les bords de la planche et la rendre inesth\u00e9tique. Une simple protection de nez r\u00e9sout tous ces probl\u00e8mes et vous permet de rider en toute tranquillit\u00e9.<\/p>\n<p>La housse est compatible avec les mod\u00e8les des s\u00e9ries Carbon GT, Bamboo GTX et Bamboo GT.<\/p>","protected":false},"excerpt":{"rendered":"<p>Un investissement judicieux consiste \u00e0 prot\u00e9ger le nose de votre planche Evolve. Ce prot\u00e8ge-nez en plastique r\u00e9sistant garantit sa bonne tenue au fil du temps. Pour ceux qui pr\u00e9f\u00e8rent poser leur planche sur le nose lors des chargements, c&#039;est \u00e9galement un excellent moyen d&#039;am\u00e9liorer l&#039;adh\u00e9rence et de pr\u00e9server son aspect.<\/p>","protected":false},"featured_media":110819,"comment_status":"open","ping_status":"closed","template":"","meta":[],"product_brand":[2557],"product_cat":[2350,1947,2351],"product_tag":[],"class_list":{"0":"post-110817","1":"product","2":"type-product","3":"status-publish","4":"has-post-thumbnail","6":"product_brand-evolve-skateboards","7":"product_cat-electric-accessories","8":"product_cat-electric-spareparts","9":"product_cat-nose-guards-electric-accessories","10":"pa_manufacturer-evolve","12":"first","13":"instock","14":"taxable","15":"shipping-taxable","16":"purchasable","17":"product-type-simple"},"composite_virtual":false,"composite_layout":"","composite_add_to_cart_form_location":"","composite_editable_in_cart":false,"composite_sold_individually_context":"","composite_shop_price_calc":"","composite_components":[],"composite_scenarios":[],"jetpack_sharing_enabled":true,"_links":{"self":[{"href":"https:\/\/www.boardlife.se\/fr\/wp-json\/wp\/v2\/product\/110817","targetHints":{"allow":["GET"]}}],"collection":[{"href":"https:\/\/www.boardlife.se\/fr\/wp-json\/wp\/v2\/product"}],"about":[{"href":"https:\/\/www.boardlife.se\/fr\/wp-json\/wp\/v2\/types\/product"}],"replies":[{"embeddable":true,"href":"https:\/\/www.boardlife.se\/fr\/wp-json\/wp\/v2\/comments?post=110817"}],"wp:featuredmedia":[{"embeddable":true,"href":"https:\/\/www.boardlife.se\/fr\/wp-json\/wp\/v2\/media\/110819"}],"wp:attachment":[{"href":"https:\/\/www.boardlife.se\/fr\/wp-json\/wp\/v2\/media?parent=110817"}],"wp:term":[{"taxonomy":"product_brand","embeddable":true,"href":"https:\/\/www.boardlife.se\/fr\/wp-json\/wp\/v2\/product_brand?post=110817"},{"taxonomy":"product_cat","embeddable":true,"href":"https:\/\/www.boardlife.se\/fr\/wp-json\/wp\/v2\/product_cat?post=110817"},{"taxonomy":"product_tag","embeddable":true,"href":"https:\/\/www.boardlife.se\/fr\/wp-json\/wp\/v2\/product_tag?post=110817"}],"curies":[{"name":"wp","href":"https:\/\/api.w.org\/{rel}","templated":true}]}}