{"id":110812,"date":"2020-05-12T12:01:54","date_gmt":"2020-05-12T10:01:54","guid":{"rendered":"https:\/\/www.boardlife.se\/?post_type=product&#038;p=110812"},"modified":"2022-06-08T11:15:38","modified_gmt":"2022-06-08T09:15:38","slug":"chargeur-rapide-evolve-gt-gtx","status":"publish","type":"product","link":"https:\/\/www.boardlife.se\/fr\/boutique\/skateboard-electrique\/pieces-detachees-electriques\/chargeurs\/chargeur-rapide-evolve-gt-gtx\/","title":{"rendered":"Chargeur rapide Evolve GT\/GTX"},"content":{"rendered":"<p>Malheureusement, charger une batterie aussi puissante que celle de la GT\/GTX d&#039;Evolve peut prendre un certain temps lorsqu&#039;elle est compl\u00e8tement d\u00e9charg\u00e9e. La plupart du temps, cela ne pose pas de probl\u00e8me lorsque vous arrivez au travail ou que vous installez la planche pour la nuit \u00e0 la maison. Mais lorsque vous \u00eates en d\u00e9placement et que vous ne pouvez pas rester longtemps avant de repartir, un chargeur rapide est indispensable.<\/p>\n<p>Le chargeur standard d&#039;Evolve charge votre planche en 4 \u00e0 5 heures, mais avec le chargeur rapide, vous pouvez charger une batterie presque vide en 3 heures.<\/p>\n<p>Le chargeur est compatible avec les cartes m\u00e8res des s\u00e9ries GT et Gen2 ainsi qu&#039;avec les GTX et ONE.<br>\nNotez que c&#039;est <span style=\"text-decoration: underline;\">pas<\/span> compatible avec les cartes Gen1 subnose et pintail ou GTR<\/p>","protected":false},"excerpt":{"rendered":"<p>Chargeur rapide pour votre Evolve GT\/GTX, permettant une charge consid\u00e9rablement plus rapide. Pour ceux qui sont souvent en d\u00e9placement et n&#039;ont pas le temps d&#039;attendre longtemps, ce chargeur rapide est un excellent investissement. Il charge environ 40% plus rapidement qu&#039;un chargeur standard.<\/p>","protected":false},"featured_media":110816,"comment_status":"open","ping_status":"closed","template":"","meta":[],"product_brand":[2557],"product_cat":[2262,1947],"product_tag":[],"class_list":{"0":"post-110812","1":"product","2":"type-product","3":"status-publish","4":"has-post-thumbnail","6":"product_brand-evolve-skateboards","7":"product_cat-chargers","8":"product_cat-electric-spareparts","9":"pa_manufacturer-evolve","11":"first","12":"outofstock","13":"taxable","14":"shipping-taxable","15":"purchasable","16":"product-type-simple"},"composite_virtual":false,"composite_layout":"","composite_add_to_cart_form_location":"","composite_editable_in_cart":false,"composite_sold_individually_context":"","composite_shop_price_calc":"","composite_components":[],"composite_scenarios":[],"jetpack_sharing_enabled":true,"_links":{"self":[{"href":"https:\/\/www.boardlife.se\/fr\/wp-json\/wp\/v2\/product\/110812","targetHints":{"allow":["GET"]}}],"collection":[{"href":"https:\/\/www.boardlife.se\/fr\/wp-json\/wp\/v2\/product"}],"about":[{"href":"https:\/\/www.boardlife.se\/fr\/wp-json\/wp\/v2\/types\/product"}],"replies":[{"embeddable":true,"href":"https:\/\/www.boardlife.se\/fr\/wp-json\/wp\/v2\/comments?post=110812"}],"wp:featuredmedia":[{"embeddable":true,"href":"https:\/\/www.boardlife.se\/fr\/wp-json\/wp\/v2\/media\/110816"}],"wp:attachment":[{"href":"https:\/\/www.boardlife.se\/fr\/wp-json\/wp\/v2\/media?parent=110812"}],"wp:term":[{"taxonomy":"product_brand","embeddable":true,"href":"https:\/\/www.boardlife.se\/fr\/wp-json\/wp\/v2\/product_brand?post=110812"},{"taxonomy":"product_cat","embeddable":true,"href":"https:\/\/www.boardlife.se\/fr\/wp-json\/wp\/v2\/product_cat?post=110812"},{"taxonomy":"product_tag","embeddable":true,"href":"https:\/\/www.boardlife.se\/fr\/wp-json\/wp\/v2\/product_tag?post=110812"}],"curies":[{"name":"wp","href":"https:\/\/api.w.org\/{rel}","templated":true}]}}