{"id":110443,"date":"2020-05-02T12:24:24","date_gmt":"2020-05-02T10:24:24","guid":{"rendered":"https:\/\/www.boardlife.se\/?post_type=product&#038;p=110443"},"modified":"2021-06-28T16:59:56","modified_gmt":"2021-06-28T14:59:56","slug":"heartwood-goddess-beiwe-8-0-deck","status":"publish","type":"product","link":"https:\/\/www.boardlife.se\/fr\/boutique\/skateboard\/pont-seulement\/heartwood-goddess-beiwe-8-0-deck\/","title":{"rendered":"Terrasse Heartwood Goddess Beiwe 8.0\u2033"},"content":{"rendered":"<p>La s\u00e9rie Goddess de Heartwood est une planche pleine de caract\u00e8re et d&#039;\u00e9l\u00e9gance. Une s\u00e9rie d\u00e9di\u00e9e aux femmes fortes et importantes du monde entier.<\/p>\n<p>Precis som tidigare har man fortsatt med det finnande receptet p&aring; 7 lager kanadensisk l&ouml;nn med riktigt h&aring;rd epoxy emellan. Men till skillnad fr&aring;n de kr&auml;miga lagren i en ordentligt god lasagne &auml;r Heartwoods br&auml;dor stenh&aring;rda och det g&ouml;r att du f&aring;r en rej&auml;l pop. Tre random f&auml;rgade lager g&ouml;r br&auml;dan lite extra unik n&auml;r du n&ouml;tt ner den en aning. Goddess kommer i storlekarna 7.75, 8.0, 8.25 och 8.5 f&ouml;r att passa alla typer av &aring;kare d&auml;r ute. Den djupare konkaven ger dig lite mer m&ouml;jlighet att f&aring; lite mer kraft i flipparna. F&auml;rgen i grafiken &auml;r dock unik f&ouml;r varje storlek. Denna &auml;r i formatet 8.0&Prime; med en l&auml;ngd p&aring; 31.6875&Prime; och en <a class=\"glossaryLink cmtt_Komponenter\" aria-describedby=\"tt\" data-cmtooltip=\"&lt;div class=glossaryItemTitle&gt;Wheelbase&lt;\/div&gt;&lt;div class=glossaryItemBody&gt;Detta begrepp handlar om det avst&aring;nd du har mellan dina truckar. Ett l&auml;ngre avst&aring;nd ger mer stabilitet och lite l&aring;ngsammare sv&auml;ngar medan den korta kan bli kvickare.&lt;\/div&gt;&lt;div class=cmtt_synonyms_wrapper&gt;&lt;div class=cmtt_synonyms_title&gt;Synonymer: &lt;\/div&gt;&lt;div class=cmtt_synonyms&gt;hjulbas,  WB&lt;\/div&gt;&lt;\/div&gt;&lt;div class=glossaryTooltipMoreLinkWrapper&gt;&lt;a class=glossaryTooltipMoreLink href=https:\/\/www.boardlife.se\/fr\/glossaire\/empattement-2\/ &gt;L&auml;s mer&lt;\/a&gt;&lt;\/div&gt;\" href=\"https:\/\/www.boardlife.se\/fr\/glossaire\/empattement-2\/\" data-mobile-support=\"0\" data-gt-translate-attributes='[{\"attribute\":\"data-cmtooltip\", \"format\":\"html\"}]'>empattement<\/a> \u00e0 14,25\u2033.<\/p>\n<p>La carte est \u00e9galement disponible en options compl\u00e8tes, que vous pouvez \u00e9galement trouver si vous recherchez une solution qui comprend tout et plus encore.<\/p>","protected":false},"excerpt":{"rendered":"<p>Goddess fr\u00e5n Heartwood serverar dig en look som garanterat kommer f\u00e5 dig att se grym ut i parken. 7 lager kanadensisk l\u00f6nn varav 3 f\u00e4rgade lager. I kombination med h\u00e5rd epoxy f\u00e5r du en h\u00e5rd planka som ger extra bra pop! Br\u00e4dan \u00e4r 8.0&#8243; bred och med en djup konkav f\u00f6r lite extra kraft i flipparna.<\/p>\n<p>&nbsp;<\/p>","protected":false},"featured_media":110440,"comment_status":"open","ping_status":"closed","template":"","meta":[],"product_brand":[2570],"product_cat":[854],"product_tag":[],"class_list":{"0":"post-110443","1":"product","2":"type-product","3":"status-publish","4":"has-post-thumbnail","6":"product_brand-heartwood","7":"product_cat-deck-only","8":"pa_concave-deep","9":"pa_hjulbas-1425-362cm","10":"pa_konstruktion-7-lager-lonn","11":"pa_length-31-6875-805cm","12":"pa_manufacturer-heartwood","13":"pa_width-8-0-203-cm","15":"first","16":"instock","17":"taxable","18":"shipping-taxable","19":"purchasable","20":"product-type-simple"},"composite_virtual":false,"composite_layout":"","composite_add_to_cart_form_location":"","composite_editable_in_cart":false,"composite_sold_individually_context":"","composite_shop_price_calc":"","composite_components":[],"composite_scenarios":[],"jetpack_sharing_enabled":true,"_links":{"self":[{"href":"https:\/\/www.boardlife.se\/fr\/wp-json\/wp\/v2\/product\/110443","targetHints":{"allow":["GET"]}}],"collection":[{"href":"https:\/\/www.boardlife.se\/fr\/wp-json\/wp\/v2\/product"}],"about":[{"href":"https:\/\/www.boardlife.se\/fr\/wp-json\/wp\/v2\/types\/product"}],"replies":[{"embeddable":true,"href":"https:\/\/www.boardlife.se\/fr\/wp-json\/wp\/v2\/comments?post=110443"}],"wp:featuredmedia":[{"embeddable":true,"href":"https:\/\/www.boardlife.se\/fr\/wp-json\/wp\/v2\/media\/110440"}],"wp:attachment":[{"href":"https:\/\/www.boardlife.se\/fr\/wp-json\/wp\/v2\/media?parent=110443"}],"wp:term":[{"taxonomy":"product_brand","embeddable":true,"href":"https:\/\/www.boardlife.se\/fr\/wp-json\/wp\/v2\/product_brand?post=110443"},{"taxonomy":"product_cat","embeddable":true,"href":"https:\/\/www.boardlife.se\/fr\/wp-json\/wp\/v2\/product_cat?post=110443"},{"taxonomy":"product_tag","embeddable":true,"href":"https:\/\/www.boardlife.se\/fr\/wp-json\/wp\/v2\/product_tag?post=110443"}],"curies":[{"name":"wp","href":"https:\/\/api.w.org\/{rel}","templated":true}]}}