{"id":109124,"date":"2020-04-16T22:38:47","date_gmt":"2020-04-16T20:38:47","guid":{"rendered":"https:\/\/www.boardlife.se\/?post_type=product&#038;p=109124"},"modified":"2024-05-29T17:58:48","modified_gmt":"2024-05-29T15:58:48","slug":"pneu-terrain-evolve-noir-175-mm-1-piece","status":"publish","type":"product","link":"https:\/\/www.boardlife.se\/fr\/boutique\/skateboard-electrique\/pieces-detachees-electriques\/roues-pneus\/pneu-terrain-evolve-noir-175-mm-1-piece\/","title":{"rendered":"Pneu tout-terrain Evolve noir 175 mm (1 pi\u00e8ce)"},"content":{"rendered":"<p>Pour ceux qui ont besoin de nouveaux pneus pour leur Evolve, nous proposons ici des pneus tout-terrain. Noirs et au look classique, ils sont parfaitement adapt\u00e9s aux jantes (ou moyeux) de l&#039;Evolve. Leur structure, typique des pneus tout-terrain, assure une bonne adh\u00e9rence sur route. Pour une traction optimale en tout-terrain, nous recommandons les pneus Offroad, dot\u00e9s d&#039;une structure sp\u00e9cialement con\u00e7ue pour les graviers et autres terrains accident\u00e9s.<\/p>\n<p><span style=\"text-decoration: underline;\">Veuillez noter que tous les pneus sont vendus individuellement.<\/span> Parce qu&#039;on ne souhaite pas toujours changer les quatre roues et peut-\u00eatre m\u00eame les combiner en diff\u00e9rentes couleurs et variantes.<\/p>","protected":false},"excerpt":{"rendered":"<p>Pneus tout-terrain pour votre Evolve en 175 mm. Compatibles avec les jantes et moyeux Evolve. Vendus \u00e0 l&#039;unit\u00e9, vous pouvez choisir la structure et la couleur de pneu qui vous conviennent.<\/p>","protected":false},"featured_media":109125,"comment_status":"open","ping_status":"closed","template":"","meta":[],"product_brand":[2557],"product_cat":[1947,2265],"product_tag":[],"class_list":{"0":"post-109124","1":"product","2":"type-product","3":"status-publish","4":"has-post-thumbnail","6":"product_brand-evolve-skateboards","7":"product_cat-electric-spareparts","8":"product_cat-wheels-tires","9":"pa_diameter-175mm","10":"pa_manufacturer-evolve","12":"first","13":"outofstock","14":"taxable","15":"shipping-taxable","16":"purchasable","17":"product-type-simple"},"composite_virtual":false,"composite_layout":"","composite_add_to_cart_form_location":"","composite_editable_in_cart":false,"composite_sold_individually_context":"","composite_shop_price_calc":"","composite_components":[],"composite_scenarios":[],"jetpack_sharing_enabled":true,"_links":{"self":[{"href":"https:\/\/www.boardlife.se\/fr\/wp-json\/wp\/v2\/product\/109124","targetHints":{"allow":["GET"]}}],"collection":[{"href":"https:\/\/www.boardlife.se\/fr\/wp-json\/wp\/v2\/product"}],"about":[{"href":"https:\/\/www.boardlife.se\/fr\/wp-json\/wp\/v2\/types\/product"}],"replies":[{"embeddable":true,"href":"https:\/\/www.boardlife.se\/fr\/wp-json\/wp\/v2\/comments?post=109124"}],"wp:featuredmedia":[{"embeddable":true,"href":"https:\/\/www.boardlife.se\/fr\/wp-json\/wp\/v2\/media\/109125"}],"wp:attachment":[{"href":"https:\/\/www.boardlife.se\/fr\/wp-json\/wp\/v2\/media?parent=109124"}],"wp:term":[{"taxonomy":"product_brand","embeddable":true,"href":"https:\/\/www.boardlife.se\/fr\/wp-json\/wp\/v2\/product_brand?post=109124"},{"taxonomy":"product_cat","embeddable":true,"href":"https:\/\/www.boardlife.se\/fr\/wp-json\/wp\/v2\/product_cat?post=109124"},{"taxonomy":"product_tag","embeddable":true,"href":"https:\/\/www.boardlife.se\/fr\/wp-json\/wp\/v2\/product_tag?post=109124"}],"curies":[{"name":"wp","href":"https:\/\/api.w.org\/{rel}","templated":true}]}}