{"id":108870,"date":"2020-04-09T19:04:02","date_gmt":"2020-04-09T17:04:02","guid":{"rendered":"https:\/\/www.boardlife.se\/?post_type=product&#038;p=108870"},"modified":"2024-07-26T07:51:27","modified_gmt":"2024-07-26T05:51:27","slug":"elwing-halokee-powerkit-sport","status":"publish","type":"product","link":"https:\/\/www.boardlife.se\/fr\/boutique\/skateboard-electrique\/patins-electriques-complets\/elwing-halokee-powerkit-sport\/","title":{"rendered":"Elwing Halokee PowerKit Sport"},"content":{"rendered":"<p>Pour ceux qui recherchent un skate \u00e9lectrique fluide pour se balader, capable aussi de gravir des c\u00f4tes \u00e0 bonne vitesse, Elwing est une alternative int\u00e9ressante et abordable. La marque propose plusieurs configurations pour s&#039;adapter \u00e0 vos pr\u00e9f\u00e9rences et \u00e0 votre budget. Le PowerKit Sport est une version am\u00e9lior\u00e9e de la pr\u00e9c\u00e9dente s\u00e9rie Elwing, o\u00f9 pratiquement tous les aspects d&#039;un concept d\u00e9j\u00e0 performant ont \u00e9t\u00e9 optimis\u00e9s. Avec le nouveau Elwing PowerKit, le changement de composants est globalement simplifi\u00e9, et l&#039;am\u00e9lioration la plus notable concerne sans doute le changement de batterie, encore plus facile. Munissez-vous simplement d&#039;un outil pour skate et vous pourrez changer la batterie \u00e0 votre guise.<\/p>\n<p>Elwing propose, comme auparavant, deux mod\u00e8les de planches\u00a0: un cruiser plus court appel\u00e9 Nimbus et un mod\u00e8le plus long nomm\u00e9 Halokee (que vous voyez ici). L&#039;Halokee mesure 37,5 pouces, offrant ainsi des sensations plus proches d&#039;un longboard classique. Les deux mod\u00e8les sont vraiment tr\u00e8s agr\u00e9ables. <a class=\"glossaryLink cmtt_Komponenter\" aria-describedby=\"tt\" data-cmtooltip=\"&lt;div class=glossaryItemTitle&gt;Konkav&lt;\/div&gt;&lt;div class=glossaryItemBody&gt;De flesta br&auml;dor\/deck &auml;r sk&aring;lade i n&aring;gon m&aring;n. Man har med andra ord h&ouml;gre ytterkanter d&aring; man st&auml;ller sig p&aring; br&auml;dan. Detta kallas f&ouml;r concave eller konkav p&aring; svenska. &lt;\/div&gt;&lt;div class=cmtt_synonyms_wrapper&gt;&lt;div class=cmtt_synonyms_title&gt;Synonymer: &lt;\/div&gt;&lt;div class=cmtt_synonyms&gt;concave&lt;\/div&gt;&lt;\/div&gt;&lt;div class=glossaryTooltipMoreLinkWrapper&gt;&lt;a class=glossaryTooltipMoreLink href=https:\/\/www.boardlife.se\/fr\/glossaire\/konkav-concave\/ &gt;L&auml;s mer&lt;\/a&gt;&lt;\/div&gt;\" href=\"https:\/\/www.boardlife.se\/fr\/glossaire\/konkav-concave\/\" data-mobile-support=\"0\" data-gt-translate-attributes='[{\"attribute\":\"data-cmtooltip\", \"format\":\"html\"}]'>concave<\/a> et avec des doubles coups de pied. Quel que soit le mod\u00e8le de planche choisi, la puissance et la flexibilit\u00e9 des composants restent identiques.<\/p>\n<p>Nous veillerons \u00e0 avoir en stock tous les accessoires et pi\u00e8ces d\u00e9tach\u00e9es Elwing dont vous pourriez avoir besoin.<\/p>\n<h2>S\u00e9lectionnez un ou deux moteurs<\/h2>\n<p>Elwing propose une option permettant d&#039;\u00e9quiper la planche d&#039;un ou deux moteurs. Chaque moteur d\u00e9veloppe 500 W et la principale diff\u00e9rence r\u00e9side dans le couple, qui influe sur la pente maximale que vous pouvez franchir avec votre planche.<\/p>\n<h3>Entra\u00eenement unique<\/h3>\n<p>Cette option est id\u00e9ale pour ceux qui souhaitent \u00e9conomiser de l&#039;\u00e9nergie et du poids sur leur planche et qui n&#039;ont pas forc\u00e9ment besoin de gravir des pentes abruptes. Elle peut g\u00e9rer des pentes de 10% et offre une vitesse maximale de 32 km\/h en mode Pro.<\/p>\n<h3>Double entra\u00eenement<\/h3>\n<p>Pour ceux qui recherchent une puissance maximale et une vitesse de pointe l\u00e9g\u00e8rement sup\u00e9rieure, tout en devant pouvoir gravir des pentes, cette option est probablement la plus adapt\u00e9e. Gr\u00e2ce \u00e0 sa double transmission, vous pouvez g\u00e9rer une pente de 201\u00a0m (TP3T) et atteindre une vitesse de pointe de 38\u00a0km\/h en mode Pro.<\/p>\n<h2>S\u00e9lectionner la batterie<\/h2>\n<p>Que votre planche soit \u00e9quip\u00e9e d&#039;un ou deux moteurs, vous pouvez opter pour une batterie standard ou longue autonomie. Elwing a am\u00e9lior\u00e9 les cellules de la batterie pour une utilisation plus s\u00fbre et plus durable. L&#039;avantage de la batterie standard est sa capacit\u00e9 de 90 Wh, ce qui vous permet de l&#039;emporter en avion lors de votre prochain voyage avec la planche. Son autonomie de 15 km est id\u00e9ale pour les trajets courts ou si vous pouvez la recharger \u00e0 destination.<\/p>\n<p>L&#039;option Longue Autonomie est con\u00e7ue pour ceux qui souhaitent parcourir de longues distances. Sa batterie de 216 Wh vous permet de rouler jusqu&#039;\u00e0 30 km.<\/p>","protected":false},"excerpt":{"rendered":"<p>La version mise \u00e0 jour d&#039;Elwing arrive ! Avec le nouveau PowerKit, vous b\u00e9n\u00e9ficiez d&#039;une planche modernis\u00e9e sur presque tous les plans. Cette nouvelle version simplifie encore davantage le remplacement des pi\u00e8ces, notamment la batterie ou la mise \u00e0 niveau d&#039;une planche simple \u00e0 une double motorisation. Choisissez entre un ou deux moteurs et une batterie standard (homologu\u00e9e pour le vol) ou longue dur\u00e9e.<\/p>\n<p><strong>Remarque\u00a0: si vous optez pour une double transmission, Elwing recommande d&#039;utiliser sa batterie plus puissante (longue autonomie). Certains mod\u00e8les ont rencontr\u00e9 des probl\u00e8mes avec la double transmission et la petite batterie.\u00a0<\/strong><\/p>","protected":false},"featured_media":108875,"comment_status":"open","ping_status":"closed","template":"","meta":[],"product_brand":[2553],"product_cat":[1837,2266],"product_tag":[],"class_list":{"0":"post-108870","1":"product","2":"type-product","3":"status-publish","4":"has-post-thumbnail","6":"product_brand-elwing","7":"product_cat-electric-skate","8":"product_cat-complete-e-skates","9":"pa_length-374-95cm","10":"pa_manufacturer-elwing","12":"first","13":"outofstock","14":"sale","15":"taxable","16":"shipping-taxable","17":"purchasable","18":"product-type-variable","19":"has-default-attributes"},"composite_virtual":false,"composite_layout":"","composite_add_to_cart_form_location":"","composite_editable_in_cart":false,"composite_sold_individually_context":"","composite_shop_price_calc":"","composite_components":[],"composite_scenarios":[],"jetpack_sharing_enabled":true,"_links":{"self":[{"href":"https:\/\/www.boardlife.se\/fr\/wp-json\/wp\/v2\/product\/108870","targetHints":{"allow":["GET"]}}],"collection":[{"href":"https:\/\/www.boardlife.se\/fr\/wp-json\/wp\/v2\/product"}],"about":[{"href":"https:\/\/www.boardlife.se\/fr\/wp-json\/wp\/v2\/types\/product"}],"replies":[{"embeddable":true,"href":"https:\/\/www.boardlife.se\/fr\/wp-json\/wp\/v2\/comments?post=108870"}],"wp:featuredmedia":[{"embeddable":true,"href":"https:\/\/www.boardlife.se\/fr\/wp-json\/wp\/v2\/media\/108875"}],"wp:attachment":[{"href":"https:\/\/www.boardlife.se\/fr\/wp-json\/wp\/v2\/media?parent=108870"}],"wp:term":[{"taxonomy":"product_brand","embeddable":true,"href":"https:\/\/www.boardlife.se\/fr\/wp-json\/wp\/v2\/product_brand?post=108870"},{"taxonomy":"product_cat","embeddable":true,"href":"https:\/\/www.boardlife.se\/fr\/wp-json\/wp\/v2\/product_cat?post=108870"},{"taxonomy":"product_tag","embeddable":true,"href":"https:\/\/www.boardlife.se\/fr\/wp-json\/wp\/v2\/product_tag?post=108870"}],"curies":[{"name":"wp","href":"https:\/\/api.w.org\/{rel}","templated":true}]}}