{"id":108805,"date":"2020-04-08T10:33:06","date_gmt":"2020-04-08T08:33:06","guid":{"rendered":"https:\/\/www.boardlife.se\/?post_type=product&#038;p=108805"},"modified":"2026-02-08T20:33:30","modified_gmt":"2026-02-08T19:33:30","slug":"sweat-a-capuche-thrasher-bleu-marine","status":"publish","type":"product","link":"https:\/\/www.boardlife.se\/fr\/boutique\/vetements-de-rue\/pulls\/sweat-a-capuche-thrasher-bleu-marine\/","title":{"rendered":"Sweat \u00e0 capuche Thrasher Skate Mag bleu marine"},"content":{"rendered":"<p>Sweat \u00e0 capuche confortable et embl\u00e9matique de Thrasher Magazine.<\/p>","protected":false},"excerpt":{"rendered":"<p>Un sweat \u00e0 capuche embl\u00e9matique de Thrasher qui non seulement vous garde au chaud au parc, mais affirme aussi votre style de vie.<\/p>","protected":false},"featured_media":108807,"comment_status":"open","ping_status":"closed","template":"","meta":[],"product_brand":[2620],"product_cat":[1870],"product_tag":[],"class_list":{"0":"post-108805","1":"product","2":"type-product","3":"status-publish","4":"has-post-thumbnail","6":"product_brand-thrasher","7":"product_cat-trojor","8":"pa_manufacturer-thrasher","9":"pa_storlekar-l","10":"pa_storlekar-m","11":"pa_storlekar-s","12":"pa_storlekar-xl","14":"first","15":"instock","16":"sale","17":"taxable","18":"shipping-taxable","19":"purchasable","20":"product-type-variable","21":"has-default-attributes"},"composite_virtual":false,"composite_layout":"","composite_add_to_cart_form_location":"","composite_editable_in_cart":false,"composite_sold_individually_context":"","composite_shop_price_calc":"","composite_components":[],"composite_scenarios":[],"jetpack_sharing_enabled":true,"_links":{"self":[{"href":"https:\/\/www.boardlife.se\/fr\/wp-json\/wp\/v2\/product\/108805","targetHints":{"allow":["GET"]}}],"collection":[{"href":"https:\/\/www.boardlife.se\/fr\/wp-json\/wp\/v2\/product"}],"about":[{"href":"https:\/\/www.boardlife.se\/fr\/wp-json\/wp\/v2\/types\/product"}],"replies":[{"embeddable":true,"href":"https:\/\/www.boardlife.se\/fr\/wp-json\/wp\/v2\/comments?post=108805"}],"wp:featuredmedia":[{"embeddable":true,"href":"https:\/\/www.boardlife.se\/fr\/wp-json\/wp\/v2\/media\/108807"}],"wp:attachment":[{"href":"https:\/\/www.boardlife.se\/fr\/wp-json\/wp\/v2\/media?parent=108805"}],"wp:term":[{"taxonomy":"product_brand","embeddable":true,"href":"https:\/\/www.boardlife.se\/fr\/wp-json\/wp\/v2\/product_brand?post=108805"},{"taxonomy":"product_cat","embeddable":true,"href":"https:\/\/www.boardlife.se\/fr\/wp-json\/wp\/v2\/product_cat?post=108805"},{"taxonomy":"product_tag","embeddable":true,"href":"https:\/\/www.boardlife.se\/fr\/wp-json\/wp\/v2\/product_tag?post=108805"}],"curies":[{"name":"wp","href":"https:\/\/api.w.org\/{rel}","templated":true}]}}