{"id":48004,"date":"2017-08-08T19:12:13","date_gmt":"2017-08-08T17:12:13","guid":{"rendered":"http:\/\/www.boardlife.se\/?page_id=48004"},"modified":"2017-08-08T19:12:13","modified_gmt":"2017-08-08T17:12:13","slug":"pont","status":"publish","type":"page","link":"https:\/\/www.boardlife.se\/fr\/guides\/guide-de-skateboard\/pont\/","title":{"rendered":"Pont"},"content":{"rendered":"<p>[spb_row element_name=&#8221;Row&#8221; wrap_type=&#8221;content-width&#8221; parallax_image_height=&#8221;content-height&#8221; parallax_image_movement=&#8221;fixed&#8221; parallax_image_speed=&#8221;0.5&#8243; bg_video_loop=&#8221;yes&#8221; parallax_video_height=&#8221;window-height&#8221; parallax_video_overlay=&#8221;none&#8221; row_overlay_opacity=&#8221;0&#8243; row_col_pos=&#8221;default&#8221; width=&#8221;1\/1&#8243; el_position=&#8221;first last&#8221;] [spb_message color=&#8221;alert-info&#8221; width=&#8221;1\/1&#8243; el_position=&#8221;first last&#8221;]<\/p>\n<p>Le guide des decks\/planches est actuellement en cours de r\u00e9daction. Il sera bient\u00f4t compl\u00e9t\u00e9 par de nouvelles informations. Vous y trouverez peut-\u00eatre d\u00e9j\u00e0 des r\u00e9ponses \u00e0 vos questions ou pr\u00e9occupations.<\/p>\n<p>[\/spb_message] [spb_blank_spacer height=&#8221;30px&#8221; width=&#8221;1\/1&#8243; el_position=&#8221;first last&#8221;] [spb_column col_sm=&#8221;6&#8243; padding_horizontal=&#8221;0&#8243; width=&#8221;1\/2&#8243; el_position=&#8221;first&#8221;] [spb_text_block element_name=&#8221;Br\u00e4dans dimensioner&#8221; animation=&#8221;none&#8221; animation_delay=&#8221;0&#8243; simplified_controls=&#8221;no&#8221; custom_css_percentage=&#8221;no&#8221; padding_vertical=&#8221;0&#8243; padding_horizontal=&#8221;0&#8243; margin_vertical=&#8221;0&#8243; custom_css=&#8221;margin-bottom: 0px;&#8221; border_size=&#8221;0&#8243; border_styling_global=&#8221;default&#8221; width=&#8221;1\/1&#8243; el_position=&#8221;first last&#8221;]<\/p>\n<h2>Dimensions de la planche<\/h2>\n<div>Une planche se mesure de bien d&#039;autres mani\u00e8res que la largeur et la longueur. Pour un \u0153il non averti, la plupart des planches peuvent sembler tr\u00e8s similaires. Mais une fois que vous aurez commenc\u00e9 \u00e0 rider, vous r\u00e9aliserez que de petites diff\u00e9rences de dimensions et de construction peuvent faire toute la diff\u00e9rence.<\/div>\n<p>[\/spb_text_block] [\/spb_column] [spb_column col_sm=&#8221;6&#8243; col_animation=&#8221;none&#8221; col_animation_delay=&#8221;0&#8243; col_bg_type=&#8221;cover&#8221; col_parallax_image_movement=&#8221;fixed&#8221; col_parallax_image_speed=&#8221;0.5&#8243; col_padding=&#8221;0&#8243; col_vertical_offset=&#8221;40&#8243; col_horizontal_offset=&#8221;0&#8243; col_custom_zindex=&#8221;0&#8243; simplified_controls=&#8221;yes&#8221; custom_css_percentage=&#8221;no&#8221; padding_vertical=&#8221;400&#8243; padding_horizontal=&#8221;0&#8243; margin_vertical=&#8221;0&#8243; custom_css=&#8221;margin-top: 0px;margin-bottom: 0px;&#8221; border_styling_global=&#8221;default&#8221; width=&#8221;1\/2&#8243; el_position=&#8221;last&#8221;] [spb_image image=&#8221;48015&#8243; image_size=&#8221;full&#8221; frame=&#8221;noframe&#8221; caption_pos=&#8221;below&#8221; remove_rounded=&#8221;yes&#8221; fullwidth=&#8221;no&#8221; overflow_mode=&#8221;none&#8221; link_target=&#8221;_self&#8221; lightbox=&#8221;no&#8221; intro_animation=&#8221;none&#8221; animation_delay=&#8221;200&#8243; width=&#8221;1\/1&#8243; el_position=&#8221;first last&#8221;][\/spb_image] [\/spb_column] [spb_boxed_content title=&#8221;BRA ATT VETA&#8221; type=&#8221;whitestroke&#8221; custom_text_colour=&#8221;#4f4f4f&#8221; box_link_target=&#8221;_self&#8221; padding_vertical=&#8221;3&#8243; padding_horizontal=&#8221;3&#8243; width=&#8221;1\/1&#8243; el_position=&#8221;first last&#8221;]<\/p>\n<p>Les mesures ci-dessous sont donn\u00e9es \u00e0 titre indicatif. Elles sont \u00e9galement adapt\u00e9es \u00e0 une personne de taille normale. Si vous \u00eates plus petit ou plus grand que la moyenne, vous pouvez en tenir compte lors du choix de votre terrasse.<\/p>\n<p>[\/spb_boxed_content] [spb_blank_spacer height=&#8221;30px&#8221; width=&#8221;1\/1&#8243; el_position=&#8221;first last&#8221;] [spb_column col_sm=&#8221;6&#8243; padding_horizontal=&#8221;0&#8243; width=&#8221;1\/2&#8243; el_position=&#8221;first&#8221;] [\/spb_column] [spb_column col_sm=&#8221;6&#8243; col_animation=&#8221;none&#8221; col_animation_delay=&#8221;0&#8243; col_bg_type=&#8221;cover&#8221; col_parallax_image_movement=&#8221;fixed&#8221; col_parallax_image_speed=&#8221;0.5&#8243; col_padding=&#8221;0&#8243; col_vertical_offset=&#8221;40&#8243; col_horizontal_offset=&#8221;0&#8243; col_custom_zindex=&#8221;0&#8243; simplified_controls=&#8221;yes&#8221; custom_css_percentage=&#8221;no&#8221; padding_vertical=&#8221;400&#8243; padding_horizontal=&#8221;0&#8243; margin_vertical=&#8221;0&#8243; custom_css=&#8221;margin-top: 0px;margin-bottom: 0px;&#8221; border_styling_global=&#8221;default&#8221; width=&#8221;1\/2&#8243; el_position=&#8221;last&#8221;] [\/spb_column] [spb_text_block element_name=&#8221;Street Skate&#8221; animation=&#8221;none&#8221; animation_delay=&#8221;0&#8243; simplified_controls=&#8221;yes&#8221; custom_css_percentage=&#8221;no&#8221; padding_vertical=&#8221;0&#8243; padding_horizontal=&#8221;0&#8243; margin_vertical=&#8221;0&#8243; custom_css=&#8221;margin-top: 0px;margin-bottom: 0px;&#8221; border_size=&#8221;0&#8243; border_styling_global=&#8221;default&#8221; width=&#8221;1\/3&#8243; el_position=&#8221;first&#8221;]<\/p>\n<h1>7,5\u2033 \u2013 8,25\u2033<\/h1>\n<h3>PATINAGE DE RUE<\/h3>\n<p>Pour ceux qui se concentrent sur le street, il vous faut une planche agile. Le street, c&#039;est \u00eatre cr\u00e9atif et adapter son environnement pour cr\u00e9er un espace propice au skate et relever de nouveaux d\u00e9fis. Escaliers, rails et bien d&#039;autres obstacles fixes existent.<\/p>\n<p>Cela signifie qu&#039;il est pr\u00e9f\u00e9rable d&#039;opter pour une planche l\u00e9g\u00e8re, ni trop lourde ni trop grande pour pivoter ou faire des flips. D&#039;autant plus que les marges de man\u0153uvre sont g\u00e9n\u00e9ralement r\u00e9duites pour r\u00e9aliser un maximum de tricks serr\u00e9s. Une planche entre 7,5 et 8,25 pouces est plus adapt\u00e9e aux planches de street.<\/p>\n<p>[\/spb_text_block] [spb_text_block element_name=&#8221;Allround skate&#8221; animation=&#8221;none&#8221; animation_delay=&#8221;0&#8243; simplified_controls=&#8221;yes&#8221; custom_css_percentage=&#8221;no&#8221; padding_vertical=&#8221;0&#8243; padding_horizontal=&#8221;0&#8243; margin_vertical=&#8221;0&#8243; custom_css=&#8221;margin-top: 0px;margin-bottom: 0px;&#8221; border_size=&#8221;0&#8243; border_styling_global=&#8221;default&#8221; width=&#8221;1\/3&#8243;]<\/p>\n<h1 style=\"text-align: left;\">8,0\u2033 \u2013 8,38\u2033<\/h1>\n<h3 style=\"text-align: left;\">PATINAGE POLYVALENT<\/h3>\n<p>Bien s\u00fbr, il est possible de pratiquer les deux types de ski avec tous les types de planches, mais la difficult\u00e9 varie. Si vous savez que vous ne pratiquerez qu&#039;un seul type de ski, vous pouvez vous concentrer sur les recommandations.<\/p>\n<p>Pour ceux qui souhaitent pratiquer le ski mixte mais n&#039;ont pas beaucoup d&#039;exp\u00e9rience, une planche interm\u00e9diaire est probablement pr\u00e9f\u00e9rable, soit entre 20,3 cm et 21,2 cm. Si vous avez des pieds larges ou \u00eates grand, vous pouvez opter pour la partie sup\u00e9rieure de la plage, et inversement si vous \u00eates petit.<\/p>\n<p>[\/spb_text_block] [spb_text_block element_name=&#8221;Transition skate&#8221; animation=&#8221;none&#8221; animation_delay=&#8221;0&#8243; simplified_controls=&#8221;yes&#8221; custom_css_percentage=&#8221;no&#8221; padding_vertical=&#8221;0&#8243; padding_horizontal=&#8221;0&#8243; margin_vertical=&#8221;0&#8243; custom_css=&#8221;margin-top: 0px;margin-bottom: 0px;&#8221; border_size=&#8221;0&#8243; border_styling_global=&#8221;default&#8221; width=&#8221;1\/3&#8243; el_position=&#8221;last&#8221;]<\/p>\n<h1>+8.38&#8243;<\/h1>\n<h3>PATINAGE DE TRANSITION<\/h3>\n<p>Le patinage de transition est un terme g\u00e9n\u00e9rique d\u00e9signant le type de patinage qui implique g\u00e9n\u00e9ralement le patinage vertical. Il peut s&#039;agir de murs, de rampes, de piscines, de bowls et de skateparks o\u00f9 l&#039;on s&#039;efforce d&#039;\u00eatre \u00e0 un angle de 90\u00b0 par rapport au sol ou plus. La plupart des skateparks offrent d&#039;excellentes possibilit\u00e9s de patinage de transition.<\/p>\n<p>Ce type de skate implique g\u00e9n\u00e9ralement des vitesses plus \u00e9lev\u00e9es que le street\u00a0; il est donc plus facile d&#039;utiliser une planche plus large et plus stable. Cela permet de garder les pieds sur la planche plus facilement. Pour ceux qui pratiquent principalement ce type de skate, une planche de 8,38 pouces est pr\u00e9f\u00e9rable.<\/p>\n<p>[\/spb_text_block] [spb_blank_spacer height=&#8221;30px&#8221; width=&#8221;1\/1&#8243; el_position=&#8221;first last&#8221;] [\/spb_row]<\/p>","protected":false},"excerpt":{"rendered":"<p>[spb_row element_name=&#8221;Row&#8221; wrap_type=&#8221;content-width&#8221; parallax_image_height=&#8221;content-height&#8221; parallax_image_movement=&#8221;fixed&#8221; parallax_image_speed=&#8221;0.5&#8243; bg_video_loop=&#8221;yes&#8221; parallax_video_height=&#8221;window-height&#8221; parallax_video_overlay=&#8221;none&#8221; row_overlay_opacity=&#8221;0&#8243; row_col_pos=&#8221;default&#8221; width=&#8221;1\/1&#8243; el_position=&#8221;first last&#8221;] [spb_message color=&#8221;alert-info&#8221; width=&#8221;1\/1&#8243; el_position=&#8221;first last&#8221;] Just nu \u00e4r deck\/br\u00e4dguiden under uppbyggnad. Den kommer snart att kompletteras med mer info. Men kanske hittar du n\u00e5gra svar p\u00e5 dina fr\u00e5gor eller funderingar redan nu. [\/spb_message] [spb_blank_spacer height=&#8221;30px&#8221; width=&#8221;1\/1&#8243; el_position=&#8221;first last&#8221;] [spb_column col_sm=&#8221;6&#8243; padding_horizontal=&#8221;0&#8243; width=&#8221;1\/2&#8243; el_position=&#8221;first&#8221;] [spb_text_block element_name=&#8221;Br\u00e4dans dimensioner&#8221; [&hellip;]<\/p>","protected":false},"author":2,"featured_media":0,"parent":47785,"menu_order":0,"comment_status":"closed","ping_status":"closed","template":"","meta":{"footnotes":""},"yst_prominent_words":[],"class_list":["post-48004","page","type-page","status-publish","hentry"],"jetpack_sharing_enabled":true,"_links":{"self":[{"href":"https:\/\/www.boardlife.se\/fr\/wp-json\/wp\/v2\/pages\/48004","targetHints":{"allow":["GET"]}}],"collection":[{"href":"https:\/\/www.boardlife.se\/fr\/wp-json\/wp\/v2\/pages"}],"about":[{"href":"https:\/\/www.boardlife.se\/fr\/wp-json\/wp\/v2\/types\/page"}],"author":[{"embeddable":true,"href":"https:\/\/www.boardlife.se\/fr\/wp-json\/wp\/v2\/users\/2"}],"replies":[{"embeddable":true,"href":"https:\/\/www.boardlife.se\/fr\/wp-json\/wp\/v2\/comments?post=48004"}],"version-history":[{"count":0,"href":"https:\/\/www.boardlife.se\/fr\/wp-json\/wp\/v2\/pages\/48004\/revisions"}],"up":[{"embeddable":true,"href":"https:\/\/www.boardlife.se\/fr\/wp-json\/wp\/v2\/pages\/47785"}],"wp:attachment":[{"href":"https:\/\/www.boardlife.se\/fr\/wp-json\/wp\/v2\/media?parent=48004"}],"wp:term":[{"taxonomy":"yst_prominent_words","embeddable":true,"href":"https:\/\/www.boardlife.se\/fr\/wp-json\/wp\/v2\/yst_prominent_words?post=48004"}],"curies":[{"name":"wp","href":"https:\/\/api.w.org\/{rel}","templated":true}]}}