{"id":118,"date":"2013-04-11T12:42:56","date_gmt":"2013-04-11T10:42:56","guid":{"rendered":"http:\/\/boardlife.se\/?page_id=118"},"modified":"2025-10-14T15:10:15","modified_gmt":"2025-10-14T13:10:15","slug":"chariot","status":"publish","type":"page","link":"https:\/\/www.boardlife.se\/fr\/chariot\/","title":{"rendered":"Panier"},"content":{"rendered":"<p>[spb_column col_animation=&#8221;pulse&#8221; col_animation_delay=&#8221;20&#8243; col_bg_color=&#8221;#e4edea&#8221; col_bg_type=&#8221;cover&#8221; col_parallax_image_movement=&#8221;fixed&#8221; col_parallax_image_speed=&#8221;0.5&#8243; col_padding=&#8221;0&#8243; col_vertical_offset=&#8221;0&#8243; col_horizontal_offset=&#8221;0&#8243; col_custom_zindex=&#8221;0&#8243; col_sm=&#8221;12&#8243; simplified_controls=&#8221;yes&#8221; custom_css_percentage=&#8221;no&#8221; padding_vertical=&#8221;0&#8243; padding_horizontal=&#8221;0&#8243; margin_vertical=&#8221;0&#8243; custom_css=&#8221;margin-top: 0px;margin-bottom: 0px;&#8221; border_color_global=&#8221;#b6d1c8&#8243; border_styling_global=&#8221;dotted&#8221; width=&#8221;1\/1&#8243; el_position=&#8221;first last&#8221;] [spb_text_block element_name=&#8221;Correct currency message&#8221; title=&#8221;Correct currency?&#8221; icon=&#8221;fas fa-money-bill-wave&#8221; animation=&#8221;shake&#8221; animation_delay=&#8221;20&#8243; simplified_controls=&#8221;yes&#8221; custom_css_percentage=&#8221;no&#8221; padding_vertical=&#8221;32&#8243; padding_horizontal=&#8221;38&#8243; margin_vertical=&#8221;0&#8243; custom_css=&#8221;margin-top: 0px;margin-bottom: 0px;border-top: 3px undefined ;border-left: 3px undefined ;border-right: 3px undefined ;border-bottom: 3px undefined ;padding-top: 32px;padding-left: 38px;padding-right: 38px;padding-bottom: 32px;&#8221; border_size=&#8221;3&#8243; border_styling_global=&#8221;default&#8221; width=&#8221;2\/3&#8243; el_position=&#8221;first&#8221;]<\/p>\n<p>Notre site d\u00e9tecte automatiquement votre pays afin de s\u00e9lectionner la devise, le paiement et les solutions de livraison appropri\u00e9s. Ceci permet d&#039;appliquer les taxes et les frais de livraison appropri\u00e9s.<\/p>\n<p><span style=\"text-decoration: underline;\">Veuillez noter que vous devez voir tous les prix dans votre devise avant de traiter une commande.<\/span> Passer une commande avec une devise incorrecte entra\u00eenera son annulation et le remboursement de votre paiement (ce qui peut prendre 1 \u00e0 2 jours ouvr\u00e9s). Assurez-vous de ne pas utiliser de VPN ou autre.<\/p>\n        <div id=\"woocommerce-multi-currency-1\"\r\n             class=\"woocommerce-multi-currency wmc-shortcode plain-horizontal\" data-layout=\"plain_horizontal\">\r\n            <input type=\"hidden\" class=\"wmc-current-url\" value=\"\/fr\/wp-json\/wp\/v2\/pages\/118\">\r\n\t\t\t                <div class=\"wmc-currency wmc-active\">\r\n\t\t\t\t\t                    <a rel=\"nofollow\" class=\"wmc-currency-redirect\" href=\"\/fr\/wp-json\/wp\/v2\/pages\/118?wmc-currency=SEK\"\r\n                       data-currency=\"SEK\">\r\n\t\t\t\t\t\tSEK                    <\/a>\r\n                <\/div>\r\n\t\t\t\t                <div class=\"wmc-currency\">\r\n\t\t\t\t\t                    <a rel=\"nofollow\" class=\"wmc-currency-redirect\" href=\"\/fr\/wp-json\/wp\/v2\/pages\/118?wmc-currency=NOK\"\r\n                       data-currency=\"NOK\">\r\n\t\t\t\t\t\tNOK                    <\/a>\r\n                <\/div>\r\n\t\t\t\t                <div class=\"wmc-currency\">\r\n\t\t\t\t\t                    <a rel=\"nofollow\" class=\"wmc-currency-redirect\" href=\"\/fr\/wp-json\/wp\/v2\/pages\/118?wmc-currency=USD\"\r\n                       data-currency=\"USD\">\r\n\t\t\t\t\t\tdollars am\u00e9ricains                    <\/a>\r\n                <\/div>\r\n\t\t\t\t                <div class=\"wmc-currency\">\r\n\t\t\t\t\t                    <a rel=\"nofollow\" class=\"wmc-currency-redirect\" href=\"\/fr\/wp-json\/wp\/v2\/pages\/118?wmc-currency=DKK\"\r\n                       data-currency=\"DKK\">\r\n\t\t\t\t\t\tcouronnes danoises                    <\/a>\r\n                <\/div>\r\n\t\t\t\t                <div class=\"wmc-currency\">\r\n\t\t\t\t\t                    <a rel=\"nofollow\" class=\"wmc-currency-redirect\" href=\"\/fr\/wp-json\/wp\/v2\/pages\/118?wmc-currency=EUR\"\r\n                       data-currency=\"EUR\">\r\n\t\t\t\t\t\tEUR                    <\/a>\r\n                <\/div>\r\n\t\t\t\t        <\/div>\r\n\t\t\n<p>[\/spb_text_block] [spb_text_block element_name=&#8221;Country support&#8221; title=&#8221;Shipping destinations&#8221; animation=&#8221;none&#8221; animation_delay=&#8221;0&#8243; simplified_controls=&#8221;yes&#8221; custom_css_percentage=&#8221;no&#8221; padding_vertical=&#8221;32&#8243; padding_horizontal=&#8221;38&#8243; margin_vertical=&#8221;0&#8243; custom_css=&#8221;margin-top: 0px;margin-bottom: 0px;border-top: 3px ;border-left: 3px ;border-right: 3px ;border-bottom: 3px ;padding-top: 32px;padding-left: 38px;padding-right: 38px;padding-bottom: 32px;&#8221; border_size=&#8221;3&#8243; border_styling_global=&#8221;default&#8221; width=&#8221;1\/3&#8243; el_position=&#8221;last&#8221;]<\/p>\n<p>Pour le moment, nous pouvons proposer la livraison \u00e0 <strong>Norv\u00e8ge<\/strong> et tous les pays de l\u2019UE ; <strong>Autriche, Belgique, Bulgarie, Croatie, R\u00e9publique de Chypre, R\u00e9publique tch\u00e8que, Danemark, Estonie, Finlande, France, Allemagne, Gr\u00e8ce, Hongrie, Irlande, Italie, Lettonie, Lituanie, Luxembourg, Malte, Pays-Bas, Pologne, Portugal, Roumanie, Slovaquie, Slov\u00e9nie <\/strong>canard<strong> Espagne<\/strong>.<\/p>\n<p>[\/spb_text_block] [\/spb_column] [spb_text_block animation=&#8221;none&#8221; animation_delay=&#8221;0&#8243; simplified_controls=&#8221;yes&#8221; custom_css_percentage=&#8221;no&#8221; padding_vertical=&#8221;0&#8243; padding_horizontal=&#8221;0&#8243; margin_vertical=&#8221;0&#8243; custom_css=&#8221;margin-top: 0px;margin-bottom: 0px;&#8221; border_size=&#8221;0&#8243; border_styling_global=&#8221;default&#8221; width=&#8221;1\/1&#8243; el_position=&#8221;first last&#8221;]<\/p>\n\n<p>[\/spb_text_block] [spb_image image=&#8221;49178&#8243; image_size=&#8221;full&#8221; frame=&#8221;noframe&#8221; caption_pos=&#8221;hover&#8221; remove_rounded=&#8221;yes&#8221; fullwidth=&#8221;no&#8221; overflow_mode=&#8221;none&#8221; image_link=&#8221;https:\/\/www.boardlife.se\/vanliga-fragor-och-svar\/spara-paket\/&#8221; link_target=&#8221;_self&#8221; lightbox=&#8221;no&#8221; intro_animation=&#8221;none&#8221; animation_delay=&#8221;200&#8243; width=&#8221;1\/2&#8243; el_position=&#8221;first last&#8221;][\/spb_image] [spb_text_block animation=&#8221;none&#8221; animation_delay=&#8221;0&#8243; simplified_controls=&#8221;yes&#8221; custom_css_percentage=&#8221;no&#8221; padding_vertical=&#8221;0&#8243; padding_horizontal=&#8221;0&#8243; margin_vertical=&#8221;0&#8243; custom_css=&#8221;margin-top: 0px;margin-bottom: 0px;&#8221; border_size=&#8221;0&#8243; border_styling_global=&#8221;default&#8221; width=&#8221;1\/1&#8243; el_position=&#8221;first last&#8221;]<\/p>\n<h3>Voix de la foule<\/h3>\n<div class=\"wpbr-wrap\">\n\t<div id=\"wpbr-collection-wrap-170232143\" class=\"wpbr-collection-wrap js-wpbr-collection-wrap\" data-wpbr-collection-id=\"170232143\">\n\t<\/div>\n<\/div>\n<script>window.wpbrCollection170232143={\"settings\":{\"blank_reviews\":\"enabled\",\"format\":\"review_carousel\",\"line_breaks\":\"disabled\",\"max_characters\":180,\"max_columns\":0,\"max_reviews\":16,\"min_rating\":100,\"order\":\"desc\",\"orderby\":\"review_date\",\"post_parent\":0,\"review_components\":{\"reviewer_image\":\"enabled\",\"reviewer_name\":\"enabled\",\"rating\":\"enabled\",\"recommendation\":\"enabled\",\"timestamp\":\"enabled\",\"platform_icon\":\"enabled\",\"content\":\"enabled\"},\"review_tags\":[\"2121\"],\"review_type\":\"all\",\"slides_per_view\":4,\"style\":\"transparent\"},\"reviews\":[{\"platform\":\"custom\",\"review_source_id\":\"\",\"components\":{\"content\":\"Thanks Boardlife \\ud83d\\udcaa\\ud83c\\udffb\",\"formatted_date\":\"6 avril, 2022\",\"rating\":\"positive\",\"review_url\":null,\"review_source_name\":null,\"review_source_url\":null,\"reviewer_image\":null,\"reviewer_image_custom\":\"https:\\\/\\\/www.boardlife.se\\\/wp-content\\\/uploads\\\/2021\\\/07\\\/avatar-comments-bg.png\",\"reviewer_name\":\"S\\u00f8ren H.\",\"timestamp\":\"2022-04-06 05:51:19\"},\"post_id\":160363},{\"platform\":\"custom\",\"review_source_id\":\"\",\"components\":{\"content\":\"jag tacka f\\u00f6r v\\u00e4ldigt bra service\",\"formatted_date\":\"31 mars, 2022\",\"rating\":\"positive\",\"review_url\":null,\"review_source_name\":null,\"review_source_url\":null,\"reviewer_image\":null,\"reviewer_image_custom\":\"https:\\\/\\\/www.boardlife.se\\\/wp-content\\\/uploads\\\/2021\\\/07\\\/avatar-comments-bg.png\",\"reviewer_name\":\"Niklas M.\",\"timestamp\":\"2022-03-31 05:48:40\"},\"post_id\":160049},{\"platform\":\"custom\",\"review_source_id\":\"\",\"components\":{\"content\":\"I'm glad, and Thanks for the stickers and the bag\",\"formatted_date\":\"23 mars, 2022\",\"rating\":\"positive\",\"review_url\":null,\"review_source_name\":null,\"review_source_url\":null,\"reviewer_image\":null,\"reviewer_image_custom\":\"https:\\\/\\\/www.boardlife.se\\\/wp-content\\\/uploads\\\/2021\\\/07\\\/avatar-comments-bg.png\",\"reviewer_name\":\"Fernando L.\",\"timestamp\":\"2022-03-23 07:05:50\"},\"post_id\":159513},{\"platform\":\"custom\",\"review_source_id\":\"\",\"components\":{\"content\":\"Jag jobbar som konsult med kommersiella strategier och marknadsf\\u00f6ring och m\\u00e5ste s\\u00e4ga att jag \\u00e4r golvad (positivt!) av din service. Tack!\",\"formatted_date\":\"22 mars, 2022\",\"rating\":\"positive\",\"review_url\":null,\"review_source_name\":null,\"review_source_url\":null,\"reviewer_image\":null,\"reviewer_image_custom\":\"https:\\\/\\\/www.boardlife.se\\\/wp-content\\\/uploads\\\/2021\\\/07\\\/avatar-comments-bg.png\",\"reviewer_name\":\"Helena N.\",\"timestamp\":\"2022-03-22 07:11:01\"},\"post_id\":159516},{\"platform\":\"custom\",\"review_source_id\":\"\",\"components\":{\"content\":\"Stort tack f\\u00f6r all hj\\u00e4lp och f\\u00f6r den l\\u00e5nga mail kontakten vi haft! Kommer rekommendera alla v\\u00e4nner mm att handla av er i framtiden.\",\"formatted_date\":\"22 mars, 2022\",\"rating\":\"positive\",\"review_url\":null,\"review_source_name\":null,\"review_source_url\":null,\"reviewer_image\":null,\"reviewer_image_custom\":\"https:\\\/\\\/www.boardlife.se\\\/wp-content\\\/uploads\\\/2021\\\/07\\\/avatar-comments-bg.png\",\"reviewer_name\":\"Carlos V.\",\"timestamp\":\"2022-03-22 07:07:54\"},\"post_id\":159514},{\"platform\":\"custom\",\"review_source_id\":\"\",\"components\":{\"content\":\"Supern\\u00f6jd med all hj\\u00e4lp och service!\\nTusen tack.\",\"formatted_date\":\"10 f\\u00e9vrier, 2022\",\"rating\":\"positive\",\"review_url\":null,\"review_source_name\":null,\"review_source_url\":null,\"reviewer_image\":null,\"reviewer_image_custom\":\"https:\\\/\\\/www.boardlife.se\\\/wp-content\\\/uploads\\\/2021\\\/07\\\/avatar-comments-bg.png\",\"reviewer_name\":\"Rasmus N.\",\"timestamp\":\"2022-02-10 06:56:38\"},\"post_id\":157426},{\"platform\":\"custom\",\"review_source_id\":\"\",\"components\":{\"content\":\"I just bought Elwing Nimbus from you and Im happy with it. The guy in the store is really helpful and nice, he helped me reach the decision of buying and provided great customer service in the two days I visited.\\nThank you so much\",\"formatted_date\":\"19 juillet, 2021\",\"rating\":\"positive\",\"review_url\":null,\"review_source_name\":null,\"review_source_url\":null,\"reviewer_image\":null,\"reviewer_image_custom\":\"https:\\\/\\\/www.boardlife.se\\\/wp-content\\\/uploads\\\/2021\\\/07\\\/avatar-comments-bg.png\",\"reviewer_name\":\"Anas M.\",\"timestamp\":\"2021-07-19 07:38:06\"},\"post_id\":144337},{\"platform\":\"custom\",\"review_source_id\":\"\",\"components\":{\"content\":\"Tusen tack f\\u00f6r toppenservice!\",\"formatted_date\":\"15 juin, 2021\",\"rating\":\"positive\",\"review_url\":null,\"review_source_name\":null,\"review_source_url\":null,\"reviewer_image\":null,\"reviewer_image_custom\":\"https:\\\/\\\/www.boardlife.se\\\/wp-content\\\/uploads\\\/2021\\\/07\\\/avatar-comments-bg.png\",\"reviewer_name\":\"Linda K.\",\"timestamp\":\"2021-06-15 08:28:40\"},\"post_id\":142933},{\"platform\":\"custom\",\"review_source_id\":\"\",\"components\":{\"content\":\"F\\u00f6r drygt ett \\u00e5r sen s\\u00e5 k\\u00f6pte jag en Evolve longboard av er. Mitt bem\\u00f6tande \\u00f6ver n\\u00e4tet var sm\\u00e5tt irriterande och oroligt. Men ni visade t\\u00e5lamod, och stor vilja att hj\\u00e4lpa era kunder! D\\u00e4rf\\u00f6r vill jag skicka ett stort tack till er alla p\\u00e5 Boardlife! Br\\u00e4dan jag har k\\u00f6pt har hj\\u00e4lpt mig l\\u00e5ngt bland Norrbottens tuffa v\\u00e4gar, och kommer nog hj\\u00e4lpa mig \\u00e4ven l\\u00e4ngre. Tack igen.\",\"formatted_date\":\"3 juin, 2021\",\"rating\":\"positive\",\"review_url\":null,\"review_source_name\":null,\"review_source_url\":null,\"reviewer_image\":null,\"reviewer_image_custom\":\"https:\\\/\\\/www.boardlife.se\\\/wp-content\\\/uploads\\\/2021\\\/07\\\/avatar-comments-bg.png\",\"reviewer_name\":\"Frank S.\",\"timestamp\":\"2021-06-03 08:47:06\"},\"post_id\":142294},{\"platform\":\"custom\",\"review_source_id\":\"\",\"components\":{\"content\":\"Tusen tack f\\u00f6r er hj\\u00e4lp! Snabb och trevlig service, tack :)\",\"formatted_date\":\"17 mai, 2021\",\"rating\":\"positive\",\"review_url\":null,\"review_source_name\":null,\"review_source_url\":null,\"reviewer_image\":null,\"reviewer_image_custom\":\"https:\\\/\\\/www.boardlife.se\\\/wp-content\\\/uploads\\\/2021\\\/07\\\/avatar-comments-bg.png\",\"reviewer_name\":\"Felix M.\",\"timestamp\":\"2021-05-17 08:47:44\"},\"post_id\":141287},{\"platform\":\"custom\",\"review_source_id\":\"\",\"components\":{\"content\":\"Tack f\\u00f6r hj\\u00e4lpen!\",\"formatted_date\":\"3 mai, 2021\",\"rating\":\"positive\",\"review_url\":null,\"review_source_name\":null,\"review_source_url\":null,\"reviewer_image\":null,\"reviewer_image_custom\":\"https:\\\/\\\/www.boardlife.se\\\/wp-content\\\/uploads\\\/2021\\\/07\\\/avatar-comments-bg.png\",\"reviewer_name\":\"Peter A.\",\"timestamp\":\"2021-05-03 08:48:05\"},\"post_id\":140599},{\"platform\":\"custom\",\"review_source_id\":\"\",\"components\":{\"content\":\"Tack f\\u00f6r grym kundservice!\",\"formatted_date\":\"20 avril, 2021\",\"rating\":\"positive\",\"review_url\":null,\"review_source_name\":null,\"review_source_url\":null,\"reviewer_image\":null,\"reviewer_image_custom\":\"https:\\\/\\\/www.boardlife.se\\\/wp-content\\\/uploads\\\/2021\\\/07\\\/avatar-comments-bg.png\",\"reviewer_name\":\"Jonathan M.\",\"timestamp\":\"2021-04-20 08:48:17\"},\"post_id\":138559},{\"platform\":\"custom\",\"review_source_id\":\"\",\"components\":{\"content\":\"Som alltid, kanon service!\",\"formatted_date\":\"15 avril, 2021\",\"rating\":\"positive\",\"review_url\":null,\"review_source_name\":null,\"review_source_url\":null,\"reviewer_image\":null,\"reviewer_image_custom\":\"https:\\\/\\\/www.boardlife.se\\\/wp-content\\\/uploads\\\/2021\\\/07\\\/avatar-comments-bg.png\",\"reviewer_name\":\"Mikael L.\",\"timestamp\":\"2021-04-15 08:48:29\"},\"post_id\":137370},{\"platform\":\"custom\",\"review_source_id\":\"\",\"components\":{\"content\":\"J\\u00e4tten\\u00f6jd med min carver k\\u00e4nns precis som min quad v\\u00e5g vindsurfingbr\\u00e4da. Superperfekt i size ocks\\u00e5. J\\u00e4ttestort tack f\\u00f6r snabb leverans och trevligt samtal!\",\"formatted_date\":\"6 mars, 2021\",\"rating\":\"positive\",\"review_url\":null,\"review_source_name\":null,\"review_source_url\":null,\"reviewer_image\":null,\"reviewer_image_custom\":\"https:\\\/\\\/www.boardlife.se\\\/wp-content\\\/uploads\\\/2021\\\/07\\\/avatar-comments-bg.png\",\"reviewer_name\":\"Anders W.\",\"timestamp\":\"2021-03-06 08:48:37\"},\"post_id\":135259},{\"platform\":\"custom\",\"review_source_id\":\"\",\"components\":{\"content\":\"Tusen tack f\\u00f6r hj\\u00e4lpen\",\"formatted_date\":\"31 janvier, 2021\",\"rating\":\"positive\",\"review_url\":null,\"review_source_name\":null,\"review_source_url\":null,\"reviewer_image\":null,\"reviewer_image_custom\":\"https:\\\/\\\/www.boardlife.se\\\/wp-content\\\/uploads\\\/2021\\\/07\\\/avatar-comments-bg.png\",\"reviewer_name\":\"Gunilla L.\",\"timestamp\":\"2021-01-31 08:48:55\"},\"post_id\":133089},{\"platform\":\"custom\",\"review_source_id\":\"\",\"components\":{\"content\":\"Guys you are too awesome!!!\\ud83d\\udd25\\ud83d\\udd25\\ud83d\\udd25\",\"formatted_date\":\"30 janvier, 2021\",\"rating\":\"positive\",\"review_url\":null,\"review_source_name\":null,\"review_source_url\":null,\"reviewer_image\":null,\"reviewer_image_custom\":\"https:\\\/\\\/www.boardlife.se\\\/wp-content\\\/uploads\\\/2021\\\/07\\\/avatar-comments-bg.png\",\"reviewer_name\":\"David P.\",\"timestamp\":\"2021-01-30 08:49:09\"},\"post_id\":133064}],\"review_sources\":[]}<\/script>\n\n<p>[\/spb_text_block]<\/p>","protected":false},"excerpt":{"rendered":"<p>[spb_column col_animation=&#8221;pulse&#8221; col_animation_delay=&#8221;20&#8243; col_bg_color=&#8221;#e4edea&#8221; col_bg_type=&#8221;cover&#8221; col_parallax_image_movement=&#8221;fixed&#8221; col_parallax_image_speed=&#8221;0.5&#8243; col_padding=&#8221;0&#8243; col_vertical_offset=&#8221;0&#8243; col_horizontal_offset=&#8221;0&#8243; col_custom_zindex=&#8221;0&#8243; col_sm=&#8221;12&#8243; simplified_controls=&#8221;yes&#8221; custom_css_percentage=&#8221;no&#8221; padding_vertical=&#8221;0&#8243; padding_horizontal=&#8221;0&#8243; margin_vertical=&#8221;0&#8243; custom_css=&#8221;margin-top: 0px;margin-bottom: 0px;&#8221; border_color_global=&#8221;#b6d1c8&#8243; border_styling_global=&#8221;dotted&#8221; width=&#8221;1\/1&#8243; el_position=&#8221;first last&#8221;] [spb_text_block element_name=&#8221;Correct currency message&#8221; title=&#8221;Correct currency?&#8221; icon=&#8221;fas fa-money-bill-wave&#8221; animation=&#8221;shake&#8221; animation_delay=&#8221;20&#8243; simplified_controls=&#8221;yes&#8221; custom_css_percentage=&#8221;no&#8221; padding_vertical=&#8221;32&#8243; padding_horizontal=&#8221;38&#8243; margin_vertical=&#8221;0&#8243; custom_css=&#8221;margin-top: 0px;margin-bottom: 0px;border-top: 3px undefined ;border-left: 3px undefined ;border-right: 3px undefined ;border-bottom: 3px undefined ;padding-top: 32px;padding-left: 38px;padding-right: 38px;padding-bottom: 32px;&#8221; border_size=&#8221;3&#8243; [&hellip;]<\/p>","protected":false},"author":3,"featured_media":0,"parent":0,"menu_order":0,"comment_status":"closed","ping_status":"closed","template":"","meta":{"footnotes":""},"yst_prominent_words":[],"class_list":["post-118","page","type-page","status-publish","hentry"],"jetpack_sharing_enabled":true,"_links":{"self":[{"href":"https:\/\/www.boardlife.se\/fr\/wp-json\/wp\/v2\/pages\/118","targetHints":{"allow":["GET"]}}],"collection":[{"href":"https:\/\/www.boardlife.se\/fr\/wp-json\/wp\/v2\/pages"}],"about":[{"href":"https:\/\/www.boardlife.se\/fr\/wp-json\/wp\/v2\/types\/page"}],"author":[{"embeddable":true,"href":"https:\/\/www.boardlife.se\/fr\/wp-json\/wp\/v2\/users\/3"}],"replies":[{"embeddable":true,"href":"https:\/\/www.boardlife.se\/fr\/wp-json\/wp\/v2\/comments?post=118"}],"version-history":[{"count":3,"href":"https:\/\/www.boardlife.se\/fr\/wp-json\/wp\/v2\/pages\/118\/revisions"}],"predecessor-version":[{"id":281860,"href":"https:\/\/www.boardlife.se\/fr\/wp-json\/wp\/v2\/pages\/118\/revisions\/281860"}],"wp:attachment":[{"href":"https:\/\/www.boardlife.se\/fr\/wp-json\/wp\/v2\/media?parent=118"}],"wp:term":[{"taxonomy":"yst_prominent_words","embeddable":true,"href":"https:\/\/www.boardlife.se\/fr\/wp-json\/wp\/v2\/yst_prominent_words?post=118"}],"curies":[{"name":"wp","href":"https:\/\/api.w.org\/{rel}","templated":true}]}}